{"id":4229,"date":"2026-04-23T16:17:08","date_gmt":"2026-04-23T08:17:08","guid":{"rendered":"https:\/\/starfarmtech.com\/?post_type=product&#038;p=4229"},"modified":"2026-04-23T16:19:18","modified_gmt":"2026-04-23T08:19:18","slug":"robotic-fruit-tree-sprayer","status":"publish","type":"product","link":"https:\/\/starfarmtech.com\/fr\/product\/robotic-fruit-tree-sprayer\/","title":{"rendered":"Pulv\u00e9risateur robotis\u00e9 pour arbres fruitiers avec pression et d\u00e9bit r\u00e9glables"},"content":{"rendered":"<p data-start=\"71\" data-end=\"447\"><img fetchpriority=\"high\" decoding=\"async\" class=\"alignnone wp-image-3827\" src=\"https:\/\/starfarmtech.com\/wp-content\/uploads\/2026\/04\/imgi_109_H68523f33c7f6403790a7848df0467689U.webp\" alt=\"robot de pulv\u00e9risation\" width=\"800\" height=\"2156\" srcset=\"https:\/\/starfarmtech.com\/wp-content\/uploads\/2026\/04\/imgi_109_H68523f33c7f6403790a7848df0467689U.webp 750w, https:\/\/starfarmtech.com\/wp-content\/uploads\/2026\/04\/imgi_109_H68523f33c7f6403790a7848df0467689U-111x300.webp 111w, https:\/\/starfarmtech.com\/wp-content\/uploads\/2026\/04\/imgi_109_H68523f33c7f6403790a7848df0467689U-380x1024.webp 380w, https:\/\/starfarmtech.com\/wp-content\/uploads\/2026\/04\/imgi_109_H68523f33c7f6403790a7848df0467689U-570x1536.webp 570w, https:\/\/starfarmtech.com\/wp-content\/uploads\/2026\/04\/imgi_109_H68523f33c7f6403790a7848df0467689U-4x12.webp 4w, https:\/\/starfarmtech.com\/wp-content\/uploads\/2026\/04\/imgi_109_H68523f33c7f6403790a7848df0467689U-600x1617.webp 600w\" sizes=\"(max-width: 800px) 100vw, 800px\" \/><\/p>\n<p data-start=\"71\" data-end=\"447\">Le robot de pulv\u00e9risation est une solution avanc\u00e9e de pulv\u00e9risation automatis\u00e9e con\u00e7ue pour l'agriculture moderne, l'agriculture en serre et la gestion des cultures de pr\u00e9cision. \u00c9quip\u00e9 d'un r\u00e9seau de buses \u00e0 angles multiples et d'un syst\u00e8me de contr\u00f4le intelligent, ce robot de pulv\u00e9risation agricole assure une pulv\u00e9risation uniforme et efficace, ce qui am\u00e9liore consid\u00e9rablement l'utilisation des pesticides et l'efficacit\u00e9 de la protection des cultures.<\/p>\n<p data-start=\"449\" data-end=\"627\">Con\u00e7u pour r\u00e9duire l'intensit\u00e9 du travail et am\u00e9liorer la pr\u00e9cision des op\u00e9rations, le robot de pulv\u00e9risation est id\u00e9al pour l'agriculture \u00e0 grande \u00e9chelle, la culture en serre et les applications d'agriculture intelligente.<\/p>\n<h2 data-section-id=\"9hcgx9\" data-start=\"634\" data-end=\"668\">Technologie de pulv\u00e9risation intelligente<\/h2>\n<p data-start=\"670\" data-end=\"765\">Le robot de pulv\u00e9risation est dot\u00e9 d'un syst\u00e8me de buses \u00e0 angles multiples qui assure une couverture compl\u00e8te des cultures :<\/p>\n<ul data-start=\"767\" data-end=\"978\">\n<li data-section-id=\"1224lbp\" data-start=\"767\" data-end=\"816\">Angles de pulv\u00e9risation r\u00e9glables pour un ciblage pr\u00e9cis<\/li>\n<li data-section-id=\"ac8hef\" data-start=\"817\" data-end=\"873\">Distribution uniforme des gouttelettes pour une couverture homog\u00e8ne<\/li>\n<li data-section-id=\"72lid\" data-start=\"874\" data-end=\"926\">Une atomisation fine pour am\u00e9liorer l'absorption des pesticides<\/li>\n<li data-section-id=\"v4j3v1\" data-start=\"927\" data-end=\"978\">R\u00e9duction des d\u00e9chets chimiques et de l'impact sur l'environnement<\/li>\n<\/ul>\n<p data-start=\"980\" data-end=\"1075\">Ce syst\u00e8me de pulv\u00e9risation intelligent permet d'optimiser l'application des pesticides tout en minimisant la surutilisation.<\/p>\n<h2 data-section-id=\"13r6roq\" data-start=\"1082\" data-end=\"1116\">Fonctionnement et contr\u00f4le automatis\u00e9s<\/h2>\n<p data-start=\"1118\" data-end=\"1185\">Le syst\u00e8me prend en charge les op\u00e9rations de pulv\u00e9risation automatis\u00e9es et programmables :<\/p>\n<ul data-start=\"1187\" data-end=\"1377\">\n<li data-section-id=\"1obbwf2\" data-start=\"1187\" data-end=\"1228\">Itin\u00e9raires et horaires de pulv\u00e9risation pr\u00e9d\u00e9finis<\/li>\n<li data-section-id=\"1fd22he\" data-start=\"1229\" data-end=\"1289\">D\u00e9marrage\/arr\u00eat automatique et navigation (selon le mod\u00e8le)<\/li>\n<li data-section-id=\"1y8ki1b\" data-start=\"1290\" data-end=\"1340\">Contr\u00f4le constant de la vitesse de pulv\u00e9risation et de la pression<\/li>\n<li data-section-id=\"1519fwe\" data-start=\"1341\" data-end=\"1377\">R\u00e9duction de la d\u00e9pendance \u00e0 l'\u00e9gard du travail manuel<\/li>\n<\/ul>\n<p data-start=\"1379\" data-end=\"1457\">L'automatisation garantit des performances stables et am\u00e9liore l'efficacit\u00e9 globale de l'exploitation.<\/p>\n<h2 data-section-id=\"130460x\" data-start=\"1464\" data-end=\"1496\">Efficacit\u00e9 et pr\u00e9cision \u00e9lev\u00e9es<\/h2>\n<p data-start=\"1498\" data-end=\"1570\">Par rapport aux m\u00e9thodes traditionnelles de pulv\u00e9risation manuelle, le robot de pulv\u00e9risation offre les avantages suivants :<\/p>\n<ul data-start=\"1572\" data-end=\"1752\">\n<li data-section-id=\"1o8tyt5\" data-start=\"1572\" data-end=\"1616\">Vitesse de pulv\u00e9risation plus rapide et couverture plus large<\/li>\n<li data-section-id=\"l10fzm\" data-start=\"1617\" data-end=\"1671\">Application pr\u00e9cise des pesticides et des engrais<\/li>\n<li data-section-id=\"diswm5\" data-start=\"1672\" data-end=\"1716\">R\u00e9duction des co\u00fbts de main-d'\u0153uvre et du temps de travail<\/li>\n<li data-section-id=\"1stlx8j\" data-start=\"1717\" data-end=\"1752\">Am\u00e9lioration du rendement et de la qualit\u00e9 des cultures<\/li>\n<\/ul>\n<p data-start=\"1754\" data-end=\"1852\">La capacit\u00e9 de pulv\u00e9risation de pr\u00e9cision permet de prot\u00e9ger plus efficacement les cultures tout en r\u00e9duisant les co\u00fbts d'intrants.<\/p>\n<h2 data-section-id=\"1iblvu5\" data-start=\"1859\" data-end=\"1889\">Conception durable et fiable<\/h2>\n<ul data-start=\"1891\" data-end=\"2094\">\n<li data-section-id=\"17kjbpw\" data-start=\"1891\" data-end=\"1939\">Mat\u00e9riaux de haute qualit\u00e9 pour une longue dur\u00e9e de vie<\/li>\n<li data-section-id=\"194fsg5\" data-start=\"1940\" data-end=\"2013\">Composants r\u00e9sistants \u00e0 la corrosion et adapt\u00e9s aux environnements agricoles<\/li>\n<li data-section-id=\"uz1d9v\" data-start=\"2014\" data-end=\"2059\">Structure stable pour un fonctionnement continu<\/li>\n<li data-section-id=\"1am4nmt\" data-start=\"2060\" data-end=\"2094\">Facilit\u00e9 d'entretien et de fonctionnement<\/li>\n<\/ul>\n<p data-start=\"2096\" data-end=\"2181\">Sa conception robuste garantit des performances fiables \u00e0 l'int\u00e9rieur comme \u00e0 l'ext\u00e9rieur.<\/p>\n<p data-start=\"2096\" data-end=\"2181\"><img decoding=\"async\" class=\"alignnone wp-image-3828 size-large\" src=\"https:\/\/starfarmtech.com\/wp-content\/uploads\/2026\/04\/imgi_444_H7890c258d9f64bdfbb480b3339f2f5f7X-1024x1024.webp\" alt=\"robot de pulv\u00e9risation\" width=\"800\" height=\"800\" srcset=\"https:\/\/starfarmtech.com\/wp-content\/uploads\/2026\/04\/imgi_444_H7890c258d9f64bdfbb480b3339f2f5f7X-1024x1024.webp 1024w, https:\/\/starfarmtech.com\/wp-content\/uploads\/2026\/04\/imgi_444_H7890c258d9f64bdfbb480b3339f2f5f7X-300x300.webp 300w, https:\/\/starfarmtech.com\/wp-content\/uploads\/2026\/04\/imgi_444_H7890c258d9f64bdfbb480b3339f2f5f7X-150x150.webp 150w, https:\/\/starfarmtech.com\/wp-content\/uploads\/2026\/04\/imgi_444_H7890c258d9f64bdfbb480b3339f2f5f7X-768x768.webp 768w, https:\/\/starfarmtech.com\/wp-content\/uploads\/2026\/04\/imgi_444_H7890c258d9f64bdfbb480b3339f2f5f7X-1536x1536.webp 1536w, https:\/\/starfarmtech.com\/wp-content\/uploads\/2026\/04\/imgi_444_H7890c258d9f64bdfbb480b3339f2f5f7X-12x12.webp 12w, https:\/\/starfarmtech.com\/wp-content\/uploads\/2026\/04\/imgi_444_H7890c258d9f64bdfbb480b3339f2f5f7X-600x600.webp 600w, https:\/\/starfarmtech.com\/wp-content\/uploads\/2026\/04\/imgi_444_H7890c258d9f64bdfbb480b3339f2f5f7X.webp 1920w\" sizes=\"(max-width: 800px) 100vw, 800px\" \/><\/p>\n<h2 data-section-id=\"1wlitd1\" data-start=\"2188\" data-end=\"2217\">Large \u00e9ventail d'applications<\/h2>\n<p data-start=\"2219\" data-end=\"2282\">Le robot pulv\u00e9risateur convient \u00e0 divers sc\u00e9narios agricoles :<\/p>\n<ul data-start=\"2284\" data-end=\"2429\">\n<li data-section-id=\"1fqqoms\" data-start=\"2284\" data-end=\"2320\">Culture de l\u00e9gumes en serre<\/li>\n<li data-section-id=\"cihog4\" data-start=\"2321\" data-end=\"2355\">Vergers et plantations fruiti\u00e8res<\/li>\n<li data-section-id=\"1yvoduz\" data-start=\"2356\" data-end=\"2385\">Grandes cultures et cultures en ligne<\/li>\n<li data-section-id=\"gt9k7g\" data-start=\"2386\" data-end=\"2429\">Syst\u00e8mes de culture hydroponique et verticale<\/li>\n<\/ul>\n<p data-start=\"2431\" data-end=\"2546\">Il est compatible avec diff\u00e9rents types d'applications liquides, y compris les pesticides, les engrais et les d\u00e9sinfectants.<\/p>\n<h2 data-section-id=\"qx6v95\" data-start=\"2553\" data-end=\"2587\">Avantages pour l'environnement et les co\u00fbts<\/h2>\n<ul data-start=\"2589\" data-end=\"2791\">\n<li data-section-id=\"8qttyu\" data-start=\"2589\" data-end=\"2641\">R\u00e9duction des d\u00e9chets de pesticides gr\u00e2ce \u00e0 une pulv\u00e9risation pr\u00e9cise<\/li>\n<li data-section-id=\"dlsl0t\" data-start=\"2642\" data-end=\"2679\">Minimise la pollution de l'environnement<\/li>\n<li data-section-id=\"tiaxs2\" data-start=\"2680\" data-end=\"2736\">Am\u00e9liore la s\u00e9curit\u00e9 des travailleurs en r\u00e9duisant l'exposition aux produits chimiques<\/li>\n<li data-section-id=\"14ezvzd\" data-start=\"2737\" data-end=\"2791\">Renforce la durabilit\u00e9 de la production agricole<\/li>\n<\/ul>\n<h2 data-section-id=\"1hryhf7\" data-start=\"3381\" data-end=\"3387\">FAQ<\/h2>\n<h3 data-section-id=\"17ebtk6\" data-start=\"3389\" data-end=\"3429\">1. \u00c0 quoi sert un robot de pulv\u00e9risation ?<\/h3>\n<p data-start=\"3430\" data-end=\"3539\">Il est utilis\u00e9 pour la pulv\u00e9risation automatis\u00e9e de pesticides, d'engrais et de d\u00e9sinfectants dans les environnements agricoles.<\/p>\n<h3 data-section-id=\"2lm01v\" data-start=\"3541\" data-end=\"3582\">2. L'angle de pulv\u00e9risation peut-il \u00eatre r\u00e9gl\u00e9 ?<\/h3>\n<p data-start=\"3583\" data-end=\"3683\">Oui, le r\u00e9seau de buses \u00e0 angles multiples permet un r\u00e9glage flexible pour diff\u00e9rentes hauteurs et dispositions de cultures.<\/p>\n<h3 data-section-id=\"5kx8et\" data-start=\"3685\" data-end=\"3728\">3. Est-il adapt\u00e9 \u00e0 une utilisation en serre ?<\/h3>\n<p data-start=\"3729\" data-end=\"3815\">Oui, il est largement utilis\u00e9 dans les serres, en particulier pour les l\u00e9gumes et les cultures \u00e0 haute valeur ajout\u00e9e.<\/p>\n<h3 data-section-id=\"13n8506\" data-start=\"3817\" data-end=\"3857\">4. R\u00e9duit-il l'utilisation de pesticides ?<\/h3>\n<p data-start=\"3858\" data-end=\"3918\">Oui, une pulv\u00e9risation pr\u00e9cise permet de r\u00e9duire les d\u00e9chets et d'am\u00e9liorer l'efficacit\u00e9.<\/p>\n<h3 data-section-id=\"19mh01f\" data-start=\"3920\" data-end=\"3959\">5. Le syst\u00e8me est-il enti\u00e8rement automatique ?<\/h3>\n<p data-start=\"3960\" data-end=\"4027\">La plupart des mod\u00e8les permettent un fonctionnement automatique avec des r\u00e9glages programmables.<\/p>","protected":false},"excerpt":{"rendered":"<p>Nom du produit : Robot de pulv\u00e9risation agricole<br data-start=\"41\" data-end=\"44\" \/>Type de pulv\u00e9risateur : G\u00e2chette<br data-start=\"65\" data-end=\"68\" \/>Application : Agriculture, grandes cultures, terres agricoles, jardins<br data-start=\"122\" data-end=\"125\" \/>Composants principaux : Manom\u00e8tre, r\u00e9servoir d'eau, filtre<br data-start=\"176\" data-end=\"179\" \/>Capacit\u00e9 du r\u00e9servoir d'eau : 260 L<br data-start=\"205\" data-end=\"208\" \/>D\u00e9bit : 13 L\/min<br data-start=\"227\" data-end=\"230\" \/>Tension de fonctionnement : 48 V<br data-start=\"253\" data-end=\"256\" \/>Puissance : 2400 W<br data-start=\"269\" data-end=\"272\" \/>Batterie : 4,8 kWh<br data-start=\"288\" data-end=\"291\" \/>Vitesse maximale : 2,0 m\/s<br data-start=\"309\" data-end=\"312\" \/>Taille : L2188 \u00d7 W800 \u00d7 H2155 mm<br data-start=\"341\" data-end=\"344\" \/>Poids : 593 kg<br data-start=\"358\" data-end=\"361\" \/>Principaux arguments de vente : Productivit\u00e9 \u00e9lev\u00e9e, enti\u00e8rement automatique, grande vitesse, int\u00e9gr\u00e9, brevet\u00e9<br data-start=\"448\" data-end=\"451\" \/>Nom de marque : Starfarm<br data-start=\"471\" data-end=\"474\" \/>Lieu d'origine : Chine<\/p>","protected":false},"featured_media":4225,"template":"","meta":[],"product_brand":[],"product_cat":[250],"product_tag":[],"class_list":{"0":"post-4229","1":"product","2":"type-product","3":"status-publish","4":"has-post-thumbnail","6":"product_cat-spray-robot","8":"first","9":"instock","10":"shipping-taxable","11":"product-type-simple"},"gallery_images":[3803,3804,3805,3806,3807],"_links":{"self":[{"href":"https:\/\/starfarmtech.com\/fr\/wp-json\/wp\/v2\/product\/4229","targetHints":{"allow":["GET"]}}],"collection":[{"href":"https:\/\/starfarmtech.com\/fr\/wp-json\/wp\/v2\/product"}],"about":[{"href":"https:\/\/starfarmtech.com\/fr\/wp-json\/wp\/v2\/types\/product"}],"wp:featuredmedia":[{"embeddable":true,"href":"https:\/\/starfarmtech.com\/fr\/wp-json\/wp\/v2\/media\/4225"}],"wp:attachment":[{"href":"https:\/\/starfarmtech.com\/fr\/wp-json\/wp\/v2\/media?parent=4229"}],"wp:term":[{"taxonomy":"product_brand","embeddable":true,"href":"https:\/\/starfarmtech.com\/fr\/wp-json\/wp\/v2\/product_brand?post=4229"},{"taxonomy":"product_cat","embeddable":true,"href":"https:\/\/starfarmtech.com\/fr\/wp-json\/wp\/v2\/product_cat?post=4229"},{"taxonomy":"product_tag","embeddable":true,"href":"https:\/\/starfarmtech.com\/fr\/wp-json\/wp\/v2\/product_tag?post=4229"}],"curies":[{"name":"wp","href":"https:\/\/api.w.org\/{rel}","templated":true}]}}