{"id":3945,"date":"2026-04-09T16:30:18","date_gmt":"2026-04-09T08:30:18","guid":{"rendered":"https:\/\/starfarmtech.com\/product\/large-agricultural-greenhouses-with-pc-sheet\/"},"modified":"2026-04-09T17:04:26","modified_gmt":"2026-04-09T09:04:26","slug":"large-agricultural-greenhouses-with-pc-sheet","status":"publish","type":"product","link":"https:\/\/starfarmtech.com\/fr\/product\/large-agricultural-greenhouses-with-pc-sheet\/","title":{"rendered":"Grandes serres agricoles avec t\u00f4le PC"},"content":{"rendered":"<div data-magic-global=\"%7B%22bizId%22%3A2500001073897%2C%22pageId%22%3A21736748419%2C%22siteId%22%3A10102681447%7D\" id=\"detail_decorate_root\">\n<style>#detail_decorate_root .magic-0{width:750px}#detail_decorate_root .magic-1{overflow:hidden;width:750px;height:529px;margin-top:0;margin-bottom:0;margin-left:0;margin-right:0}#detail_decorate_root .magic-2{margin-top:0;margin-left:0;width:750px;height:529px}#detail_decorate_root .magic-3{overflow:hidden;width:750px;height:65px;margin-top:0;margin-bottom:0;margin-left:0;margin-right:0}#detail_decorate_root .magic-4{margin-top:0;margin-left:0;width:750px;height:65px}#detail_decorate_root .magic-5{vertical-align:top}#detail_decorate_root .magic-6{padding:0;margin:0;color:#333;font-size:14px;padding-left:4px;font-weight:bold;white-space:pre-wrap}#detail_decorate_root .magic-7{vertical-align:top;display:block;padding-right:4px;box-sizing:border-box;padding-left:4px}#detail_decorate_root .magic-8{vertical-align:top;padding-bottom:4px;box-sizing:border-box;padding-top:4px}#detail_decorate_root .magic-9{padding:0;margin:0;white-space:pre-wrap;font-size:14px}#detail_decorate_root .magic-11{font-size:12px}#detail_decorate_root .magic-12{width:750px;border-collapse:collapse}#detail_decorate_root .magic-13{min-height:28px;padding:5px 10px;width:178px;min-height:28px;box-sizing:content-box}#detail_decorate_root .magic-14{min-height:28px;padding:5px 10px;width:524px;min-height:28px;box-sizing:content-box}#detail_decorate_root .magic-15{min-height:28px;padding:5px 10px;width:525px;min-height:28px;box-sizing:content-box}#detail_decorate_root .magic-16{min-height:28px;padding:5px 10px;width:177.906px;min-height:28px;box-sizing:content-box}#detail_decorate_root .magic-17{min-height:28px;padding:5px 10px;width:524.903px;min-height:28px;box-sizing:content-box}#detail_decorate_root .magic-18{min-height:28px;padding:5px 10px;width:177px;min-height:28px;box-sizing:content-box}#detail_decorate_root .magic-19{vertical-align:top;display:inline-block;padding-right:4px;width:50%;box-sizing:border-box;margin-bottom:-4px;padding-left:4px;margin-top:-4px}#detail_decorate_root .magic-20{padding:0;margin:0}#detail_decorate_root .magic-21{padding:0;margin:0;color:#333;font-size:14px;line-height:20px;font-weight:bold;white-space:pre-wrap}#detail_decorate_root .magic-22{white-space:pre-wrap;font-size:14px}#detail_decorate_root .magic-23{overflow:hidden;width:750px;height:76.875px;margin-top:0;margin-bottom:0;margin-left:0;margin-right:0}#detail_decorate_root .magic-24{margin-top:0;margin-left:0;width:750px;height:76.875px}#detail_decorate_root .magic-25{overflow:hidden;width:750px;height:67px;margin-top:0;margin-bottom:0;margin-left:0;margin-right:0}#detail_decorate_root .magic-26{margin-top:0;margin-left:0;width:750px;height:67px}#detail_decorate_root .magic-27{overflow:hidden;width:750px;height:750px;margin-top:0;margin-bottom:0;margin-left:0;margin-right:0}#detail_decorate_root .magic-28{margin-top:0;margin-left:0;width:750px;height:750px}#detail_decorate_root .magic-29{overflow:hidden;width:750px;height:60px;margin-top:0;margin-bottom:0;margin-left:0;margin-right:0}#detail_decorate_root .magic-30{margin-top:0;margin-left:0;width:750px;height:60px}#detail_decorate_root .magic-31{overflow:hidden;width:247.33333333333334px;height:178.7951807228916px;margin-top:0;margin-bottom:0;margin-left:0;margin-right:0}#detail_decorate_root .magic-32{margin-top:0;margin-left:0;width:247px;height:178px}#detail_decorate_root .magic-33{overflow:hidden;width:247.33333333333334px;height:178.24021592442648px;margin-top:0;margin-bottom:0;margin-left:4px;margin-right:0}#detail_decorate_root .magic-34{margin-top:0;margin-left:0;width:249px;height:178px}#detail_decorate_root .magic-35{overflow:hidden;width:247.33333333333334px;height:177.80187416331998px;margin-top:0;margin-bottom:0;margin-left:0;margin-right:0}#detail_decorate_root .magic-36{margin-top:0;margin-left:0;width:247px;height:177px}#detail_decorate_root .magic-37{overflow:hidden;width:247.33333333333334px;height:177.23886639676115px;margin-top:0;margin-bottom:0;margin-left:4px;margin-right:0}#detail_decorate_root .magic-38{margin-top:0;margin-left:0;width:249px;height:177px}#detail_decorate_root .magic-39{margin-bottom:10px;line-height:0}#detail_decorate_root .magic-40{margin-bottom:0}#detail_decorate_root .magic-41{position:relative;width:100%}#detail_decorate_root .magic-42{width:750px;height:1430px;overflow:hidden;margin-bottom:0}#detail_decorate_root .magic-43{position:relative;left:0;top:0;width:750px;height:1430px}#detail_decorate_root .magic-44{overflow:hidden;width:750px;height:160px;margin-top:0;margin-bottom:0;margin-left:0;margin-right:0}#detail_decorate_root .magic-45{margin-top:0;margin-left:0;width:750px;height:160px}<\/style>\n<div module-id=\"47604096008\" module-title=\"detailSingleImage\" render=\"true\" class=\"J_module\">\n<div class=\"icbu-pc-images magic-0\">\n<div>\n<div class=\"flex-layout-v\">\n<div class=\"flex-layout-h magic-0\">\n<div class=\"magic-1\"><img decoding=\"async\" src=\"https:\/\/sc04.alicdn.com\/kf\/H5fe00a58af224b539c0429353a09099aK\/285753317\/H5fe00a58af224b539c0429353a09099aK.png\" data-src=\"\/\/sc04.alicdn.com\/kf\/H5fe00a58af224b539c0429353a09099aK\/285753317\/H5fe00a58af224b539c0429353a09099aK.png\" class=\"magic-2\" alt=\"\"><noscript><img decoding=\"async\" src=\"\/\/sc04.alicdn.com\/kf\/H5fe00a58af224b539c0429353a09099aK\/285753317\/H5fe00a58af224b539c0429353a09099aK.png\" class=\"magic-2\" alt=\"\"><\/noscript><\/div>\n<\/div>\n<\/div>\n<\/div>\n<\/div>\n<\/div>\n<div module-id=\"47604096009\" module-title=\"detailSingleImage\" render=\"true\" class=\"J_module\">\n<div class=\"icbu-pc-images magic-0\">\n<div>\n<div class=\"flex-layout-v\">\n<div class=\"flex-layout-h magic-0\">\n<div class=\"magic-3\"><img decoding=\"async\" src=\"https:\/\/sc04.alicdn.com\/kf\/Hd3be96e5dbac4999b3adf7bb9ebf46c25\/285753317\/Hd3be96e5dbac4999b3adf7bb9ebf46c25.jpg\" data-src=\"\/\/sc04.alicdn.com\/kf\/Hd3be96e5dbac4999b3adf7bb9ebf46c25\/285753317\/Hd3be96e5dbac4999b3adf7bb9ebf46c25.jpg\" class=\"magic-4\" alt=\"\"><noscript><img decoding=\"async\" src=\"\/\/sc04.alicdn.com\/kf\/Hd3be96e5dbac4999b3adf7bb9ebf46c25\/285753317\/Hd3be96e5dbac4999b3adf7bb9ebf46c25.jpg\" class=\"magic-4\" alt=\"\"><\/noscript><\/div>\n<\/div>\n<\/div>\n<\/div>\n<\/div>\n<\/div>\n<div module-id=\"47604096010\" module-title=\"detailTextWithTitle\" render=\"true\" class=\"J_module\">\n<div class=\"detail-decorate-json-renderer-container\">\n<div class=\"magic-5\">\n<h3 class=\"magic-6\"><span>Introduction<\/span><\/h3>\n<div class=\"magic-7\">\n<div class=\"magic-8\">\n<div class=\"magic-9\"><span><font class=\"magic-10\"><\/font><\/span><span><font class=\"magic-11\">La serre en feuilles de polycarbonate Venlo utilise des feuilles de polycarbonate creuses \u00e0 une ou plusieurs couches comme enceinte sup\u00e9rieure et environnante avec un cadre en profil\u00e9 d'alliage d'aluminium sp\u00e9cial. Le cadre de la serre utilise de l'acier galvanis\u00e9 \u00e0 chaud, avec une belle apparence, une haute transmission de la lumi\u00e8re et une bonne performance d'isolation thermique. La feuille de polycarbonate sp\u00e9ciale anti-UV peut assurer la transmission de la lumi\u00e8re et de bonnes performances d'isolation thermique.<\/font><\/span><\/p>\n<div><span><font class=\"magic-11\"><br \/>\nLa feuille de polycarbonate pr\u00e9sente les caract\u00e9ristiques suivantes : l\u00e9g\u00e8ret\u00e9, bon \u00e9clairage diurne, excellente isolation thermique, anti-UV, absence de ros\u00e9e, r\u00e9sistance \u00e0 la gr\u00eale, retardateur de flamme \u00e9lev\u00e9, anti-vieillissement, etc.<\/font><\/span><\/div>\n<\/div>\n<\/div>\n<\/div>\n<\/div>\n<\/div>\n<\/div>\n<div module-id=\"47604096011\" module-title=\"detailTableNoTitle\" render=\"true\" class=\"J_module\">\n<div class=\"ife-detail-decorate-table\">\n<table class=\"has-title is-zebra hight-light-first-column all magic-12\">\n<tbody>\n<tr>\n<td colspan=\"1\" rowspan=\"1\">\n<div class=\"magic-13\"><font class=\"magic-11\"><b data-spm-anchor-id=\"a2700.pc-decorate.0.i30.42f83333sa6tlZ\">Sp\u00e9cifications<\/b><\/font><\/div>\n<\/td>\n<td colspan=\"1\" rowspan=\"1\">\n<div class=\"magic-14\"><font class=\"magic-11\"><b>D\u00e9tails<\/b><\/font><\/div>\n<\/td>\n<\/tr>\n<tr>\n<td colspan=\"1\" rowspan=\"1\">\n<div class=\"magic-13\"><font class=\"magic-11\">Mat\u00e9riau de couverture<\/font><\/div>\n<\/td>\n<td colspan=\"1\" rowspan=\"1\">\n<div class=\"magic-15\"><font class=\"magic-11\">Plaque creuse en polycarbonate (4mm \/ 6mm \/ 8mm)<\/font><\/div>\n<\/td>\n<\/tr>\n<tr>\n<td colspan=\"1\" rowspan=\"1\">\n<div class=\"magic-16\"><font class=\"magic-11\">Structure Mat\u00e9riau<\/font><\/div>\n<\/td>\n<td colspan=\"1\" rowspan=\"1\">\n<div class=\"magic-17\"><font class=\"magic-11\">Acier galvanis\u00e9 \u00e0 chaud<\/font><\/div>\n<\/td>\n<\/tr>\n<tr>\n<td colspan=\"1\" rowspan=\"1\">\n<div class=\"magic-18\"><font class=\"magic-11\">Largeur de la trav\u00e9e<\/font><\/div>\n<\/td>\n<td colspan=\"1\" rowspan=\"1\">\n<div class=\"magic-15\"><font class=\"magic-11\">8m \/ 9,6m \/ 10,8m \/ 12m<\/font><\/div>\n<\/td>\n<\/tr>\n<tr>\n<td colspan=\"1\" rowspan=\"1\">\n<div class=\"magic-13\"><font class=\"magic-11\">Longueur de la baie<\/font><\/div>\n<\/td>\n<td colspan=\"1\" rowspan=\"1\">\n<div class=\"magic-15\"><font class=\"magic-11\">4m \/ 5m<\/font><\/div>\n<\/td>\n<\/tr>\n<tr>\n<td colspan=\"1\" rowspan=\"1\">\n<div class=\"magic-18\"><font class=\"magic-11\">Hauteur de la goutti\u00e8re<\/font><\/div>\n<\/td>\n<td colspan=\"1\" rowspan=\"1\">\n<div class=\"magic-15\"><font class=\"magic-11\">3m \/ 4m \/ 4,5m (personnalisable)<\/font><\/div>\n<\/td>\n<\/tr>\n<tr>\n<td colspan=\"1\" rowspan=\"1\">\n<div class=\"magic-13\"><font class=\"magic-11\">Hauteur du sommet<\/font><\/div>\n<\/td>\n<td colspan=\"1\" rowspan=\"1\">\n<div class=\"magic-15\"><font class=\"magic-11\">4,8m - 6,5m<\/font><\/div>\n<\/td>\n<\/tr>\n<tr>\n<td colspan=\"1\" rowspan=\"1\">\n<div class=\"magic-18\"><font class=\"magic-11\">Charge de neige<\/font><\/div>\n<\/td>\n<td colspan=\"1\" rowspan=\"1\">\n<div class=\"magic-15\"><font class=\"magic-11\">0,5-1,0 kN\/m\u00b2.<\/font><\/div>\n<\/td>\n<\/tr>\n<tr>\n<td colspan=\"1\" rowspan=\"1\">\n<div class=\"magic-13\"><font class=\"magic-11\">Charge de vent<\/font><\/div>\n<\/td>\n<td colspan=\"1\" rowspan=\"1\">\n<div class=\"magic-15\"><font class=\"magic-11\">\u2265100 km\/h<\/font><\/div>\n<\/td>\n<\/tr>\n<tr>\n<td colspan=\"1\" rowspan=\"1\">\n<div class=\"magic-18\"><font class=\"magic-11\">Transmission de la lumi\u00e8re<\/font><\/div>\n<\/td>\n<td colspan=\"1\" rowspan=\"1\">\n<div class=\"magic-15\"><font class=\"magic-11\">80-85%<\/font><\/div>\n<\/td>\n<\/tr>\n<tr>\n<td colspan=\"1\" rowspan=\"1\">\n<div class=\"magic-13\"><font class=\"magic-11\">Dur\u00e9e de vie<\/font><\/div>\n<\/td>\n<td colspan=\"1\" rowspan=\"1\">\n<div class=\"magic-15\"><font class=\"magic-11\">Feuille de PC : 10+ ans ; structure : 15-20 ans<\/font><\/div>\n<\/td>\n<\/tr>\n<\/tbody>\n<\/table>\n<\/div>\n<\/div>\n<div module-id=\"47604096012\" module-title=\"detailDoubleTitleParagraph\" render=\"true\" class=\"J_module\">\n<div class=\"detail-decorate-json-renderer-container\">\n<div class=\"magic-5\">\n<div class=\"magic-19\">\n<div class=\"magic-20\">\n<h3 class=\"magic-21\"><span><font color=\"#c4433c\"><span>Feuille de polycarbonate<\/span><\/font><\/span><\/h3>\n<\/div>\n<div class=\"magic-8\">\n<div class=\"magic-9\"><span><font class=\"magic-10\"><\/font><\/span><span><font class=\"magic-11\">Feuille de polycarbonate de 6 \u00e0 10 mm<br \/>\nHaute r\u00e9sistance aux chocs<br \/>\nAnti-goutte, anti-UV<br \/>\nTransmission de la lumi\u00e8re&gt;88%<br \/>\nCouleur : blanc<br \/>\nDur\u00e9e de vie : plus de 10 ans<\/font><\/span><\/p>\n<div>\n<div>\n<div><font class=\"magic-11\"><\/font><\/div>\n<\/div>\n<\/div>\n<\/div>\n<\/div>\n<\/div>\n<div class=\"magic-19\">\n<div class=\"magic-20\">\n<h3 class=\"magic-21\"><span><font color=\"#c4433c\"><span>Structure principale<\/span><\/font><\/span><\/h3>\n<\/div>\n<div class=\"magic-8\">\n<div class=\"magic-22\"><span><font class=\"magic-11\"><span>La structure principale est constitu\u00e9e de tuyaux galvanis\u00e9s \u00e0 chaud et reli\u00e9s par des boulons galvanis\u00e9s \u00e0 chaud. Elle pr\u00e9sente d'excellentes performances anticorrosion et une dur\u00e9e de vie de plus de 20 ans.<\/span><\/font><\/span><\/div>\n<\/div>\n<\/div>\n<\/div>\n<\/div>\n<\/div>\n<div module-id=\"47604096013\" module-title=\"detailDoubleTitleParagraph\" render=\"true\" class=\"J_module\">\n<div class=\"detail-decorate-json-renderer-container\">\n<div class=\"magic-5\">\n<div class=\"magic-19\">\n<div class=\"magic-20\">\n<h3 class=\"magic-21\"><span><font color=\"#c4433c\"><span>Mat\u00e9riau de couverture<\/span><\/font><\/span><\/h3>\n<\/div>\n<div class=\"magic-8\">\n<div class=\"magic-9\"><span><font class=\"magic-11\"><span>Le couvercle sup\u00e9rieur est constitu\u00e9 d'un panneau creux en polycarbonate avec une couche ext\u00e9rieure de protection contre les UV et une couche int\u00e9rieure anti-condensation. Les quatre parois sont constitu\u00e9es de panneaux creux en polycarbonate ou de verre, conform\u00e9ment aux exigences conventionnelles. En fonction des diff\u00e9rences de conditions climatiques r\u00e9gionales, dans certaines r\u00e9gions froides, les murs peuvent \u00eatre constitu\u00e9s de panneaux composites d'isolation. Des fen\u00eatres coulissantes peuvent \u00e9galement \u00eatre install\u00e9es pour augmenter la surface de ventilation de la serre.<\/span><\/font><\/span><\/div>\n<\/div>\n<\/div>\n<div class=\"magic-19\">\n<div class=\"magic-20\">\n<h3 class=\"magic-21\"><span><font color=\"#c4433c\"><span>Configuration principale<\/span><\/font><\/span><\/h3>\n<\/div>\n<div class=\"magic-8\">\n<div class=\"magic-22\">\n<div><span><font class=\"magic-11\"><span><br \/><\/span><\/font><\/span><\/div>\n<p><span><font class=\"magic-11\"><span>La serre peut \u00eatre enti\u00e8rement contr\u00f4l\u00e9e automatiquement et \u00e9quip\u00e9e de dispositifs tels que l'ombrage interne et externe, des lucarnes et des fen\u00eatres lat\u00e9rales pour la ventilation, des rideaux humides et des ventilateurs pour le refroidissement.<\/span><\/font><\/span><\/div>\n<\/div>\n<\/div>\n<\/div>\n<\/div>\n<\/div>\n<div module-id=\"47604096014\" module-title=\"detailSingleImage\" render=\"true\" class=\"J_module\">\n<div class=\"icbu-pc-images magic-0\">\n<div>\n<div class=\"flex-layout-v\">\n<div class=\"flex-layout-h magic-0\">\n<div class=\"magic-25\"><img decoding=\"async\" src=\"https:\/\/sc04.alicdn.com\/kf\/Hae381b209bba4550ae36a01c58247622H\/285753317\/Hae381b209bba4550ae36a01c58247622H.jpg\" data-src=\"\/\/sc04.alicdn.com\/kf\/Hae381b209bba4550ae36a01c58247622H\/285753317\/Hae381b209bba4550ae36a01c58247622H.jpg\" class=\"magic-26\" alt=\"\"><noscript><img decoding=\"async\" src=\"\/\/sc04.alicdn.com\/kf\/Hae381b209bba4550ae36a01c58247622H\/285753317\/Hae381b209bba4550ae36a01c58247622H.jpg\" class=\"magic-26\" alt=\"\"><\/noscript><\/div>\n<\/div>\n<\/div>\n<\/div>\n<\/div>\n<\/div>\n<div module-id=\"47604096015\" module-title=\"detailSingleImage\" render=\"true\" class=\"J_module\">\n<div class=\"icbu-pc-images magic-0\">\n<div>\n<div class=\"flex-layout-v\">\n<div class=\"flex-layout-h magic-0\">\n<div class=\"magic-27\"><img decoding=\"async\" src=\"https:\/\/sc04.alicdn.com\/kf\/Hcc69970e2d4749d18c3c8fd39f240326O\/285753317\/Hcc69970e2d4749d18c3c8fd39f240326O.jpg\" data-src=\"\/\/sc04.alicdn.com\/kf\/Hcc69970e2d4749d18c3c8fd39f240326O\/285753317\/Hcc69970e2d4749d18c3c8fd39f240326O.jpg\" class=\"magic-28\" alt=\"\"><noscript><img decoding=\"async\" src=\"\/\/sc04.alicdn.com\/kf\/Hcc69970e2d4749d18c3c8fd39f240326O\/285753317\/Hcc69970e2d4749d18c3c8fd39f240326O.jpg\" class=\"magic-28\" alt=\"\"><\/noscript><\/div>\n<\/div>\n<\/div>\n<\/div>\n<\/div>\n<\/div>\n<div module-id=\"47604096016\" module-title=\"detailSingleImage\" render=\"true\" class=\"J_module\">\n<div class=\"icbu-pc-images magic-0\">\n<div>\n<div class=\"flex-layout-v\">\n<div class=\"flex-layout-h magic-0\">\n<div class=\"magic-27\"><img decoding=\"async\" src=\"https:\/\/sc04.alicdn.com\/kf\/H2a3478201e7946ec8ffcc057245a350cq\/285753317\/H2a3478201e7946ec8ffcc057245a350cq.jpg\" data-src=\"\/\/sc04.alicdn.com\/kf\/H2a3478201e7946ec8ffcc057245a350cq\/285753317\/H2a3478201e7946ec8ffcc057245a350cq.jpg\" class=\"magic-28\" alt=\"\"><noscript><img decoding=\"async\" src=\"\/\/sc04.alicdn.com\/kf\/H2a3478201e7946ec8ffcc057245a350cq\/285753317\/H2a3478201e7946ec8ffcc057245a350cq.jpg\" class=\"magic-28\" alt=\"\"><\/noscript><\/div>\n<\/div>\n<\/div>\n<\/div>\n<\/div>\n<\/div>\n<div module-id=\"47604096017\" module-title=\"detailSingleImage\" render=\"true\" class=\"J_module\">\n<div class=\"icbu-pc-images magic-0\">\n<div>\n<div class=\"flex-layout-v\">\n<div class=\"flex-layout-h magic-0\">\n<div class=\"magic-27\"><img decoding=\"async\" src=\"https:\/\/sc04.alicdn.com\/kf\/H6e040c5cb7a348a2a7e023e0b40aaebcQ\/285753317\/H6e040c5cb7a348a2a7e023e0b40aaebcQ.jpg\" data-src=\"\/\/sc04.alicdn.com\/kf\/H6e040c5cb7a348a2a7e023e0b40aaebcQ\/285753317\/H6e040c5cb7a348a2a7e023e0b40aaebcQ.jpg\" class=\"magic-28\" alt=\"\"><noscript><img decoding=\"async\" src=\"\/\/sc04.alicdn.com\/kf\/H6e040c5cb7a348a2a7e023e0b40aaebcQ\/285753317\/H6e040c5cb7a348a2a7e023e0b40aaebcQ.jpg\" class=\"magic-28\" alt=\"\"><\/noscript><\/div>\n<\/div>\n<\/div>\n<\/div>\n<\/div>\n<\/div>\n<div module-id=\"47604096018\" module-title=\"detailSingleImage\" render=\"true\" class=\"J_module\">\n<div class=\"icbu-pc-images magic-0\">\n<div>\n<div class=\"flex-layout-v\">\n<div class=\"flex-layout-h magic-0\">\n<div class=\"magic-27\"><img decoding=\"async\" src=\"https:\/\/sc04.alicdn.com\/kf\/H1a25a2c3df1147648fdebe1b28ddfa2bU\/285753317\/H1a25a2c3df1147648fdebe1b28ddfa2bU.jpg\" data-src=\"\/\/sc04.alicdn.com\/kf\/H1a25a2c3df1147648fdebe1b28ddfa2bU\/285753317\/H1a25a2c3df1147648fdebe1b28ddfa2bU.jpg\" class=\"magic-28\" alt=\"\"><noscript><img decoding=\"async\" src=\"\/\/sc04.alicdn.com\/kf\/H1a25a2c3df1147648fdebe1b28ddfa2bU\/285753317\/H1a25a2c3df1147648fdebe1b28ddfa2bU.jpg\" class=\"magic-28\" alt=\"\"><\/noscript><\/div>\n<\/div>\n<\/div>\n<\/div>\n<\/div>\n<\/div>\n<div module-id=\"47604096019\" module-title=\"detailSingleImage\" render=\"true\" class=\"J_module\">\n<div class=\"icbu-pc-images magic-0\">\n<div>\n<div class=\"flex-layout-v\">\n<div class=\"flex-layout-h magic-0\">\n<div class=\"magic-27\"><img decoding=\"async\" src=\"https:\/\/sc04.alicdn.com\/kf\/Hd7d236682d304309a2fd809fffbe3dfa6\/285753317\/Hd7d236682d304309a2fd809fffbe3dfa6.jpg\" data-src=\"\/\/sc04.alicdn.com\/kf\/Hd7d236682d304309a2fd809fffbe3dfa6\/285753317\/Hd7d236682d304309a2fd809fffbe3dfa6.jpg\" class=\"magic-28\" alt=\"\"><\/div>\n<\/div>\n<\/div>\n<\/div>\n<\/div>\n<\/div><\/div>","protected":false},"excerpt":{"rendered":"<p>Introduction Venlo polycarbonate sheet greenhouse uses single layer or multi-layer hollow polycarbonate sheet as the top and surrounding enclosure with special aluminum alloy profile frame. The greenhouse framework uses hot dip galvanized steel, with beautiful appearance, high light transmittance good thermal insulation performance. The special anti-UV polycarbonate sheet can ensure the light transmittance and good [&hellip;]<\/p>\n","protected":false},"featured_media":3944,"template":"","meta":[],"product_brand":[],"product_cat":[245],"product_tag":[],"class_list":{"0":"post-3945","1":"product","2":"type-product","3":"status-publish","4":"has-post-thumbnail","6":"product_cat-pc-board-greenhouse","8":"first","9":"instock","10":"shipping-taxable","11":"purchasable","12":"product-type-simple"},"gallery_images":[3946,3947,3948,3949,3950],"_links":{"self":[{"href":"https:\/\/starfarmtech.com\/fr\/wp-json\/wp\/v2\/product\/3945","targetHints":{"allow":["GET"]}}],"collection":[{"href":"https:\/\/starfarmtech.com\/fr\/wp-json\/wp\/v2\/product"}],"about":[{"href":"https:\/\/starfarmtech.com\/fr\/wp-json\/wp\/v2\/types\/product"}],"wp:featuredmedia":[{"embeddable":true,"href":"https:\/\/starfarmtech.com\/fr\/wp-json\/wp\/v2\/media\/3944"}],"wp:attachment":[{"href":"https:\/\/starfarmtech.com\/fr\/wp-json\/wp\/v2\/media?parent=3945"}],"wp:term":[{"taxonomy":"product_brand","embeddable":true,"href":"https:\/\/starfarmtech.com\/fr\/wp-json\/wp\/v2\/product_brand?post=3945"},{"taxonomy":"product_cat","embeddable":true,"href":"https:\/\/starfarmtech.com\/fr\/wp-json\/wp\/v2\/product_cat?post=3945"},{"taxonomy":"product_tag","embeddable":true,"href":"https:\/\/starfarmtech.com\/fr\/wp-json\/wp\/v2\/product_tag?post=3945"}],"curies":[{"name":"wp","href":"https:\/\/api.w.org\/{rel}","templated":true}]}}