{"id":3708,"date":"2026-04-02T17:16:40","date_gmt":"2026-04-02T09:16:40","guid":{"rendered":"https:\/\/starfarmtech.com\/product\/patented-eco-friendly-efficient-water-fertilizer-integrated-pump\/"},"modified":"2026-04-03T08:37:49","modified_gmt":"2026-04-03T00:37:49","slug":"water-fertilizer-integrated-pump","status":"publish","type":"product","link":"https:\/\/starfarmtech.com\/fr\/product\/water-fertilizer-integrated-pump\/","title":{"rendered":"Pompe int\u00e9gr\u00e9e brevet\u00e9e, \u00e9cologique et efficace pour l'eau et les engrais"},"content":{"rendered":"<p data-start=\"90\" data-end=\"493\">L'applicateur d'engrais est un syst\u00e8me de dosage de fertirrigation enti\u00e8rement automatis\u00e9 con\u00e7u pour fournir des quantit\u00e9s pr\u00e9cises d'eau et de nutriments aux cultures par le biais de syst\u00e8mes d'irrigation modernes. Adapt\u00e9 aux serres, aux fermes hydroponiques, aux syst\u00e8mes d'irrigation au goutte-\u00e0-goutte et \u00e0 l'agriculture en plein champ, cet \u00e9quipement intelligent de dosage d'engrais am\u00e9liore le rendement des cultures, r\u00e9duit les co\u00fbts de main-d'\u0153uvre et assure une gestion coh\u00e9rente des nutriments.<\/p>\n<p data-start=\"495\" data-end=\"715\">En int\u00e9grant la distribution d'eau et d'engrais dans un seul syst\u00e8me, l'applicateur d'engrais permet une irrigation efficace et pilot\u00e9e par les donn\u00e9es, ce qui en fait un composant essentiel de l'agriculture intelligente et de l'agriculture en environnement contr\u00f4l\u00e9.<\/p>\n<h2 data-section-id=\"189lq8i\" data-start=\"722\" data-end=\"759\">Technologie de fertigation intelligente<\/h2>\n<p data-start=\"761\" data-end=\"909\">Ce syst\u00e8me de dosage automatique d'engrais combine des capteurs avanc\u00e9s, des pompes de dosage et des unit\u00e9s de contr\u00f4le pour obtenir un m\u00e9lange et une distribution pr\u00e9cis des nutriments.<\/p>\n<ul data-start=\"911\" data-end=\"1146\">\n<li data-section-id=\"1ou8uzt\" data-start=\"911\" data-end=\"972\">Injection automatique d'engrais en fonction de param\u00e8tres pr\u00e9d\u00e9finis<\/li>\n<li data-section-id=\"1s6swoa\" data-start=\"973\" data-end=\"1036\">Contr\u00f4le en temps r\u00e9el de la conductivit\u00e9 \u00e9lectrique et du pH<\/li>\n<li data-section-id=\"4msg2\" data-start=\"1037\" data-end=\"1104\">Apport d'engrais multicanaux pour diff\u00e9rentes solutions nutritives<\/li>\n<li data-section-id=\"1lpgdzv\" data-start=\"1105\" data-end=\"1146\">Approvisionnement continu et stable en nutriments<\/li>\n<\/ul>\n<p data-start=\"1148\" data-end=\"1335\">Les syst\u00e8mes de fertirrigation modernes peuvent ajuster automatiquement la concentration en nutriments en mesurant les niveaux d'EC et de pH, garantissant ainsi des conditions de croissance optimales pour les plantes.<\/p>\n<h2 data-section-id=\"1tsvilt\" data-start=\"1342\" data-end=\"1384\">Fonctionnement automatis\u00e9 et contr\u00f4le de pr\u00e9cision<\/h2>\n<p data-start=\"1386\" data-end=\"1468\">L'applicateur d'engrais est enti\u00e8rement automatis\u00e9 gr\u00e2ce \u00e0 un syst\u00e8me de commande intelligent :<\/p>\n<ul data-start=\"1470\" data-end=\"1674\">\n<li data-section-id=\"rc8yi0\" data-start=\"1470\" data-end=\"1536\">Programmes d'irrigation programmables (en fonction de l'heure ou de la sonde)<\/li>\n<li data-section-id=\"vz0qrt\" data-start=\"1537\" data-end=\"1582\">M\u00e9lange automatique des engrais et de l'eau<\/li>\n<li data-section-id=\"br79er\" data-start=\"1583\" data-end=\"1627\">Contr\u00f4le et surveillance \u00e0 distance (en option)<\/li>\n<li data-section-id=\"1hz6ce2\" data-start=\"1628\" data-end=\"1674\">Protection par alarme en cas de valeurs EC\/pH anormales<\/li>\n<\/ul>\n<p data-start=\"1676\" data-end=\"1844\">Les syst\u00e8mes avanc\u00e9s peuvent m\u00eame g\u00e9rer plusieurs sources d'engrais et maintenir un apport stable de nutriments \u00e0 diff\u00e9rents stades de la culture.<\/p>\n<h2 data-section-id=\"1guq1xq\" data-start=\"1851\" data-end=\"1884\">Large compatibilit\u00e9 d'application<\/h2>\n<p data-start=\"1886\" data-end=\"1953\">Ce syst\u00e8me de fertirrigation convient \u00e0 diverses m\u00e9thodes d'irrigation :<\/p>\n<ul data-start=\"1955\" data-end=\"2077\">\n<li data-section-id=\"11woozv\" data-start=\"1955\" data-end=\"1982\">Syst\u00e8mes d'irrigation au goutte-\u00e0-goutte<\/li>\n<li data-section-id=\"1fczyl0\" data-start=\"1983\" data-end=\"2007\">Irrigation par aspersion<\/li>\n<li data-section-id=\"74w9o1\" data-start=\"2008\" data-end=\"2043\">Syst\u00e8mes hydroponiques \u00e0 flux et reflux<\/li>\n<li data-section-id=\"1a3d4aa\" data-start=\"2044\" data-end=\"2077\">Culture de NFT et de substrats<\/li>\n<\/ul>\n<p data-start=\"2079\" data-end=\"2100\">Il est largement utilis\u00e9 dans :<\/p>\n<ul data-start=\"2102\" data-end=\"2238\">\n<li data-section-id=\"9eruhi\" data-start=\"2102\" data-end=\"2136\">Serres et fermes verticales<\/li>\n<li data-section-id=\"1ug3tef\" data-start=\"2137\" data-end=\"2172\">Production hydroponique de l\u00e9gumes<\/li>\n<li data-section-id=\"yaqfco\" data-start=\"2173\" data-end=\"2201\">Vergers et plantations<\/li>\n<li data-section-id=\"1canu3k\" data-start=\"2202\" data-end=\"2238\">Culture de p\u00e9pini\u00e8res et de jeunes plants<\/li>\n<\/ul>\n<h2 data-section-id=\"ruuu6i\" data-start=\"2245\" data-end=\"2262\">Principaux avantages<\/h2>\n<ul data-start=\"2264\" data-end=\"2577\">\n<li data-section-id=\"1xy5au4\" data-start=\"2264\" data-end=\"2323\">Un dosage pr\u00e9cis des nutriments am\u00e9liore la qualit\u00e9 et le rendement des cultures<\/li>\n<li data-section-id=\"1w8m360\" data-start=\"2324\" data-end=\"2370\">Syst\u00e8me d'irrigation en boucle ferm\u00e9e \u00e9conome en eau<\/li>\n<li data-section-id=\"1kvit9p\" data-start=\"2371\" data-end=\"2424\">R\u00e9duction des d\u00e9chets d'engrais et de l'impact sur l'environnement<\/li>\n<li data-section-id=\"19qdgk0\" data-start=\"2425\" data-end=\"2461\">Fonctionnement automatis\u00e9 permettant d'\u00e9conomiser de la main-d'\u0153uvre<\/li>\n<li data-section-id=\"8nav4z\" data-start=\"2462\" data-end=\"2511\">Processus de fertigation coh\u00e9rent et reproductible<\/li>\n<li data-section-id=\"1n017zu\" data-start=\"2512\" data-end=\"2577\">Convient aux petites exploitations comme aux projets agricoles \u00e0 grande \u00e9chelle<\/li>\n<\/ul>\n<p data-start=\"2579\" data-end=\"2759\">La fertigation automatis\u00e9e permet de r\u00e9duire les co\u00fbts d'intrants tout en am\u00e9liorant la productivit\u00e9 en apportant les nutriments exactement au moment et \u00e0 l'endroit o\u00f9 les plantes en ont besoin.<\/p>\n<h2 data-section-id=\"qgbnft\" data-start=\"2766\" data-end=\"2796\">Conception souple de mod\u00e8les multiples<\/h2>\n<p data-start=\"2798\" data-end=\"2905\">L'applicateur d'engrais est disponible en plusieurs mod\u00e8les pour r\u00e9pondre aux diff\u00e9rents besoins en termes de capacit\u00e9 et d'application :<\/p>\n<ul data-start=\"2907\" data-end=\"3094\">\n<li data-section-id=\"uaab59\" data-start=\"2907\" data-end=\"2965\">Petites unit\u00e9s pour l'hydroponie et l'agriculture verticale<\/li>\n<li data-section-id=\"f2ohf6\" data-start=\"2966\" data-end=\"3020\">Syst\u00e8mes de moyenne capacit\u00e9 pour la culture sous serre<\/li>\n<li data-section-id=\"1od6r2p\" data-start=\"3021\" data-end=\"3094\">Syst\u00e8mes de fertirrigation industrielle \u00e0 grande \u00e9chelle pour l'agriculture commerciale<\/li>\n<\/ul>\n<p data-start=\"3096\" data-end=\"3111\">Les mod\u00e8les varient en fonction de :<\/p>\n<ul data-start=\"3113\" data-end=\"3314\">\n<li data-section-id=\"12tz23a\" data-start=\"3113\" data-end=\"3169\">Nombre de canaux d'engrais (2-8 canaux ou plus)<\/li>\n<li data-section-id=\"1rpwrcv\" data-start=\"3170\" data-end=\"3203\">D\u00e9bit et capacit\u00e9 de dosage<\/li>\n<li data-section-id=\"bgicro\" data-start=\"3204\" data-end=\"3264\">Syst\u00e8me de contr\u00f4le (manuel, semi-automatique, enti\u00e8rement automatique)<\/li>\n<li data-section-id=\"qmlooc\" data-start=\"3265\" data-end=\"3314\">Int\u00e9gration avec des syst\u00e8mes IoT ou d'agriculture intelligente<\/li>\n<\/ul>\n<h2 data-section-id=\"39vo9r\" data-start=\"3321\" data-end=\"3364\">Structure durable et performances fiables<\/h2>\n<ul data-start=\"3366\" data-end=\"3555\">\n<li data-section-id=\"nwwgat\" data-start=\"3366\" data-end=\"3417\">Mat\u00e9riaux r\u00e9sistants \u00e0 la corrosion pour une utilisation \u00e0 long terme<\/li>\n<li data-section-id=\"yyx4m6\" data-start=\"3418\" data-end=\"3460\">Pompes et vannes de dosage de haute pr\u00e9cision<\/li>\n<li data-section-id=\"93gu7o\" data-start=\"3461\" data-end=\"3517\">Fonctionnement stable dans des conditions de travail continues<\/li>\n<li data-section-id=\"f8hmgc\" data-start=\"3518\" data-end=\"3555\">Installation et entretien faciles<\/li>\n<\/ul>\n<p data-start=\"3557\" data-end=\"3659\">Con\u00e7u pour les environnements agricoles, le syst\u00e8me garantit une longue dur\u00e9e de vie et des performances fiables.<\/p>\n<p><img fetchpriority=\"high\" decoding=\"async\" class=\"alignnone wp-image-3772 size-full\" src=\"https:\/\/starfarmtech.com\/wp-content\/uploads\/2026\/04\/imgi_113_He6937e1e23054c2c95735473903fb5c9b.webp\" alt=\"\" width=\"750\" height=\"1180\" srcset=\"https:\/\/starfarmtech.com\/wp-content\/uploads\/2026\/04\/imgi_113_He6937e1e23054c2c95735473903fb5c9b.webp 750w, https:\/\/starfarmtech.com\/wp-content\/uploads\/2026\/04\/imgi_113_He6937e1e23054c2c95735473903fb5c9b-191x300.webp 191w, https:\/\/starfarmtech.com\/wp-content\/uploads\/2026\/04\/imgi_113_He6937e1e23054c2c95735473903fb5c9b-651x1024.webp 651w, https:\/\/starfarmtech.com\/wp-content\/uploads\/2026\/04\/imgi_113_He6937e1e23054c2c95735473903fb5c9b-8x12.webp 8w, https:\/\/starfarmtech.com\/wp-content\/uploads\/2026\/04\/imgi_113_He6937e1e23054c2c95735473903fb5c9b-600x944.webp 600w\" sizes=\"(max-width: 750px) 100vw, 750px\" \/> <img decoding=\"async\" class=\"alignnone wp-image-3773 size-full\" src=\"https:\/\/starfarmtech.com\/wp-content\/uploads\/2026\/04\/imgi_114_H53a00d94ed2a476d907cbcd517d5c7d0Z.webp\" alt=\"\" width=\"750\" height=\"831\" srcset=\"https:\/\/starfarmtech.com\/wp-content\/uploads\/2026\/04\/imgi_114_H53a00d94ed2a476d907cbcd517d5c7d0Z.webp 750w, https:\/\/starfarmtech.com\/wp-content\/uploads\/2026\/04\/imgi_114_H53a00d94ed2a476d907cbcd517d5c7d0Z-271x300.webp 271w, https:\/\/starfarmtech.com\/wp-content\/uploads\/2026\/04\/imgi_114_H53a00d94ed2a476d907cbcd517d5c7d0Z-11x12.webp 11w, https:\/\/starfarmtech.com\/wp-content\/uploads\/2026\/04\/imgi_114_H53a00d94ed2a476d907cbcd517d5c7d0Z-600x665.webp 600w\" sizes=\"(max-width: 750px) 100vw, 750px\" \/> <img decoding=\"async\" class=\"alignnone wp-image-3774 size-full\" src=\"https:\/\/starfarmtech.com\/wp-content\/uploads\/2026\/04\/imgi_115_H7a4d27d3fdbe4277bfe3d5a03925643bQ.webp\" alt=\"\" width=\"750\" height=\"1100\" srcset=\"https:\/\/starfarmtech.com\/wp-content\/uploads\/2026\/04\/imgi_115_H7a4d27d3fdbe4277bfe3d5a03925643bQ.webp 750w, https:\/\/starfarmtech.com\/wp-content\/uploads\/2026\/04\/imgi_115_H7a4d27d3fdbe4277bfe3d5a03925643bQ-205x300.webp 205w, https:\/\/starfarmtech.com\/wp-content\/uploads\/2026\/04\/imgi_115_H7a4d27d3fdbe4277bfe3d5a03925643bQ-698x1024.webp 698w, https:\/\/starfarmtech.com\/wp-content\/uploads\/2026\/04\/imgi_115_H7a4d27d3fdbe4277bfe3d5a03925643bQ-8x12.webp 8w, https:\/\/starfarmtech.com\/wp-content\/uploads\/2026\/04\/imgi_115_H7a4d27d3fdbe4277bfe3d5a03925643bQ-600x880.webp 600w\" sizes=\"(max-width: 750px) 100vw, 750px\" \/> <img loading=\"lazy\" decoding=\"async\" class=\"alignnone wp-image-3771 size-full\" src=\"https:\/\/starfarmtech.com\/wp-content\/uploads\/2026\/04\/imgi_116_He812b1bc34634976ab70eacd38c77eb3O.webp\" alt=\"\" width=\"750\" height=\"1168\" srcset=\"https:\/\/starfarmtech.com\/wp-content\/uploads\/2026\/04\/imgi_116_He812b1bc34634976ab70eacd38c77eb3O.webp 750w, https:\/\/starfarmtech.com\/wp-content\/uploads\/2026\/04\/imgi_116_He812b1bc34634976ab70eacd38c77eb3O-193x300.webp 193w, https:\/\/starfarmtech.com\/wp-content\/uploads\/2026\/04\/imgi_116_He812b1bc34634976ab70eacd38c77eb3O-658x1024.webp 658w, https:\/\/starfarmtech.com\/wp-content\/uploads\/2026\/04\/imgi_116_He812b1bc34634976ab70eacd38c77eb3O-8x12.webp 8w, https:\/\/starfarmtech.com\/wp-content\/uploads\/2026\/04\/imgi_116_He812b1bc34634976ab70eacd38c77eb3O-600x934.webp 600w\" sizes=\"(max-width: 750px) 100vw, 750px\" \/><\/p>\n<h2 data-section-id=\"1hryhf7\" data-start=\"4346\" data-end=\"4352\">FAQ<\/h2>\n<h3 data-section-id=\"agqexl\" data-start=\"4354\" data-end=\"4402\">1. Qu'est-ce qu'un syst\u00e8me d'application d'engrais ?<\/h3>\n<p data-start=\"4403\" data-end=\"4531\">Il s'agit d'un syst\u00e8me automatis\u00e9 qui m\u00e9lange et injecte des engrais dans l'eau d'irrigation, assurant ainsi un apport pr\u00e9cis de nutriments aux cultures.<\/p>\n<h3 data-section-id=\"1e2ehtr\" data-start=\"4533\" data-end=\"4592\">2. Comment un syst\u00e8me de fertigation am\u00e9liore-t-il la croissance des cultures ?<\/h3>\n<p data-start=\"4593\" data-end=\"4717\">En contr\u00f4lant la concentration en nutriments (EC) et les niveaux de pH, il garantit que les plantes re\u00e7oivent des nutriments optimaux \u00e0 chaque stade de croissance.<\/p>\n<h3 data-section-id=\"153t3n4\" data-start=\"4719\" data-end=\"4771\">3. Le syst\u00e8me peut-il fonctionner avec des installations hydroponiques ?<\/h3>\n<p data-start=\"4772\" data-end=\"4872\">Oui, il est largement utilis\u00e9 dans les syst\u00e8mes hydroponiques tels que le NFT, l'irrigation au goutte-\u00e0-goutte et les syst\u00e8mes de flux et de reflux.<\/p>\n<h3 data-section-id=\"1el0e1k\" data-start=\"4874\" data-end=\"4928\">4. Combien d'engrais peuvent \u00eatre inject\u00e9s en m\u00eame temps ?<\/h3>\n<p data-start=\"4929\" data-end=\"5003\">Selon le mod\u00e8le, il peut prendre en charge de 2 \u00e0 8 canaux d'engrais ou plus.<\/p>\n<h3 data-section-id=\"19mh01f\" data-start=\"5005\" data-end=\"5044\">5. Le syst\u00e8me est-il enti\u00e8rement automatique ?<\/h3>\n<p data-start=\"5045\" data-end=\"5151\">Oui, la plupart des mod\u00e8les permettent un fonctionnement enti\u00e8rement automatique avec des r\u00e9glages programmables et une t\u00e9l\u00e9commande en option.<\/p>","protected":false},"excerpt":{"rendered":"<p>Nom du produit : Applicateur d'engrais \/ Syst\u00e8me de fertigation automatique<br data-start=\"66\" data-end=\"69\" \/>Type de contr\u00f4le : Automatique \/ Semi-automatique<br data-start=\"109\" data-end=\"112\" \/>Canaux d'engrais : 2-8 canaux (personnalisables)<br data-start=\"160\" data-end=\"163\" \/>Capacit\u00e9 de d\u00e9bit : 500-1000 L\/h (selon le mod\u00e8le)<br data-start=\"211\" data-end=\"214\" \/>Alimentation \u00e9lectrique : 220V \/ 380V<br data-start=\"239\" data-end=\"242\" \/>Param\u00e8tres de surveillance : EC, pH, temp\u00e9rature (en option)<br data-start=\"295\" data-end=\"298\" \/>Type d'irrigation : goutte \u00e0 goutte, arrosage, syst\u00e8mes hydroponiques<br data-start=\"350\" data-end=\"353\" \/>Mat\u00e9riau : Plastique anticorrosion \/ acier inoxydable<br data-start=\"403\" data-end=\"406\" \/>Application : Serre, culture hydroponique, agriculture en plein champ<br data-start=\"466\" data-end=\"469\" \/>Installation : Montage mural ou syst\u00e8me int\u00e9gr\u00e9<br data-start=\"516\" data-end=\"519\" \/>Certification : CE \/ ISO (en option)<\/p>","protected":false},"featured_media":3707,"template":"","meta":[],"product_brand":[],"product_cat":[248],"product_tag":[],"class_list":{"0":"post-3708","1":"product","2":"type-product","3":"status-publish","4":"has-post-thumbnail","6":"product_cat-fertilizer-applicator","8":"first","9":"instock","10":"shipping-taxable","11":"product-type-simple"},"gallery_images":[3709,3710,3711,3712,3713],"_links":{"self":[{"href":"https:\/\/starfarmtech.com\/fr\/wp-json\/wp\/v2\/product\/3708","targetHints":{"allow":["GET"]}}],"collection":[{"href":"https:\/\/starfarmtech.com\/fr\/wp-json\/wp\/v2\/product"}],"about":[{"href":"https:\/\/starfarmtech.com\/fr\/wp-json\/wp\/v2\/types\/product"}],"wp:featuredmedia":[{"embeddable":true,"href":"https:\/\/starfarmtech.com\/fr\/wp-json\/wp\/v2\/media\/3707"}],"wp:attachment":[{"href":"https:\/\/starfarmtech.com\/fr\/wp-json\/wp\/v2\/media?parent=3708"}],"wp:term":[{"taxonomy":"product_brand","embeddable":true,"href":"https:\/\/starfarmtech.com\/fr\/wp-json\/wp\/v2\/product_brand?post=3708"},{"taxonomy":"product_cat","embeddable":true,"href":"https:\/\/starfarmtech.com\/fr\/wp-json\/wp\/v2\/product_cat?post=3708"},{"taxonomy":"product_tag","embeddable":true,"href":"https:\/\/starfarmtech.com\/fr\/wp-json\/wp\/v2\/product_tag?post=3708"}],"curies":[{"name":"wp","href":"https:\/\/api.w.org\/{rel}","templated":true}]}}