{"id":2492,"date":"2026-01-27T13:54:09","date_gmt":"2026-01-27T05:54:09","guid":{"rendered":"https:\/\/starfarmtech.com\/product\/starfarm-multi-span-glass-flower-planting-greenhouse-agricultural-equipment-greenhouse-system-for-vegetable-flower\/"},"modified":"2026-04-02T16:46:20","modified_gmt":"2026-04-02T08:46:20","slug":"large-scale-glass-greenhouse","status":"publish","type":"product","link":"https:\/\/starfarmtech.com\/fr\/product\/large-scale-glass-greenhouse\/","title":{"rendered":"Serre en verre \u00e0 grande \u00e9chelle pour la culture de l\u00e9gumes et de fleurs"},"content":{"rendered":"<div id=\"detail_decorate_root\" data-magic-global=\"%7B%22bizId%22%3A2500001073897%2C%22pageId%22%3A21734626603%2C%22siteId%22%3A10102681447%7D\">\n<div class=\"J_module\">\n<div class=\"icbu-pc-images magic-0\">\n<div class=\"flex-layout-v\">\n<div class=\"flex-layout-h magic-0\">\n<div class=\"magic-1\">The design concept of the greenhouse is to &#8220;adhere to the principles of science and practicality.&#8221; Adhere to the principles of improving the utilization rate of land resources, energy conservation, water conservation and high efficiency. Adhere to the principle of choosing advanced, reliable and applicable materials and equipment for greenhouse structures. Therefore, in accordance with the construction requirements, we select the best imported or domestic products for the key parts of each system.<\/div>\n<\/div>\n<\/div>\n<\/div>\n<\/div>\n<div class=\"J_module\">\n<div class=\"detail-decorate-json-renderer-container\">\n<div class=\"magic-5\">\n<div class=\"magic-7\">\n<div class=\"magic-8\">\n<div class=\"magic-9\">\n<div><span class=\"magic-11\"><span class=\"magic-10\"><br \/>\nBesides a nice appearance, glass greenhouse has high light transmittance over 90%, provides good anti-corrosion and fire resistance performance strong ability to resist wind and snow.<br \/>\n<\/span><b class=\"magic-11\"><span class=\"magic-12\" style=\"color: #c4433c;\">We can also design according to different climate.<\/span><\/b><\/span><\/div>\n<\/div>\n<\/div>\n<\/div>\n<\/div>\n<\/div>\n<\/div>\n<div class=\"J_module\">\n<div class=\"ife-detail-decorate-table\">\n<table class=\"has-title is-zebra hight-light-first-column all magic-13\">\n<tbody>\n<tr>\n<td colspan=\"1\" rowspan=\"1\">\n<div class=\"magic-14\"><span class=\"magic-10\"><b>Item<\/b><\/span><\/div>\n<\/td>\n<td colspan=\"1\" rowspan=\"1\">\n<div class=\"magic-15\"><span class=\"magic-10\"><b>D\u00e9tails<\/b><\/span><\/div>\n<\/td>\n<\/tr>\n<tr>\n<td colspan=\"1\" rowspan=\"1\">\n<div class=\"magic-16\"><span class=\"magic-10\">Structure Type<\/span><\/div>\n<\/td>\n<td colspan=\"1\" rowspan=\"1\">\n<div class=\"magic-17\"><span class=\"magic-10\">Venlo Type Steel Frame<\/span><\/div>\n<\/td>\n<\/tr>\n<tr>\n<td colspan=\"1\" rowspan=\"1\">\n<div class=\"magic-14\"><span class=\"magic-10\">Mat\u00e9riau de couverture<\/span><\/div>\n<\/td>\n<td colspan=\"1\" rowspan=\"1\">\n<div class=\"magic-17\"><span class=\"magic-10\">4\u20135mm Single \/ 6\u20138mm Double Tempered Glass<\/span><\/div>\n<\/td>\n<\/tr>\n<tr>\n<td colspan=\"1\" rowspan=\"1\">\n<div class=\"magic-16\"><span class=\"magic-10\">Largeur de la trav\u00e9e<\/span><\/div>\n<\/td>\n<td colspan=\"1\" rowspan=\"1\">\n<div class=\"magic-17\"><span class=\"magic-10\">6m, 8m, 9.6m, 10.8m, 12m<\/span><\/div>\n<\/td>\n<\/tr>\n<tr>\n<td colspan=\"1\" rowspan=\"1\">\n<div class=\"magic-14\"><span class=\"magic-10\">Bay Spacing<\/span><\/div>\n<\/td>\n<td colspan=\"1\" rowspan=\"1\">\n<div class=\"magic-17\"><span class=\"magic-10\">4m &#8211; 6m<\/span><\/div>\n<\/td>\n<\/tr>\n<tr>\n<td colspan=\"1\" rowspan=\"1\">\n<div class=\"magic-16\"><span class=\"magic-10\">Ridge Height<\/span><\/div>\n<\/td>\n<td colspan=\"1\" rowspan=\"1\">\n<div class=\"magic-17\"><span class=\"magic-10\">4.5 &#8211; 6.5 m<\/span><\/div>\n<\/td>\n<\/tr>\n<tr>\n<td colspan=\"1\" rowspan=\"1\">\n<div class=\"magic-14\"><span class=\"magic-10\">Length<\/span><\/div>\n<\/td>\n<td colspan=\"1\" rowspan=\"1\">\n<div class=\"magic-17\"><span class=\"magic-10\">30 &#8211; 100+ m<\/span><\/div>\n<\/td>\n<\/tr>\n<tr>\n<td colspan=\"1\" rowspan=\"1\">\n<div class=\"magic-16\"><span class=\"magic-10\">Wind load<\/span><\/div>\n<\/td>\n<td colspan=\"1\" rowspan=\"1\">\n<div class=\"magic-17\"><span class=\"magic-10\">0.6KN\/m<\/span><\/div>\n<\/td>\n<\/tr>\n<tr>\n<td colspan=\"1\" rowspan=\"1\">\n<div class=\"magic-14\"><span class=\"magic-10\">Snow load<\/span><\/div>\n<\/td>\n<td colspan=\"1\" rowspan=\"1\">\n<div class=\"magic-17\"><span class=\"magic-10\">0.5KN\/m<\/span><\/div>\n<\/td>\n<\/tr>\n<tr>\n<td colspan=\"1\" rowspan=\"1\">\n<div class=\"magic-16\"><span class=\"magic-10\">Dead load<\/span><\/div>\n<\/td>\n<td colspan=\"1\" rowspan=\"1\">\n<div class=\"magic-17\"><span class=\"magic-10\">18kg\/m<\/span><\/div>\n<\/td>\n<\/tr>\n<tr>\n<td colspan=\"1\" rowspan=\"1\">\n<div class=\"magic-14\"><span class=\"magic-10\">Rainwater drain capacity<\/span><\/div>\n<\/td>\n<td colspan=\"1\" rowspan=\"1\">\n<div class=\"magic-17\"><span class=\"magic-10\">140mm\/h at maximum<\/span><\/div>\n<\/td>\n<\/tr>\n<tr>\n<td colspan=\"1\" rowspan=\"1\">\n<div class=\"magic-14\"><span class=\"magic-10\">Drainage System<\/span><\/div>\n<\/td>\n<td colspan=\"1\" rowspan=\"1\">\n<div class=\"magic-17\"><span class=\"magic-10\">Integrated PVC Gutter<\/span><\/div>\n<\/td>\n<\/tr>\n<tr>\n<td colspan=\"1\" rowspan=\"1\">\n<div class=\"magic-14\"><span class=\"magic-10\">Ventilation System<\/span><\/div>\n<\/td>\n<td colspan=\"1\" rowspan=\"1\">\n<div class=\"magic-17\"><span class=\"magic-10\">Manual or Automated Roof &amp; Side Vents<\/span><\/div>\n<\/td>\n<\/tr>\n<\/tbody>\n<\/table>\n<\/div>\n<\/div>\n<div class=\"J_module\">\n<div class=\"detail-decorate-json-renderer-container\">\n<div class=\"magic-5\">\n<div class=\"magic-18\">\n<div class=\"magic-19\">\n<h3 class=\"magic-20\"><span style=\"color: #c4433c;\">Glass<\/span><\/h3>\n<\/div>\n<div class=\"magic-8\">\n<div class=\"magic-9\">\n<p><span class=\"magic-10\">Tempered glass \/ <\/span><span class=\"magic-10\">5+6+5mm hollow glass <\/span><\/p>\n<div><span class=\"magic-10\">High shock resistance \/ Anti-drip, Anti UV \/ <\/span><span class=\"magic-10\">Light transmittance&gt;90% <\/span><\/div>\n<div>\n<p><span class=\"magic-10\">Couleur : blanc <\/span><\/p>\n<div>\n<p><span class=\"magic-10\">Service life: over 25 years <\/span><\/p>\n<div><span class=\"magic-10\">Other option: diffuse glass<\/span><\/div>\n<\/div>\n<\/div>\n<\/div>\n<\/div>\n<\/div>\n<div class=\"magic-18\">\n<h3 class=\"magic-19\"><span style=\"color: #c4433c;\">Cover material<\/span><\/h3>\n<div class=\"magic-8\">\n<div class=\"magic-21\"><span class=\"magic-10\">5mm tempered glass on the roof,5+6+5mm double layer glass on the sides. All glasses are installed with aluminum alloy frame , sealed by EPDM rubber strip.<\/span><\/div>\n<\/div>\n<\/div>\n<\/div>\n<\/div>\n<\/div>\n<div class=\"J_module\">\n<div class=\"detail-decorate-json-renderer-container\">\n<div class=\"magic-5\">\n<div class=\"magic-18\">\n<div class=\"magic-19\">\n<h3 class=\"magic-20\"><span style=\"color: #c4433c;\">Structure<\/span><\/h3>\n<\/div>\n<div class=\"magic-8\">\n<div class=\"magic-9\"><span class=\"magic-10\">Venlo type hot-dip galvanized steel structure , good anti-corrosion ability,service life over 20years.<\/span><\/div>\n<\/div>\n<\/div>\n<div class=\"magic-18\">\n<div class=\"magic-19\">\n<h3 class=\"magic-20\"><span style=\"color: #c4433c;\">Other devices<\/span><\/h3>\n<\/div>\n<div class=\"magic-8\">\n<div class=\"magic-21\"><span class=\"magic-10\">External and internal shading system , roof and side windows , cooling system , fully automatically controlled in one greenhouse control system<\/span><\/div>\n<\/div>\n<\/div>\n<\/div>\n<\/div>\n<\/div>\n<div class=\"J_module\">\n<div class=\"icbu-pc-images magic-0\">\n<div class=\"flex-layout-v\">\n<div class=\"flex-layout-h magic-0\">\n<div class=\"magic-22\">\n<div class=\"J_module\">\n<div class=\"icbu-pc-images magic-0\">\n<div class=\"flex-layout-v\">\n<div class=\"flex-layout-h magic-0\">\n<div class=\"magic-22\">\n<h2><strong><b>Construction process<\/b><\/strong><\/h2>\n<h3>Infrastructure<\/h3>\n<h3><img fetchpriority=\"high\" decoding=\"async\" class=\"alignnone wp-image-1776 size-large\" src=\"https:\/\/starfarmtech.com\/wp-content\/uploads\/2025\/12\/\u56fe\u72471-1-1024x342.jpg\" alt=\"Large-Scale Glass Greenhouse\" width=\"800\" height=\"267\" srcset=\"https:\/\/starfarmtech.com\/wp-content\/uploads\/2025\/12\/\u56fe\u72471-1-1024x342.jpg 1024w, https:\/\/starfarmtech.com\/wp-content\/uploads\/2025\/12\/\u56fe\u72471-1-300x100.jpg 300w, https:\/\/starfarmtech.com\/wp-content\/uploads\/2025\/12\/\u56fe\u72471-1-768x256.jpg 768w, https:\/\/starfarmtech.com\/wp-content\/uploads\/2025\/12\/\u56fe\u72471-1-18x6.jpg 18w, https:\/\/starfarmtech.com\/wp-content\/uploads\/2025\/12\/\u56fe\u72471-1-600x200.jpg 600w, https:\/\/starfarmtech.com\/wp-content\/uploads\/2025\/12\/\u56fe\u72471-1.jpg 1039w\" sizes=\"(max-width: 800px) 100vw, 800px\" \/><\/h3>\n<h3>Overall skeleton<\/h3>\n<p><img decoding=\"async\" class=\"alignnone size-large wp-image-1777\" src=\"https:\/\/starfarmtech.com\/wp-content\/uploads\/2025\/12\/\u56fe\u72472-1-1024x342.jpg\" alt=\"\" width=\"800\" height=\"267\" srcset=\"https:\/\/starfarmtech.com\/wp-content\/uploads\/2025\/12\/\u56fe\u72472-1-1024x342.jpg 1024w, https:\/\/starfarmtech.com\/wp-content\/uploads\/2025\/12\/\u56fe\u72472-1-300x100.jpg 300w, https:\/\/starfarmtech.com\/wp-content\/uploads\/2025\/12\/\u56fe\u72472-1-768x256.jpg 768w, https:\/\/starfarmtech.com\/wp-content\/uploads\/2025\/12\/\u56fe\u72472-1-18x6.jpg 18w, https:\/\/starfarmtech.com\/wp-content\/uploads\/2025\/12\/\u56fe\u72472-1-600x200.jpg 600w, https:\/\/starfarmtech.com\/wp-content\/uploads\/2025\/12\/\u56fe\u72472-1.jpg 1039w\" sizes=\"(max-width: 800px) 100vw, 800px\" \/><\/p>\n<h3>Mat\u00e9riau de couverture<\/h3>\n<p><img decoding=\"async\" class=\"alignnone size-large wp-image-1778\" src=\"https:\/\/starfarmtech.com\/wp-content\/uploads\/2025\/12\/\u56fe\u72473-1-1024x342.jpg\" alt=\"\" width=\"800\" height=\"267\" srcset=\"https:\/\/starfarmtech.com\/wp-content\/uploads\/2025\/12\/\u56fe\u72473-1-1024x342.jpg 1024w, https:\/\/starfarmtech.com\/wp-content\/uploads\/2025\/12\/\u56fe\u72473-1-300x100.jpg 300w, https:\/\/starfarmtech.com\/wp-content\/uploads\/2025\/12\/\u56fe\u72473-1-768x256.jpg 768w, https:\/\/starfarmtech.com\/wp-content\/uploads\/2025\/12\/\u56fe\u72473-1-18x6.jpg 18w, https:\/\/starfarmtech.com\/wp-content\/uploads\/2025\/12\/\u56fe\u72473-1-600x200.jpg 600w, https:\/\/starfarmtech.com\/wp-content\/uploads\/2025\/12\/\u56fe\u72473-1.jpg 1039w\" sizes=\"(max-width: 800px) 100vw, 800px\" \/><\/p>\n<h3>Ventilation system<\/h3>\n<p><img loading=\"lazy\" decoding=\"async\" class=\"alignnone size-large wp-image-1779\" src=\"https:\/\/starfarmtech.com\/wp-content\/uploads\/2025\/12\/\u56fe\u72474-1-1024x342.jpg\" alt=\"\" width=\"800\" height=\"267\" srcset=\"https:\/\/starfarmtech.com\/wp-content\/uploads\/2025\/12\/\u56fe\u72474-1-1024x342.jpg 1024w, https:\/\/starfarmtech.com\/wp-content\/uploads\/2025\/12\/\u56fe\u72474-1-300x100.jpg 300w, https:\/\/starfarmtech.com\/wp-content\/uploads\/2025\/12\/\u56fe\u72474-1-768x256.jpg 768w, https:\/\/starfarmtech.com\/wp-content\/uploads\/2025\/12\/\u56fe\u72474-1-18x6.jpg 18w, https:\/\/starfarmtech.com\/wp-content\/uploads\/2025\/12\/\u56fe\u72474-1-600x200.jpg 600w, https:\/\/starfarmtech.com\/wp-content\/uploads\/2025\/12\/\u56fe\u72474-1.jpg 1039w\" sizes=\"(max-width: 800px) 100vw, 800px\" \/><\/p>\n<h3>External shading<\/h3>\n<p><img loading=\"lazy\" decoding=\"async\" class=\"alignnone size-large wp-image-1780\" src=\"https:\/\/starfarmtech.com\/wp-content\/uploads\/2025\/12\/\u56fe\u72475-1-1024x342.jpg\" alt=\"\" width=\"800\" height=\"267\" srcset=\"https:\/\/starfarmtech.com\/wp-content\/uploads\/2025\/12\/\u56fe\u72475-1-1024x342.jpg 1024w, https:\/\/starfarmtech.com\/wp-content\/uploads\/2025\/12\/\u56fe\u72475-1-300x100.jpg 300w, https:\/\/starfarmtech.com\/wp-content\/uploads\/2025\/12\/\u56fe\u72475-1-768x256.jpg 768w, https:\/\/starfarmtech.com\/wp-content\/uploads\/2025\/12\/\u56fe\u72475-1-18x6.jpg 18w, https:\/\/starfarmtech.com\/wp-content\/uploads\/2025\/12\/\u56fe\u72475-1-600x200.jpg 600w, https:\/\/starfarmtech.com\/wp-content\/uploads\/2025\/12\/\u56fe\u72475-1.jpg 1039w\" sizes=\"(max-width: 800px) 100vw, 800px\" \/><\/p>\n<h3>Internal sunshade<\/h3>\n<p><img loading=\"lazy\" decoding=\"async\" class=\"alignnone size-large wp-image-1781\" src=\"https:\/\/starfarmtech.com\/wp-content\/uploads\/2025\/12\/\u56fe\u72476-1-1024x342.jpg\" alt=\"\" width=\"800\" height=\"267\" srcset=\"https:\/\/starfarmtech.com\/wp-content\/uploads\/2025\/12\/\u56fe\u72476-1-1024x342.jpg 1024w, https:\/\/starfarmtech.com\/wp-content\/uploads\/2025\/12\/\u56fe\u72476-1-300x100.jpg 300w, https:\/\/starfarmtech.com\/wp-content\/uploads\/2025\/12\/\u56fe\u72476-1-768x256.jpg 768w, https:\/\/starfarmtech.com\/wp-content\/uploads\/2025\/12\/\u56fe\u72476-1-18x6.jpg 18w, https:\/\/starfarmtech.com\/wp-content\/uploads\/2025\/12\/\u56fe\u72476-1-600x200.jpg 600w, https:\/\/starfarmtech.com\/wp-content\/uploads\/2025\/12\/\u56fe\u72476-1.jpg 1039w\" sizes=\"(max-width: 800px) 100vw, 800px\" \/><\/p>\n<h3>Cooling system<\/h3>\n<p><img loading=\"lazy\" decoding=\"async\" class=\"alignnone size-large wp-image-1782\" src=\"https:\/\/starfarmtech.com\/wp-content\/uploads\/2025\/12\/\u56fe\u72477-1-1024x341.jpg\" alt=\"\" width=\"800\" height=\"266\" srcset=\"https:\/\/starfarmtech.com\/wp-content\/uploads\/2025\/12\/\u56fe\u72477-1-1024x341.jpg 1024w, https:\/\/starfarmtech.com\/wp-content\/uploads\/2025\/12\/\u56fe\u72477-1-300x100.jpg 300w, https:\/\/starfarmtech.com\/wp-content\/uploads\/2025\/12\/\u56fe\u72477-1-768x256.jpg 768w, https:\/\/starfarmtech.com\/wp-content\/uploads\/2025\/12\/\u56fe\u72477-1-18x6.jpg 18w, https:\/\/starfarmtech.com\/wp-content\/uploads\/2025\/12\/\u56fe\u72477-1-600x200.jpg 600w, https:\/\/starfarmtech.com\/wp-content\/uploads\/2025\/12\/\u56fe\u72477-1.jpg 1039w\" sizes=\"(max-width: 800px) 100vw, 800px\" \/><\/p>\n<h3>Drainage system<\/h3>\n<p><img loading=\"lazy\" decoding=\"async\" class=\"alignnone size-large wp-image-1783\" src=\"https:\/\/starfarmtech.com\/wp-content\/uploads\/2025\/12\/\u56fe\u72478-1-1024x317.jpg\" alt=\"\" width=\"800\" height=\"248\" srcset=\"https:\/\/starfarmtech.com\/wp-content\/uploads\/2025\/12\/\u56fe\u72478-1-1024x317.jpg 1024w, https:\/\/starfarmtech.com\/wp-content\/uploads\/2025\/12\/\u56fe\u72478-1-300x93.jpg 300w, https:\/\/starfarmtech.com\/wp-content\/uploads\/2025\/12\/\u56fe\u72478-1-768x238.jpg 768w, https:\/\/starfarmtech.com\/wp-content\/uploads\/2025\/12\/\u56fe\u72478-1-18x6.jpg 18w, https:\/\/starfarmtech.com\/wp-content\/uploads\/2025\/12\/\u56fe\u72478-1-600x186.jpg 600w, https:\/\/starfarmtech.com\/wp-content\/uploads\/2025\/12\/\u56fe\u72478-1.jpg 1039w\" sizes=\"(max-width: 800px) 100vw, 800px\" \/><\/p>\n<h3>Electronic control system<\/h3>\n<p><img loading=\"lazy\" decoding=\"async\" class=\"alignnone size-large wp-image-1784\" src=\"https:\/\/starfarmtech.com\/wp-content\/uploads\/2025\/12\/\u56fe\u72479-1024x370.jpg\" alt=\"\" width=\"800\" height=\"289\" srcset=\"https:\/\/starfarmtech.com\/wp-content\/uploads\/2025\/12\/\u56fe\u72479-1024x370.jpg 1024w, https:\/\/starfarmtech.com\/wp-content\/uploads\/2025\/12\/\u56fe\u72479-300x108.jpg 300w, https:\/\/starfarmtech.com\/wp-content\/uploads\/2025\/12\/\u56fe\u72479-768x277.jpg 768w, https:\/\/starfarmtech.com\/wp-content\/uploads\/2025\/12\/\u56fe\u72479-18x6.jpg 18w, https:\/\/starfarmtech.com\/wp-content\/uploads\/2025\/12\/\u56fe\u72479-600x217.jpg 600w, https:\/\/starfarmtech.com\/wp-content\/uploads\/2025\/12\/\u56fe\u72479.jpg 1039w\" sizes=\"(max-width: 800px) 100vw, 800px\" \/><\/p>\n<h3>Heating system<\/h3>\n<p><img loading=\"lazy\" decoding=\"async\" class=\"alignnone wp-image-1785\" src=\"https:\/\/starfarmtech.com\/wp-content\/uploads\/2025\/12\/\u56fe\u724710.jpg\" alt=\"\" width=\"800\" height=\"264\" srcset=\"https:\/\/starfarmtech.com\/wp-content\/uploads\/2025\/12\/\u56fe\u724710.jpg 983w, https:\/\/starfarmtech.com\/wp-content\/uploads\/2025\/12\/\u56fe\u724710-300x99.jpg 300w, https:\/\/starfarmtech.com\/wp-content\/uploads\/2025\/12\/\u56fe\u724710-768x253.jpg 768w, https:\/\/starfarmtech.com\/wp-content\/uploads\/2025\/12\/\u56fe\u724710-18x6.jpg 18w, https:\/\/starfarmtech.com\/wp-content\/uploads\/2025\/12\/\u56fe\u724710-600x198.jpg 600w\" sizes=\"(max-width: 800px) 100vw, 800px\" \/><\/p>\n<h3>Seedbed<\/h3>\n<p><img loading=\"lazy\" decoding=\"async\" class=\"alignnone wp-image-1786\" src=\"https:\/\/starfarmtech.com\/wp-content\/uploads\/2025\/12\/\u56fe\u724711.jpg\" alt=\"\" width=\"800\" height=\"278\" srcset=\"https:\/\/starfarmtech.com\/wp-content\/uploads\/2025\/12\/\u56fe\u724711.jpg 979w, https:\/\/starfarmtech.com\/wp-content\/uploads\/2025\/12\/\u56fe\u724711-300x104.jpg 300w, https:\/\/starfarmtech.com\/wp-content\/uploads\/2025\/12\/\u56fe\u724711-768x267.jpg 768w, https:\/\/starfarmtech.com\/wp-content\/uploads\/2025\/12\/\u56fe\u724711-18x6.jpg 18w, https:\/\/starfarmtech.com\/wp-content\/uploads\/2025\/12\/\u56fe\u724711-600x208.jpg 600w\" sizes=\"(max-width: 800px) 100vw, 800px\" \/><\/p>\n<\/div>\n<\/div>\n<\/div>\n<\/div>\n<\/div>\n<div class=\"J_module\">\n<div class=\"icbu-pc-images magic-0\">\n<div class=\"flex-layout-v\">\n<div class=\"flex-layout-h magic-0\">\n<h2 class=\"magic-26\">Product Photos<\/h2>\n<\/div>\n<\/div>\n<\/div>\n<\/div>\n<\/div>\n<\/div>\n<\/div>\n<\/div>\n<\/div>\n<div class=\"J_module\">\n<div class=\"icbu-pc-images magic-0\">\n<div>\n<div class=\"flex-layout-v\">\n<div class=\"flex-layout-h magic-0\">\n<div class=\"magic-28\"><img loading=\"lazy\" decoding=\"async\" class=\"magic-29\" src=\"https:\/\/sc04.alicdn.com\/kf\/Hc537556ef84945a2a6385f4a1368ed39i\/285753317\/Hc537556ef84945a2a6385f4a1368ed39i.jpg\" width=\"800\" height=\"533\" data-src=\"\/\/sc04.alicdn.com\/kf\/Hc537556ef84945a2a6385f4a1368ed39i\/285753317\/Hc537556ef84945a2a6385f4a1368ed39i.jpg\" alt=\"\"><noscript><img decoding=\"async\" src=\"\/\/sc04.alicdn.com\/kf\/Hc537556ef84945a2a6385f4a1368ed39i\/285753317\/Hc537556ef84945a2a6385f4a1368ed39i.jpg\" class=\"magic-29\" alt=\"\"><\/noscript><\/div>\n<\/div>\n<\/div>\n<\/div>\n<\/div>\n<\/div>\n<div class=\"J_module\">\n<div class=\"icbu-pc-images magic-0\">\n<div>\n<div class=\"flex-layout-v\">\n<div class=\"flex-layout-h magic-0\">\n<div class=\"magic-30\"><img loading=\"lazy\" decoding=\"async\" class=\"magic-31\" src=\"https:\/\/sc04.alicdn.com\/kf\/H14d38d36d13f40a2b1e459493ac5db49c\/285753317\/H14d38d36d13f40a2b1e459493ac5db49c.jpg\" width=\"800\" height=\"600\" data-src=\"\/\/sc04.alicdn.com\/kf\/H14d38d36d13f40a2b1e459493ac5db49c\/285753317\/H14d38d36d13f40a2b1e459493ac5db49c.jpg\" alt=\"\"><noscript><img decoding=\"async\" src=\"\/\/sc04.alicdn.com\/kf\/H14d38d36d13f40a2b1e459493ac5db49c\/285753317\/H14d38d36d13f40a2b1e459493ac5db49c.jpg\" class=\"magic-31\" alt=\"\"><\/noscript><\/div>\n<\/div>\n<\/div>\n<\/div>\n<\/div>\n<\/div>\n<div class=\"J_module\">\n<div class=\"icbu-pc-images magic-0\">\n<div>\n<div class=\"flex-layout-v\">\n<div class=\"flex-layout-h magic-0\">\n<div class=\"magic-32\"><img loading=\"lazy\" decoding=\"async\" class=\"magic-33\" src=\"https:\/\/sc04.alicdn.com\/kf\/Hddcaece545b54ab29e0aa263474b314bg\/285753317\/Hddcaece545b54ab29e0aa263474b314bg.png\" width=\"800\" height=\"533\" data-src=\"\/\/sc04.alicdn.com\/kf\/Hddcaece545b54ab29e0aa263474b314bg\/285753317\/Hddcaece545b54ab29e0aa263474b314bg.png\" alt=\"\"><noscript><img decoding=\"async\" src=\"\/\/sc04.alicdn.com\/kf\/Hddcaece545b54ab29e0aa263474b314bg\/285753317\/Hddcaece545b54ab29e0aa263474b314bg.png\" class=\"magic-33\" alt=\"\"><\/noscript><\/div>\n<\/div>\n<\/div>\n<\/div>\n<\/div>\n<\/div>\n<div class=\"J_module\">\n<div class=\"icbu-pc-images magic-0\">\n<div>\n<div class=\"flex-layout-v\">\n<div class=\"flex-layout-h magic-0\">\n<div class=\"magic-34\"><img loading=\"lazy\" decoding=\"async\" class=\"magic-35\" src=\"https:\/\/sc04.alicdn.com\/kf\/H80bdd692443e4ee782e6c8ede49a2b62h\/285753317\/H80bdd692443e4ee782e6c8ede49a2b62h.png\" width=\"800\" height=\"601\" data-src=\"\/\/sc04.alicdn.com\/kf\/H80bdd692443e4ee782e6c8ede49a2b62h\/285753317\/H80bdd692443e4ee782e6c8ede49a2b62h.png\" alt=\"\"><noscript><img decoding=\"async\" src=\"\/\/sc04.alicdn.com\/kf\/H80bdd692443e4ee782e6c8ede49a2b62h\/285753317\/H80bdd692443e4ee782e6c8ede49a2b62h.png\" class=\"magic-35\" alt=\"\"><\/noscript><\/div>\n<\/div>\n<\/div>\n<\/div>\n<\/div>\n<\/div>\n<div class=\"J_module\">\n<div class=\"icbu-pc-images magic-0\">\n<div>\n<div class=\"flex-layout-v\">\n<div class=\"flex-layout-h magic-0\">\n<div class=\"magic-36\"><img loading=\"lazy\" decoding=\"async\" class=\"magic-37\" src=\"https:\/\/sc04.alicdn.com\/kf\/H4724c7ec5cbc4c3798246a93be6fc232J\/285753317\/H4724c7ec5cbc4c3798246a93be6fc232J.png\" width=\"800\" height=\"691\" data-src=\"\/\/sc04.alicdn.com\/kf\/H4724c7ec5cbc4c3798246a93be6fc232J\/285753317\/H4724c7ec5cbc4c3798246a93be6fc232J.png\" alt=\"\"><noscript><img decoding=\"async\" src=\"\/\/sc04.alicdn.com\/kf\/H4724c7ec5cbc4c3798246a93be6fc232J\/285753317\/H4724c7ec5cbc4c3798246a93be6fc232J.png\" class=\"magic-37\" alt=\"\"><\/noscript><\/div>\n<\/div>\n<\/div>\n<\/div>\n<\/div>\n<\/div>\n<div class=\"J_module\">\n<div class=\"icbu-pc-images magic-0\">\n<div>\n<div class=\"flex-layout-v\">\n<div class=\"flex-layout-h magic-0\">\n<div class=\"magic-38\"><img loading=\"lazy\" decoding=\"async\" class=\"magic-39\" src=\"https:\/\/sc04.alicdn.com\/kf\/H7aaef1f2d71c4f868305b253dd7aa5330\/285753317\/H7aaef1f2d71c4f868305b253dd7aa5330.jpeg\" width=\"800\" height=\"642\" data-src=\"\/\/sc04.alicdn.com\/kf\/H7aaef1f2d71c4f868305b253dd7aa5330\/285753317\/H7aaef1f2d71c4f868305b253dd7aa5330.jpeg\" alt=\"\"><\/div>\n<\/div>\n<\/div>\n<\/div>\n<\/div>\n<\/div>\n<div class=\"J_module\">\n<div class=\"icbu-pc-images magic-0\">\n<div>\n<div class=\"flex-layout-v\">\n<div class=\"flex-layout-h magic-0\">\n<div class=\"magic-52\"><noscript><a href=\"https:\/\/starfarm.en.alibaba.com\/\" target=\"_blank\"><img decoding=\"async\" src=\"\/\/sc04.alicdn.com\/kf\/H4347b9f422ec437daf307275dbb4bd85i\/285753317\/H4347b9f422ec437daf307275dbb4bd85i.jpg\" class=\"magic-53\" alt=\"\"><\/a><\/noscript><\/div>\n<\/div>\n<\/div>\n<\/div>\n<\/div>\n<\/div>\n<\/div>","protected":false},"excerpt":{"rendered":"<p>Taille : Grand<br \/>\nType : Serres agricoles \u00e0 trav\u00e9es multiples<br \/>\nLieu d'origine : Jiangsu, Chine<br \/>\nFabricant : StarFarm<br \/>\nMat\u00e9riau du couvercle : Verre<br \/>\nNum\u00e9ro de mod\u00e8le : GH-MS-G-2501<br \/>\nNom de marque : StarFarm<br \/>\nApplication : L\u00e9gumes, fruits, fleurs, agriculture<br \/>\nCaract\u00e9ristiques : Contr\u00f4le de la temp\u00e9rature, recyclable, respectueux de l'environnement<br \/>\nVentilation : A\u00e9rations lat\u00e9rales<br \/>\nLongueur : 20-100 m, sur mesure<br \/>\nLargeur : 6-9 m<\/p>","protected":false},"featured_media":2491,"template":"","meta":[],"product_brand":[],"product_cat":[246],"product_tag":[],"class_list":{"0":"post-2492","1":"product","2":"type-product","3":"status-publish","4":"has-post-thumbnail","6":"product_cat-glass-greenhouse","8":"first","9":"instock","10":"shipping-taxable","11":"product-type-simple"},"gallery_images":[2493,2494,2495,2496,2497],"_links":{"self":[{"href":"https:\/\/starfarmtech.com\/fr\/wp-json\/wp\/v2\/product\/2492","targetHints":{"allow":["GET"]}}],"collection":[{"href":"https:\/\/starfarmtech.com\/fr\/wp-json\/wp\/v2\/product"}],"about":[{"href":"https:\/\/starfarmtech.com\/fr\/wp-json\/wp\/v2\/types\/product"}],"wp:featuredmedia":[{"embeddable":true,"href":"https:\/\/starfarmtech.com\/fr\/wp-json\/wp\/v2\/media\/2491"}],"wp:attachment":[{"href":"https:\/\/starfarmtech.com\/fr\/wp-json\/wp\/v2\/media?parent=2492"}],"wp:term":[{"taxonomy":"product_brand","embeddable":true,"href":"https:\/\/starfarmtech.com\/fr\/wp-json\/wp\/v2\/product_brand?post=2492"},{"taxonomy":"product_cat","embeddable":true,"href":"https:\/\/starfarmtech.com\/fr\/wp-json\/wp\/v2\/product_cat?post=2492"},{"taxonomy":"product_tag","embeddable":true,"href":"https:\/\/starfarmtech.com\/fr\/wp-json\/wp\/v2\/product_tag?post=2492"}],"curies":[{"name":"wp","href":"https:\/\/api.w.org\/{rel}","templated":true}]}}