{"id":1759,"date":"2025-12-09T17:10:54","date_gmt":"2025-12-09T09:10:54","guid":{"rendered":"https:\/\/starfarmtech.com\/?post_type=product&#038;p=1759"},"modified":"2026-04-02T16:47:46","modified_gmt":"2026-04-02T08:47:46","slug":"polycarbonate-sheet-greenhouse","status":"publish","type":"product","link":"https:\/\/starfarmtech.com\/fr\/product\/polycarbonate-sheet-greenhouse\/","title":{"rendered":"Serre en polycarbonate"},"content":{"rendered":"<h2>Polycarbonate Sheet Greenhouse Overview<\/h2>\n<p>Venlo polycarbonate sheet greenhouse uses single single-layer or multi-layer hollow polycarbonate sheet as the top and surrounding enclosure with a special aluminum alloy profile frame. The greenhouse framework uses hot-dip galvanized steel, with a beautiful appearance, high light transmittance good thermal insulation performance. The special anti-UV polycarbonate sheet can ensure the light transmittance and good thermal insulation performance.<\/p>\n<p>The polycarbonate sheet has characteristics of light weight, good day lighting, great thermal insulation performance, anti-UV, dew-free, hail-proof, high flame-retardant, anti-aging and etc.<\/p>\n<h2><strong><b>Feuille de polycarbonate<\/b><\/strong><\/h2>\n<ul>\n<li>Feuille de polycarbonate de 6 \u00e0 10 mm<\/li>\n<li>Haute r\u00e9sistance aux chocs<\/li>\n<li>Anti-goutte, anti-UV<\/li>\n<li>Transmission de la lumi\u00e8re&gt;88%<\/li>\n<li>Couleur : blanc<\/li>\n<li>Dur\u00e9e de vie : plus de 10 ans<\/li>\n<\/ul>\n<p><img fetchpriority=\"high\" decoding=\"async\" class=\"alignnone wp-image-1766 size-medium aligncenter\" src=\"https:\/\/starfarmtech.com\/wp-content\/uploads\/2025\/12\/PC\u677f\u6e29\u5ba4\u7167\u72475-300x300.webp\" alt=\"\" width=\"300\" height=\"300\" srcset=\"https:\/\/starfarmtech.com\/wp-content\/uploads\/2025\/12\/PC\u677f\u6e29\u5ba4\u7167\u72475-300x300.webp 300w, https:\/\/starfarmtech.com\/wp-content\/uploads\/2025\/12\/PC\u677f\u6e29\u5ba4\u7167\u72475-150x150.webp 150w, https:\/\/starfarmtech.com\/wp-content\/uploads\/2025\/12\/PC\u677f\u6e29\u5ba4\u7167\u72475-12x12.webp 12w, https:\/\/starfarmtech.com\/wp-content\/uploads\/2025\/12\/PC\u677f\u6e29\u5ba4\u7167\u72475-600x600.webp 600w, https:\/\/starfarmtech.com\/wp-content\/uploads\/2025\/12\/PC\u677f\u6e29\u5ba4\u7167\u72475.webp 750w\" sizes=\"(max-width: 300px) 100vw, 300px\" \/><\/p>\n<h2><strong><b>Structure principale<\/b><\/strong><\/h2>\n<p>La structure principale est constitu\u00e9e de tuyaux galvanis\u00e9s \u00e0 chaud et reli\u00e9s par des boulons galvanis\u00e9s \u00e0 chaud. Elle pr\u00e9sente d'excellentes performances anticorrosion et une dur\u00e9e de vie de plus de 20 ans.<\/p>\n<h2><strong><b>Mat\u00e9riau de couverture<\/b><\/strong><\/h2>\n<p>Le couvercle sup\u00e9rieur est constitu\u00e9 d'un panneau creux en polycarbonate avec une couche ext\u00e9rieure de protection contre les UV et une couche int\u00e9rieure anti-condensation. Les quatre parois sont constitu\u00e9es de panneaux creux en polycarbonate ou de verre, conform\u00e9ment aux exigences conventionnelles. En fonction des diff\u00e9rences de conditions climatiques r\u00e9gionales, dans certaines r\u00e9gions froides, les murs peuvent \u00eatre constitu\u00e9s de panneaux composites d'isolation. Des fen\u00eatres coulissantes peuvent \u00e9galement \u00eatre install\u00e9es pour augmenter la surface de ventilation de la serre.<\/p>\n<h2><strong><b>Configuration principale<\/b><\/strong><\/h2>\n<p>La serre peut \u00eatre enti\u00e8rement contr\u00f4l\u00e9e automatiquement et \u00e9quip\u00e9e de dispositifs tels que l'ombrage interne et externe, des lucarnes et des fen\u00eatres lat\u00e9rales pour la ventilation, des rideaux humides et des ventilateurs pour le refroidissement.<\/p>\n<p><strong><b>Specifications<\/b><\/strong><\/p>\n<table>\n<tbody>\n<tr>\n<td width=\"244\">Sp\u00e9cifications<\/td>\n<td width=\"592\">Detail<\/td>\n<\/tr>\n<tr>\n<td>Covering Material<\/td>\n<td>Plaque creuse en polycarbonate (4mm \/ 6mm \/ 8mm)<\/td>\n<\/tr>\n<tr>\n<td>Structure Mat\u00e9riau<\/td>\n<td>Acier galvanis\u00e9 \u00e0 chaud<\/td>\n<\/tr>\n<tr>\n<td>Largeur de la trav\u00e9e<\/td>\n<td>8m \/ 9,6m \/ 10,8m \/ 12m<\/td>\n<\/tr>\n<tr>\n<td>Longueur de la baie<\/td>\n<td>4m \/ 5m<\/td>\n<\/tr>\n<tr>\n<td>Hauteur de la goutti\u00e8re<\/td>\n<td>3m \/ 4m \/ 4,5m (personnalisable)<\/td>\n<\/tr>\n<tr>\n<td>Hauteur du sommet<\/td>\n<td>4,8m - 6,5m<\/td>\n<\/tr>\n<tr>\n<td>Charge de neige<\/td>\n<td>0,5-1,0 kN\/m\u00b2.<\/td>\n<\/tr>\n<tr>\n<td>Charge de vent<\/td>\n<td>\u2265100 km\/h<\/td>\n<\/tr>\n<tr>\n<td>Transmission de la lumi\u00e8re<\/td>\n<td>80-85%<\/td>\n<\/tr>\n<tr>\n<td>Dur\u00e9e de vie<\/td>\n<td>Feuille de PC : 10+ ans ; structure : 15-20 ans<\/td>\n<\/tr>\n<\/tbody>\n<\/table>","protected":false},"excerpt":{"rendered":"<p>Prix unitaire : 8-20 USD\/m\u00e8tre carr\u00e9<\/p>\n<p>MOQ : 500 m\u00e8tres carr\u00e9s<\/p>\n<p>Mat\u00e9riau : Acier galvanis\u00e9 + plaques creuses en PC<\/p>\n<p>Taille : Largeur et longueur personnalis\u00e9es<\/p>","protected":false},"featured_media":1763,"template":"","meta":[],"product_brand":[],"product_cat":[245],"product_tag":[],"class_list":{"0":"post-1759","1":"product","2":"type-product","3":"status-publish","4":"has-post-thumbnail","6":"product_cat-pc-board-greenhouse","8":"first","9":"instock","10":"shipping-taxable","11":"product-type-simple"},"gallery_images":[1764,1765,1766,1762],"_links":{"self":[{"href":"https:\/\/starfarmtech.com\/fr\/wp-json\/wp\/v2\/product\/1759","targetHints":{"allow":["GET"]}}],"collection":[{"href":"https:\/\/starfarmtech.com\/fr\/wp-json\/wp\/v2\/product"}],"about":[{"href":"https:\/\/starfarmtech.com\/fr\/wp-json\/wp\/v2\/types\/product"}],"wp:featuredmedia":[{"embeddable":true,"href":"https:\/\/starfarmtech.com\/fr\/wp-json\/wp\/v2\/media\/1763"}],"wp:attachment":[{"href":"https:\/\/starfarmtech.com\/fr\/wp-json\/wp\/v2\/media?parent=1759"}],"wp:term":[{"taxonomy":"product_brand","embeddable":true,"href":"https:\/\/starfarmtech.com\/fr\/wp-json\/wp\/v2\/product_brand?post=1759"},{"taxonomy":"product_cat","embeddable":true,"href":"https:\/\/starfarmtech.com\/fr\/wp-json\/wp\/v2\/product_cat?post=1759"},{"taxonomy":"product_tag","embeddable":true,"href":"https:\/\/starfarmtech.com\/fr\/wp-json\/wp\/v2\/product_tag?post=1759"}],"curies":[{"name":"wp","href":"https:\/\/api.w.org\/{rel}","templated":true}]}}