{"id":3,"date":"2025-11-04T09:15:27","date_gmt":"2025-11-04T09:15:27","guid":{"rendered":"https:\/\/starfarmtech.com\/?page_id=3"},"modified":"2026-01-31T00:01:57","modified_gmt":"2026-01-30T16:01:57","slug":"privacy-policy","status":"publish","type":"page","link":"https:\/\/starfarmtech.com\/fr\/privacy-policy\/","title":{"rendered":"Politique de confidentialit\u00e9"},"content":{"rendered":"<div data-elementor-type=\"wp-page\" data-elementor-id=\"3\" class=\"elementor elementor-3\" data-elementor-post-type=\"page\">\n\t\t\t\t<div class=\"elementor-element elementor-element-0fa43b3 e-flex e-con-boxed e-con e-parent\" data-id=\"0fa43b3\" data-element_type=\"container\" data-e-type=\"container\" data-settings=\"{&quot;background_background&quot;:&quot;classic&quot;}\">\n\t\t\t\t\t<div class=\"e-con-inner\">\n\t\t<div class=\"elementor-element elementor-element-48fae01 e-con-full e-flex e-con e-child\" data-id=\"48fae01\" data-element_type=\"container\" data-e-type=\"container\">\n\t\t\t\t<div class=\"elementor-element elementor-element-bd55e7f elementor-invisible elementor-widget elementor-widget-heading\" data-id=\"bd55e7f\" data-element_type=\"widget\" data-e-type=\"widget\" data-settings=\"{&quot;_animation&quot;:&quot;fadeInUp&quot;,&quot;_animation_delay&quot;:200}\" data-widget_type=\"heading.default\">\n\t\t\t\t\t<h1 class=\"elementor-heading-title elementor-size-default\">Politique de confidentialit\u00e9<\/h1>\t\t\t\t<\/div>\n\t\t\t\t<div class=\"elementor-element elementor-element-d322d44 elementor-widget-divider--view-line elementor-invisible elementor-widget elementor-widget-divider\" data-id=\"d322d44\" data-element_type=\"widget\" data-e-type=\"widget\" data-settings=\"{&quot;_animation&quot;:&quot;fadeIn&quot;,&quot;_animation_delay&quot;:200}\" data-widget_type=\"divider.default\">\n\t\t\t\t\t\t\t<div class=\"elementor-divider\">\n\t\t\t<span class=\"elementor-divider-separator\">\n\t\t\t\t\t\t<\/span>\n\t\t<\/div>\n\t\t\t\t\t\t<\/div>\n\t\t<div class=\"elementor-element elementor-element-a6fa459 e-con-full e-flex e-con e-child\" data-id=\"a6fa459\" data-element_type=\"container\" data-e-type=\"container\">\n\t\t\t\t<div class=\"elementor-element elementor-element-a7e68da elementor-icon-list--layout-inline elementor-list-item-link-full_width elementor-invisible elementor-widget elementor-widget-icon-list\" data-id=\"a7e68da\" data-element_type=\"widget\" data-e-type=\"widget\" data-settings=\"{&quot;_animation&quot;:&quot;fadeInUp&quot;,&quot;_animation_delay&quot;:400}\" data-widget_type=\"icon-list.default\">\n\t\t\t\t\t\t\t<ul class=\"elementor-icon-list-items elementor-inline-items\">\n\t\t\t\t\t\t\t<li class=\"elementor-icon-list-item elementor-inline-item\">\n\t\t\t\t\t\t\t\t\t\t\t<a href=\"\/fr\/\">\n\n\t\t\t\t\t\t\t\t\t\t\t\t<span class=\"elementor-icon-list-icon\">\n\t\t\t\t\t\t\t<svg aria-hidden=\"true\" class=\"e-font-icon-svg e-fas-home\" viewbox=\"0 0 576 512\" xmlns=\"http:\/\/www.w3.org\/2000\/svg\"><path d=\"M280.37 148.26L96 300.11V464a16 16 0 0 0 16 16l112.06-.29a16 16 0 0 0 15.92-16V368a16 16 0 0 1 16-16h64a16 16 0 0 1 16 16v95.64a16 16 0 0 0 16 16.05L464 480a16 16 0 0 0 16-16V300L295.67 148.26a12.19 12.19 0 0 0-15.3 0zM571.6 251.47L488 182.56V44.05a12 12 0 0 0-12-12h-56a12 12 0 0 0-12 12v72.61L318.47 43a48 48 0 0 0-61 0L4.34 251.47a12 12 0 0 0-1.6 16.9l25.5 31A12 12 0 0 0 45.15 301l235.22-193.74a12.19 12.19 0 0 1 15.3 0L530.9 301a12 12 0 0 0 16.9-1.6l25.5-31a12 12 0 0 0-1.7-16.93z\"><\/path><\/svg>\t\t\t\t\t\t<\/span>\n\t\t\t\t\t\t\t\t\t\t<span class=\"elementor-icon-list-text\">Accueil<\/span>\n\t\t\t\t\t\t\t\t\t\t\t<\/a>\n\t\t\t\t\t\t\t\t\t<\/li>\n\t\t\t\t\t\t\t\t<li class=\"elementor-icon-list-item elementor-inline-item\">\n\t\t\t\t\t\t\t\t\t\t\t<span class=\"elementor-icon-list-icon\">\n\t\t\t\t\t\t\t<svg aria-hidden=\"true\" class=\"e-font-icon-svg e-fas-angle-right\" viewbox=\"0 0 256 512\" xmlns=\"http:\/\/www.w3.org\/2000\/svg\"><path d=\"M224.3 273l-136 136c-9.4 9.4-24.6 9.4-33.9 0l-22.6-22.6c-9.4-9.4-9.4-24.6 0-33.9l96.4-96.4-96.4-96.4c-9.4-9.4-9.4-24.6 0-33.9L54.3 103c9.4-9.4 24.6-9.4 33.9 0l136 136c9.5 9.4 9.5 24.6.1 34z\"><\/path><\/svg>\t\t\t\t\t\t<\/span>\n\t\t\t\t\t\t\t\t\t\t<span class=\"elementor-icon-list-text\"><\/span>\n\t\t\t\t\t\t\t\t\t<\/li>\n\t\t\t\t\t\t<\/ul>\n\t\t\t\t\t\t<\/div>\n\t\t\t\t<\/div>\n\t\t\t\t<\/div>\n\t\t\t\t\t<\/div>\n\t\t\t\t<\/div>\n\t\t<div class=\"elementor-element elementor-element-c641758 e-flex e-con-boxed e-con e-parent\" data-id=\"c641758\" data-element_type=\"container\" data-e-type=\"container\">\n\t\t\t\t\t<div class=\"e-con-inner\">\n\t\t\t\t<div class=\"elementor-element elementor-element-daf26f9 elementor-widget elementor-widget-text-editor\" data-id=\"daf26f9\" data-element_type=\"widget\" data-e-type=\"widget\" data-widget_type=\"text-editor.default\">\n\t\t\t\t\t\t\t\t\t<p>Derni\u00e8re mise \u00e0 jour : 24 novembre 2025<\/p><p>La pr\u00e9sente politique de confidentialit\u00e9 d\u00e9crit nos politiques et proc\u00e9dures en mati\u00e8re de collecte, d'utilisation et de divulgation de vos informations lorsque vous utilisez le service et vous informe de vos droits en mati\u00e8re de confidentialit\u00e9 et de la mani\u00e8re dont la loi vous prot\u00e8ge.<\/p><p>Nous utilisons vos donn\u00e9es personnelles pour fournir et am\u00e9liorer le service. En utilisant le service, vous acceptez la collecte et l'utilisation des informations conform\u00e9ment \u00e0 la pr\u00e9sente politique de confidentialit\u00e9.<\/p><h2>Interpr\u00e9tation et d\u00e9finitions<\/h2><h3>Interpr\u00e9tation<\/h3><p>Les mots dont les lettres initiales sont en majuscules ont des significations d\u00e9finies dans les conditions suivantes. Les d\u00e9finitions suivantes ont la m\u00eame signification, qu'elles apparaissent au singulier ou au pluriel.<\/p><h3>D\u00e9finitions<\/h3><p>Aux fins de la pr\u00e9sente politique de confidentialit\u00e9 :<\/p><ul><li><strong>Compte<\/strong> d\u00e9signe un compte unique cr\u00e9\u00e9 pour vous afin d'acc\u00e9der \u00e0 notre service ou \u00e0 des parties de notre service.<\/li><li><strong>Affiliation<\/strong> d\u00e9signe une entit\u00e9 qui contr\u00f4le, est contr\u00f4l\u00e9e par ou est sous contr\u00f4le commun avec une partie, le terme \u201ccontr\u00f4le\u201d d\u00e9signant la propri\u00e9t\u00e9 d'au moins 50% des actions, participations ou autres titres donnant droit \u00e0 un vote pour l'\u00e9lection des administrateurs ou d'autres responsables de la gestion.<\/li><li><strong>Entreprise<\/strong> (d\u00e9sign\u00e9e par \u201cl'Entreprise\u201d, \u201cNous\u201d, \u201cNotre\u201d ou \u201cNos\u201d dans le pr\u00e9sent Accord) se r\u00e9f\u00e8re \u00e0 StarFarm, No. 33, Xiaohang Road, Yuhuatai District, Nanjing City, Jiangsu Province- China.<\/li><li><strong>Cookies<\/strong> sont de petits fichiers plac\u00e9s sur votre ordinateur, votre appareil mobile ou tout autre appareil par un site web, contenant les d\u00e9tails de votre historique de navigation sur ce site web parmi ses nombreuses utilisations.<\/li><li><strong>Pays<\/strong> se r\u00e9f\u00e8re \u00e0 : la Chine<\/li><li><strong>Dispositif<\/strong> d\u00e9signe tout appareil pouvant acc\u00e9der au Service, tel qu'un ordinateur, un t\u00e9l\u00e9phone portable ou une tablette num\u00e9rique.<\/li><li><strong>Donn\u00e9es personnelles<\/strong> est toute information qui se rapporte \u00e0 une personne identifi\u00e9e ou identifiable.<\/li><li><strong>Service<\/strong> fait r\u00e9f\u00e9rence au site web.<\/li><li><strong>Prestataire de services<\/strong> d\u00e9signe toute personne physique ou morale qui traite les donn\u00e9es pour le compte de la Soci\u00e9t\u00e9. Il s'agit de soci\u00e9t\u00e9s tierces ou de personnes employ\u00e9es par la soci\u00e9t\u00e9 pour faciliter le service, pour fournir le service au nom de la soci\u00e9t\u00e9, pour fournir des services li\u00e9s au service ou pour aider la soci\u00e9t\u00e9 \u00e0 analyser la mani\u00e8re dont le service est utilis\u00e9.<\/li><li><strong>Donn\u00e9es d'utilisation<\/strong> se r\u00e9f\u00e8re aux donn\u00e9es collect\u00e9es automatiquement, soit g\u00e9n\u00e9r\u00e9es par l'utilisation du service, soit provenant de l'infrastructure du service elle-m\u00eame (par exemple, la dur\u00e9e de la visite d'une page).<\/li><li><strong>Site web<\/strong> se r\u00e9f\u00e8re \u00e0 StarFarm, accessible \u00e0 partir de <a href=\"https:\/\/starfarmtech.com\/fr\/\" target=\"_blank\" rel=\"external nofollow noopener\">https:\/\/starfarmtech.com<\/a><\/li><li><strong>Vous<\/strong> d\u00e9signe la personne qui acc\u00e8de au service ou l'utilise, ou la soci\u00e9t\u00e9 ou autre entit\u00e9 juridique au nom de laquelle cette personne acc\u00e8de au service ou l'utilise, selon le cas.<\/li><\/ul><h2>Collecte et utilisation de vos donn\u00e9es personnelles<\/h2><h3>Types de donn\u00e9es collect\u00e9es<\/h3><h4>Donn\u00e9es personnelles<\/h4><p>Lors de l'utilisation de notre service, nous pouvons vous demander de nous fournir certaines informations personnellement identifiables qui peuvent \u00eatre utilis\u00e9es pour vous contacter ou vous identifier. Les informations personnellement identifiables peuvent inclure, mais ne sont pas limit\u00e9es \u00e0 :<\/p><ul><li>Adresse \u00e9lectronique<\/li><li>Pr\u00e9nom et nom de famille<\/li><li>Num\u00e9ro de t\u00e9l\u00e9phone<\/li><li>Adresse, \u00c9tat, Province, Code postal, Ville<\/li><li>Donn\u00e9es d'utilisation<\/li><\/ul><h4>Donn\u00e9es d'utilisation<\/h4><p>Les donn\u00e9es d'utilisation sont collect\u00e9es automatiquement lors de l'utilisation du service.<\/p><p>Les donn\u00e9es d'utilisation peuvent inclure des informations telles que l'adresse de protocole Internet de votre appareil (par exemple, l'adresse IP), le type de navigateur, la version du navigateur, les pages de notre service que vous visitez, l'heure et la date de votre visite, le temps pass\u00e9 sur ces pages, les identifiants uniques de l'appareil et d'autres donn\u00e9es de diagnostic.<\/p><p>Lorsque vous acc\u00e9dez au service par ou via un appareil mobile, nous pouvons collecter certaines informations automatiquement, y compris, mais sans s'y limiter, le type d'appareil mobile que vous utilisez, l'identifiant unique de votre appareil mobile, l'adresse IP de votre appareil mobile, votre syst\u00e8me d'exploitation mobile, le type de navigateur Internet mobile que vous utilisez, les identifiants uniques de l'appareil et d'autres donn\u00e9es de diagnostic.<\/p><p>Nous pouvons \u00e9galement collecter des informations que votre navigateur envoie lorsque vous visitez notre service ou lorsque vous acc\u00e9dez au service par ou via un appareil mobile.<\/p><h4>Technologies de suivi et cookies<\/h4><p>Nous utilisons des cookies et des technologies de suivi similaires pour suivre l'activit\u00e9 sur notre service et stocker certaines informations. Les technologies de suivi que nous utilisons comprennent des balises, des tags et des scripts pour collecter et suivre les informations et pour am\u00e9liorer et analyser notre service. Les technologies que nous utilisons peuvent inclure :<\/p><ul><li><strong>Cookies ou t\u00e9moins de navigation.<\/strong> Un cookie est un petit fichier plac\u00e9 sur votre appareil. Vous pouvez configurer votre navigateur pour qu'il refuse tous les cookies ou pour qu'il vous indique quand un cookie est envoy\u00e9. Toutefois, si vous n'acceptez pas les cookies, il se peut que vous ne puissiez pas utiliser certaines parties de notre service. \u00c0 moins que vous n'ayez r\u00e9gl\u00e9 les param\u00e8tres de votre navigateur de mani\u00e8re \u00e0 ce qu'il refuse les cookies, notre service peut utiliser des cookies.<\/li><li><strong>Balises Web.<\/strong> Certaines sections de notre service et de nos courriels peuvent contenir de petits fichiers \u00e9lectroniques connus sous le nom de balises web (\u00e9galement appel\u00e9es pixels invisibles, pixel tags et single-pixel gifs) qui permettent \u00e0 l'entreprise, par exemple, de compter les utilisateurs qui ont visit\u00e9 ces pages ou ouvert un courriel et d'\u00e9tablir d'autres statistiques li\u00e9es au site web (par exemple, enregistrer la popularit\u00e9 d'une certaine section et v\u00e9rifier l'int\u00e9grit\u00e9 du syst\u00e8me et du serveur).<\/li><\/ul><p>Les cookies peuvent \u00eatre \u201cpersistants\u201d ou \u201cde session\u201d. Les cookies persistants restent sur votre ordinateur personnel ou votre appareil mobile lorsque vous \u00eates hors ligne, tandis que les cookies de session sont supprim\u00e9s d\u00e8s que vous fermez votre navigateur web.<\/p><p>Nous utilisons des cookies de session et des cookies persistants aux fins d\u00e9crites ci-dessous :<\/p><ul><li><strong>Necessary \/ Essential Cookies<\/strong><p>Type: Session Cookies<\/p><p>Administered by: Us<\/p><p>Purpose: These Cookies are essential to provide You with services available through the Website and to enable You to use some of its features. They help to authenticate users and prevent fraudulent use of user accounts. Without these Cookies, the services that You have asked for cannot be provided, and We only use these Cookies to provide You with those services.<\/p><\/li><li><strong>Cookies Policy \/ Notice Acceptance Cookies<\/strong><p>Type: Persistent Cookies<\/p><p>Administered by: Us<\/p><p>Purpose: These Cookies identify if users have accepted the use of cookies on the Website.<\/p><\/li><li><strong>Functionality Cookies<\/strong><p>Type: Persistent Cookies<\/p><p>Administered by: Us<\/p><p>Purpose: These Cookies allow us to remember choices You make when You use the Website, such as remembering your login details or language preference. The purpose of these Cookies is to provide You with a more personal experience and to avoid You having to re-enter your preferences every time You use the Website.<\/p><\/li><\/ul><p>For more information about the cookies we use and your choices regarding cookies, please visit our Cookies Policy or the Cookies section of our Privacy Policy.<\/p><h3>Use of Your Personal Data<\/h3><p>The Company may use Personal Data for the following purposes:<\/p><ul><li><strong>To provide and maintain our Service<\/strong>, including to monitor the usage of our Service.<\/li><li><strong>To manage Your Account:<\/strong> to manage Your registration as a user of the Service. The Personal Data You provide can give You access to different functionalities of the Service that are available to You as a registered user.<\/li><li><strong>For the performance of a contract:<\/strong> the development, compliance and undertaking of the purchase contract for the products, items or services You have purchased or of any other contract with Us through the Service.<\/li><li><strong>To contact You:<\/strong> To contact You by email, telephone calls, SMS, or other equivalent forms of electronic communication, such as a mobile application&#8217;s push notifications regarding updates or informative communications related to the functionalities, products or contracted services, including the security updates, when necessary or reasonable for their implementation.<\/li><li><strong>To provide You<\/strong> with news, special offers, and general information about other goods, services and events which We offer that are similar to those that you have already purchased or inquired about unless You have opted not to receive such information.<\/li><li><strong>To manage Your requests:<\/strong> To attend and manage Your requests to Us.<\/li><li><strong>For business transfers:<\/strong> We may use Your information to evaluate or conduct a merger, divestiture, restructuring, reorganization, dissolution, or other sale or transfer of some or all of Our assets, whether as a going concern or as part of bankruptcy, liquidation, or similar proceeding, in which Personal Data held by Us about our Service users is among the assets transferred.<\/li><li><strong>For other purposes<\/strong>: We may use Your information for other purposes, such as data analysis, identifying usage trends, determining the effectiveness of our promotional campaigns and to evaluate and improve our Service, products, services, marketing and your experience.<\/li><\/ul><p>We may share Your personal information in the following situations:<\/p><ul><li><strong>With Service Providers:<\/strong> We may share Your personal information with Service Providers to monitor and analyze the use of our Service, to contact You.<\/li><li><strong>For business transfers:<\/strong> We may share or transfer Your personal information in connection with, or during negotiations of, any merger, sale of Company assets, financing, or acquisition of all or a portion of Our business to another company.<\/li><li><strong>With Affiliates:<\/strong> We may share Your information with Our affiliates, in which case we will require those affiliates to honor this Privacy Policy. Affiliates include Our parent company and any other subsidiaries, joint venture partners or other companies that We control or that are under common control with Us.<\/li><li><strong>With business partners:<\/strong> We may share Your information with Our business partners to offer You certain products, services or promotions.<\/li><li><strong>With other users:<\/strong> when You share personal information or otherwise interact in the public areas with other users, such information may be viewed by all users and may be publicly distributed outside.<\/li><li><strong>With Your consent<\/strong>: We may disclose Your personal information for any other purpose with Your consent.<\/li><\/ul><h3>Retention of Your Personal Data<\/h3><p>The Company will retain Your Personal Data only for as long as is necessary for the purposes set out in this Privacy Policy. We will retain and use Your Personal Data to the extent necessary to comply with our legal obligations (for example, if we are required to retain your data to comply with applicable laws), resolve disputes, and enforce our legal agreements and policies.<\/p><p>The Company will also retain Usage Data for internal analysis purposes. Usage Data is generally retained for a shorter period of time, except when this data is used to strengthen the security or to improve the functionality of Our Service, or We are legally obligated to retain this data for longer periods.<\/p><h3>Transfer of Your Personal Data<\/h3><p>Your information, including Personal Data, is processed at the Company&#8217;s operating offices and in any other places where the parties involved in the processing are located. It means that this information may be transferred to \u2014 and maintained on \u2014 computers located outside of Your state, province, country or other governmental jurisdiction where the data protection laws may differ from those from Your jurisdiction.<\/p><p>Your consent to this Privacy Policy followed by Your submission of such information represents Your agreement to that transfer.<\/p><p>The Company will take all steps reasonably necessary to ensure that Your data is treated securely and in accordance with this Privacy Policy and no transfer of Your Personal Data will take place to an organization or a country unless there are adequate controls in place including the security of Your data and other personal information.<\/p><h3>Delete Your Personal Data<\/h3><p>You have the right to delete or request that We assist in deleting the Personal Data that We have collected about You.<\/p><p>Our Service may give You the ability to delete certain information about You from within the Service.<\/p><p>You may update, amend, or delete Your information at any time by signing in to Your Account, if you have one, and visiting the account settings section that allows you to manage Your personal information. You may also contact Us to request access to, correct, or delete any personal information that You have provided to Us.<\/p><p>Please note, however, that We may need to retain certain information when we have a legal obligation or lawful basis to do so.<\/p><h3>Disclosure of Your Personal Data<\/h3><h4>Business Transactions<\/h4><p>If the Company is involved in a merger, acquisition or asset sale, Your Personal Data may be transferred. We will provide notice before Your Personal Data is transferred and becomes subject to a different Privacy Policy.<\/p><h4>Law enforcement<\/h4><p>Under certain circumstances, the Company may be required to disclose Your Personal Data if required to do so by law or in response to valid requests by public authorities (e.g. a court or a government agency).<\/p><h4>Other legal requirements<\/h4><p>The Company may disclose Your Personal Data in the good faith belief that such action is necessary to:<\/p><ul><li>Comply with a legal obligation<\/li><li>Protect and defend the rights or property of the Company<\/li><li>Prevent or investigate possible wrongdoing in connection with the Service<\/li><li>Protect the personal safety of Users of the Service or the public<\/li><li>Protect against legal liability<\/li><\/ul><h3>Security of Your Personal Data<\/h3><p>The security of Your Personal Data is important to Us, but remember that no method of transmission over the Internet, or method of electronic storage is 100% secure. While We strive to use commercially reasonable means to protect Your Personal Data, We cannot guarantee its absolute security.<\/p><h2>Children&#8217;s Privacy<\/h2><p>Our Service does not address anyone under the age of 13. We do not knowingly collect personally identifiable information from anyone under the age of 13. If You are a parent or guardian and You are aware that Your child has provided Us with Personal Data, please contact Us. If We become aware that We have collected Personal Data from anyone under the age of 13 without verification of parental consent, We take steps to remove that information from Our servers.<\/p><p>If We need to rely on consent as a legal basis for processing Your information and Your country requires consent from a parent, We may require Your parent&#8217;s consent before We collect and use that information.<\/p><h2>Links to Other Websites<\/h2><p>Our Service may contain links to other websites that are not operated by Us. If You click on a third party link, You will be directed to that third party&#8217;s site. We strongly advise You to review the Privacy Policy of every site You visit.<\/p><p>We have no control over and assume no responsibility for the content, privacy policies or practices of any third party sites or services.<\/p><h2>Changes to this Privacy Policy<\/h2><p>We may update Our Privacy Policy from time to time. We will notify You of any changes by posting the new Privacy Policy on this page.<\/p><p>We will let You know via email and\/or a prominent notice on Our Service, prior to the change becoming effective and update the &#8220;Last updated&#8221; date at the top of this Privacy Policy.<\/p><p>You are advised to review this Privacy Policy periodically for any changes. Changes to this Privacy Policy are effective when they are posted on this page.<\/p><h2>Nous contacter<\/h2><p>If you have any questions about this Privacy Policy, You can contact us:<\/p><ul><li>By email: vincentzhao@starfarmtech.com<\/li><li>By visiting this page on our website: <a href=\"https:\/\/starfarmtech.com\/fr\/contact-us\/\" target=\"_blank\" rel=\"external nofollow noopener\">https:\/\/starfarmtech.com\/contact-us\/<\/a><\/li><li>By phone: +8618013910817<\/li><\/ul>\t\t\t\t\t\t\t\t<\/div>\n\t\t\t\t\t<\/div>\n\t\t\t\t<\/div>\n\t\t\t\t<\/div>","protected":false},"excerpt":{"rendered":"<p>Home Last updated: November 24, 2025 This Privacy Policy describes Our policies and procedures on the collection, use and disclosure of Your information when You use the Service and tells You about Your privacy rights and how the law protects You. We use Your Personal data to provide and improve the Service. By using the [&hellip;]<\/p>\n","protected":false},"author":1,"featured_media":0,"parent":0,"menu_order":0,"comment_status":"closed","ping_status":"open","template":"","meta":{"footnotes":""},"class_list":["post-3","page","type-page","status-publish","hentry"],"_links":{"self":[{"href":"https:\/\/starfarmtech.com\/fr\/wp-json\/wp\/v2\/pages\/3","targetHints":{"allow":["GET"]}}],"collection":[{"href":"https:\/\/starfarmtech.com\/fr\/wp-json\/wp\/v2\/pages"}],"about":[{"href":"https:\/\/starfarmtech.com\/fr\/wp-json\/wp\/v2\/types\/page"}],"author":[{"embeddable":true,"href":"https:\/\/starfarmtech.com\/fr\/wp-json\/wp\/v2\/users\/1"}],"replies":[{"embeddable":true,"href":"https:\/\/starfarmtech.com\/fr\/wp-json\/wp\/v2\/comments?post=3"}],"version-history":[{"count":0,"href":"https:\/\/starfarmtech.com\/fr\/wp-json\/wp\/v2\/pages\/3\/revisions"}],"wp:attachment":[{"href":"https:\/\/starfarmtech.com\/fr\/wp-json\/wp\/v2\/media?parent=3"}],"curies":[{"name":"wp","href":"https:\/\/api.w.org\/{rel}","templated":true}]}}