{"id":4288,"date":"2026-04-23T17:30:17","date_gmt":"2026-04-23T09:30:17","guid":{"rendered":"https:\/\/starfarmtech.com\/product\/hydroponic-pineapple-tower-lamp-system\/"},"modified":"2026-04-24T08:23:24","modified_gmt":"2026-04-24T00:23:24","slug":"hydroponic-pineapple-tower-lamp-system","status":"publish","type":"product","link":"https:\/\/starfarmtech.com\/es\/product\/hydroponic-pineapple-tower-lamp-system\/","title":{"rendered":"Sistema hidrop\u00f3nico de l\u00e1mpara de torre para pi\u00f1as"},"content":{"rendered":"","protected":false},"excerpt":{"rendered":"","protected":false},"featured_media":4287,"template":"","meta":[],"product_brand":[],"product_cat":[258],"product_tag":[],"class_list":{"0":"post-4288","1":"product","2":"type-product","3":"status-publish","4":"has-post-thumbnail","6":"product_cat-hydroponic-tower","8":"first","9":"instock","10":"shipping-taxable","11":"product-type-simple"},"gallery_images":[4289,4290,4291,4292,4293],"_links":{"self":[{"href":"https:\/\/starfarmtech.com\/es\/wp-json\/wp\/v2\/product\/4288","targetHints":{"allow":["GET"]}}],"collection":[{"href":"https:\/\/starfarmtech.com\/es\/wp-json\/wp\/v2\/product"}],"about":[{"href":"https:\/\/starfarmtech.com\/es\/wp-json\/wp\/v2\/types\/product"}],"wp:featuredmedia":[{"embeddable":true,"href":"https:\/\/starfarmtech.com\/es\/wp-json\/wp\/v2\/media\/4287"}],"wp:attachment":[{"href":"https:\/\/starfarmtech.com\/es\/wp-json\/wp\/v2\/media?parent=4288"}],"wp:term":[{"taxonomy":"product_brand","embeddable":true,"href":"https:\/\/starfarmtech.com\/es\/wp-json\/wp\/v2\/product_brand?post=4288"},{"taxonomy":"product_cat","embeddable":true,"href":"https:\/\/starfarmtech.com\/es\/wp-json\/wp\/v2\/product_cat?post=4288"},{"taxonomy":"product_tag","embeddable":true,"href":"https:\/\/starfarmtech.com\/es\/wp-json\/wp\/v2\/product_tag?post=4288"}],"curies":[{"name":"wp","href":"https:\/\/api.w.org\/{rel}","templated":true}]}}