{"id":4260,"date":"2026-04-23T17:29:59","date_gmt":"2026-04-23T09:29:59","guid":{"rendered":"https:\/\/starfarmtech.com\/product\/greenhouse-indoor-aeroponic-hydroponic-system-pineapple-tower\/"},"modified":"2026-04-24T08:24:40","modified_gmt":"2026-04-24T00:24:40","slug":"greenhouse-indoor-aeroponic-hydroponic-system-pineapple-tower","status":"publish","type":"product","link":"https:\/\/starfarmtech.com\/es\/product\/greenhouse-indoor-aeroponic-hydroponic-system-pineapple-tower\/","title":{"rendered":"Invernadero Sistema hidrop\u00f3nico aerop\u00f3nico de interior Torre de pi\u00f1a"},"content":{"rendered":"","protected":false},"excerpt":{"rendered":"","protected":false},"featured_media":4259,"template":"","meta":[],"product_brand":[],"product_cat":[258],"product_tag":[],"class_list":{"0":"post-4260","1":"product","2":"type-product","3":"status-publish","4":"has-post-thumbnail","6":"product_cat-hydroponic-tower","8":"first","9":"instock","10":"shipping-taxable","11":"product-type-simple"},"gallery_images":[4261,4262,4263,4264,4265],"_links":{"self":[{"href":"https:\/\/starfarmtech.com\/es\/wp-json\/wp\/v2\/product\/4260","targetHints":{"allow":["GET"]}}],"collection":[{"href":"https:\/\/starfarmtech.com\/es\/wp-json\/wp\/v2\/product"}],"about":[{"href":"https:\/\/starfarmtech.com\/es\/wp-json\/wp\/v2\/types\/product"}],"wp:featuredmedia":[{"embeddable":true,"href":"https:\/\/starfarmtech.com\/es\/wp-json\/wp\/v2\/media\/4259"}],"wp:attachment":[{"href":"https:\/\/starfarmtech.com\/es\/wp-json\/wp\/v2\/media?parent=4260"}],"wp:term":[{"taxonomy":"product_brand","embeddable":true,"href":"https:\/\/starfarmtech.com\/es\/wp-json\/wp\/v2\/product_brand?post=4260"},{"taxonomy":"product_cat","embeddable":true,"href":"https:\/\/starfarmtech.com\/es\/wp-json\/wp\/v2\/product_cat?post=4260"},{"taxonomy":"product_tag","embeddable":true,"href":"https:\/\/starfarmtech.com\/es\/wp-json\/wp\/v2\/product_tag?post=4260"}],"curies":[{"name":"wp","href":"https:\/\/api.w.org\/{rel}","templated":true}]}}