{"id":1759,"date":"2025-12-09T17:10:54","date_gmt":"2025-12-09T09:10:54","guid":{"rendered":"https:\/\/starfarmtech.com\/?post_type=product&#038;p=1759"},"modified":"2026-04-02T16:47:46","modified_gmt":"2026-04-02T08:47:46","slug":"polycarbonate-sheet-greenhouse","status":"publish","type":"product","link":"https:\/\/starfarmtech.com\/es\/product\/polycarbonate-sheet-greenhouse\/","title":{"rendered":"Invernadero de l\u00e1minas de policarbonato"},"content":{"rendered":"<h2>Polycarbonate Sheet Greenhouse Overview<\/h2>\n<p>Venlo polycarbonate sheet greenhouse uses single single-layer or multi-layer hollow polycarbonate sheet as the top and surrounding enclosure with a special aluminum alloy profile frame. The greenhouse framework uses hot-dip galvanized steel, with a beautiful appearance, high light transmittance good thermal insulation performance. The special anti-UV polycarbonate sheet can ensure the light transmittance and good thermal insulation performance.<\/p>\n<p>The polycarbonate sheet has characteristics of light weight, good day lighting, great thermal insulation performance, anti-UV, dew-free, hail-proof, high flame-retardant, anti-aging and etc.<\/p>\n<h2><strong><b>Plancha de policarbonato<\/b><\/strong><\/h2>\n<ul>\n<li>L\u00e1mina de policarbonato de 6-10 mm<\/li>\n<li>Gran resistencia a los golpes<\/li>\n<li>Antigoteo, Anti UV<\/li>\n<li>Transmitancia luminosa&gt;88%<\/li>\n<li>Color: blanco<\/li>\n<li>Vida \u00fatil: m\u00e1s de 10 a\u00f1os<\/li>\n<\/ul>\n<p><img fetchpriority=\"high\" decoding=\"async\" class=\"alignnone wp-image-1766 size-medium aligncenter\" src=\"https:\/\/starfarmtech.com\/wp-content\/uploads\/2025\/12\/PC\u677f\u6e29\u5ba4\u7167\u72475-300x300.webp\" alt=\"\" width=\"300\" height=\"300\" srcset=\"https:\/\/starfarmtech.com\/wp-content\/uploads\/2025\/12\/PC\u677f\u6e29\u5ba4\u7167\u72475-300x300.webp 300w, https:\/\/starfarmtech.com\/wp-content\/uploads\/2025\/12\/PC\u677f\u6e29\u5ba4\u7167\u72475-150x150.webp 150w, https:\/\/starfarmtech.com\/wp-content\/uploads\/2025\/12\/PC\u677f\u6e29\u5ba4\u7167\u72475-12x12.webp 12w, https:\/\/starfarmtech.com\/wp-content\/uploads\/2025\/12\/PC\u677f\u6e29\u5ba4\u7167\u72475-600x600.webp 600w, https:\/\/starfarmtech.com\/wp-content\/uploads\/2025\/12\/PC\u677f\u6e29\u5ba4\u7167\u72475.webp 750w\" sizes=\"(max-width: 300px) 100vw, 300px\" \/><\/p>\n<h2><strong><b>Estructura principal<\/b><\/strong><\/h2>\n<p>La estructura principal est\u00e1 hecha de tubos galvanizados en caliente y conectados por pernos galvanizados en caliente, presentando un excelente rendimiento anticorrosi\u00f3n y una vida \u00fatil de m\u00e1s de 20 a\u00f1os.<\/p>\n<h2><strong><b>Material de recubrimiento<\/b><\/strong><\/h2>\n<p>La cubierta superior es de placa hueca de policarbonato con una capa exterior de protecci\u00f3n contra los rayos UV y una capa interior anticondensaci\u00f3n. Las cuatro paredes son de placa hueca de policarbonato o de vidrio, seg\u00fan los requisitos convencionales. Dependiendo de las diferencias en las condiciones clim\u00e1ticas regionales, en algunas regiones fr\u00edas, las paredes pueden ser de tableros compuestos aislantes. Tambi\u00e9n se pueden instalar ventanas correderas para aumentar la superficie de ventilaci\u00f3n del invernadero.<\/p>\n<h2><strong><b>Configuraci\u00f3n principal<\/b><\/strong><\/h2>\n<p>El invernadero puede controlarse de forma totalmente autom\u00e1tica y equiparse con instalaciones como sombreado interior y exterior, claraboyas y ventanas laterales para ventilaci\u00f3n, cortinas h\u00famedas y ventiladores para refrigeraci\u00f3n.<\/p>\n<p><strong><b>Specifications<\/b><\/strong><\/p>\n<table>\n<tbody>\n<tr>\n<td width=\"244\">Especificaci\u00f3n<\/td>\n<td width=\"592\">Detail<\/td>\n<\/tr>\n<tr>\n<td>Covering Material<\/td>\n<td>Plancha hueca de policarbonato (4mm \/ 6mm \/ 8mm)<\/td>\n<\/tr>\n<tr>\n<td>Estructura Material<\/td>\n<td>Acero galvanizado en caliente<\/td>\n<\/tr>\n<tr>\n<td>Ancho de vano<\/td>\n<td>8 m \/ 9,6 m \/ 10,8 m \/ 12 m<\/td>\n<\/tr>\n<tr>\n<td>Longitud de la bah\u00eda<\/td>\n<td>4m \/ 5m<\/td>\n<\/tr>\n<tr>\n<td>Altura del canal\u00f3n<\/td>\n<td>3 m \/ 4 m \/ 4,5 m (personalizable)<\/td>\n<\/tr>\n<tr>\n<td>Altura superior<\/td>\n<td>4,8m - 6,5m<\/td>\n<\/tr>\n<tr>\n<td>Carga de nieve<\/td>\n<td>0,5-1,0 kN\/m\u00b2.<\/td>\n<\/tr>\n<tr>\n<td>Carga de viento<\/td>\n<td>\u2265100 km\/h<\/td>\n<\/tr>\n<tr>\n<td>Transmisi\u00f3n de la luz<\/td>\n<td>80-85%<\/td>\n<\/tr>\n<tr>\n<td>Vida \u00fatil<\/td>\n<td>Hoja de PC: 10+ a\u00f1os; estructura: 15-20 a\u00f1os<\/td>\n<\/tr>\n<\/tbody>\n<\/table>","protected":false},"excerpt":{"rendered":"<p>Precio unitario: 8-20 USD\/metro cuadrado<\/p>\n<p>MOQ: 500 metros cuadrados<\/p>\n<p>Material: Acero galvanizado + planchas huecas de PC<\/p>\n<p>Tama\u00f1o: Envergadura y longitud personalizadas<\/p>","protected":false},"featured_media":1763,"template":"","meta":[],"product_brand":[],"product_cat":[245],"product_tag":[],"class_list":{"0":"post-1759","1":"product","2":"type-product","3":"status-publish","4":"has-post-thumbnail","6":"product_cat-pc-board-greenhouse","8":"first","9":"instock","10":"shipping-taxable","11":"product-type-simple"},"gallery_images":[1764,1765,1766,1762],"_links":{"self":[{"href":"https:\/\/starfarmtech.com\/es\/wp-json\/wp\/v2\/product\/1759","targetHints":{"allow":["GET"]}}],"collection":[{"href":"https:\/\/starfarmtech.com\/es\/wp-json\/wp\/v2\/product"}],"about":[{"href":"https:\/\/starfarmtech.com\/es\/wp-json\/wp\/v2\/types\/product"}],"wp:featuredmedia":[{"embeddable":true,"href":"https:\/\/starfarmtech.com\/es\/wp-json\/wp\/v2\/media\/1763"}],"wp:attachment":[{"href":"https:\/\/starfarmtech.com\/es\/wp-json\/wp\/v2\/media?parent=1759"}],"wp:term":[{"taxonomy":"product_brand","embeddable":true,"href":"https:\/\/starfarmtech.com\/es\/wp-json\/wp\/v2\/product_brand?post=1759"},{"taxonomy":"product_cat","embeddable":true,"href":"https:\/\/starfarmtech.com\/es\/wp-json\/wp\/v2\/product_cat?post=1759"},{"taxonomy":"product_tag","embeddable":true,"href":"https:\/\/starfarmtech.com\/es\/wp-json\/wp\/v2\/product_tag?post=1759"}],"curies":[{"name":"wp","href":"https:\/\/api.w.org\/{rel}","templated":true}]}}