{"id":3,"date":"2025-11-04T09:15:27","date_gmt":"2025-11-04T09:15:27","guid":{"rendered":"https:\/\/starfarmtech.com\/?page_id=3"},"modified":"2026-01-31T00:01:57","modified_gmt":"2026-01-30T16:01:57","slug":"privacy-policy","status":"publish","type":"page","link":"https:\/\/starfarmtech.com\/es\/privacy-policy\/","title":{"rendered":"Pol\u00edtica de privacidad"},"content":{"rendered":"<div data-elementor-type=\"wp-page\" data-elementor-id=\"3\" class=\"elementor elementor-3\" data-elementor-post-type=\"page\">\n\t\t\t\t<div class=\"elementor-element elementor-element-0fa43b3 e-flex e-con-boxed e-con e-parent\" data-id=\"0fa43b3\" data-element_type=\"container\" data-e-type=\"container\" data-settings=\"{&quot;background_background&quot;:&quot;classic&quot;}\">\n\t\t\t\t\t<div class=\"e-con-inner\">\n\t\t<div class=\"elementor-element elementor-element-48fae01 e-con-full e-flex e-con e-child\" data-id=\"48fae01\" data-element_type=\"container\" data-e-type=\"container\">\n\t\t\t\t<div class=\"elementor-element elementor-element-bd55e7f elementor-invisible elementor-widget elementor-widget-heading\" data-id=\"bd55e7f\" data-element_type=\"widget\" data-e-type=\"widget\" data-settings=\"{&quot;_animation&quot;:&quot;fadeInUp&quot;,&quot;_animation_delay&quot;:200}\" data-widget_type=\"heading.default\">\n\t\t\t\t\t<h1 class=\"elementor-heading-title elementor-size-default\">Pol\u00edtica de privacidad<\/h1>\t\t\t\t<\/div>\n\t\t\t\t<div class=\"elementor-element elementor-element-d322d44 elementor-widget-divider--view-line elementor-invisible elementor-widget elementor-widget-divider\" data-id=\"d322d44\" data-element_type=\"widget\" data-e-type=\"widget\" data-settings=\"{&quot;_animation&quot;:&quot;fadeIn&quot;,&quot;_animation_delay&quot;:200}\" data-widget_type=\"divider.default\">\n\t\t\t\t\t\t\t<div class=\"elementor-divider\">\n\t\t\t<span class=\"elementor-divider-separator\">\n\t\t\t\t\t\t<\/span>\n\t\t<\/div>\n\t\t\t\t\t\t<\/div>\n\t\t<div class=\"elementor-element elementor-element-a6fa459 e-con-full e-flex e-con e-child\" data-id=\"a6fa459\" data-element_type=\"container\" data-e-type=\"container\">\n\t\t\t\t<div class=\"elementor-element elementor-element-a7e68da elementor-icon-list--layout-inline elementor-list-item-link-full_width elementor-invisible elementor-widget elementor-widget-icon-list\" data-id=\"a7e68da\" data-element_type=\"widget\" data-e-type=\"widget\" data-settings=\"{&quot;_animation&quot;:&quot;fadeInUp&quot;,&quot;_animation_delay&quot;:400}\" data-widget_type=\"icon-list.default\">\n\t\t\t\t\t\t\t<ul class=\"elementor-icon-list-items elementor-inline-items\">\n\t\t\t\t\t\t\t<li class=\"elementor-icon-list-item elementor-inline-item\">\n\t\t\t\t\t\t\t\t\t\t\t<a href=\"\/es\/\">\n\n\t\t\t\t\t\t\t\t\t\t\t\t<span class=\"elementor-icon-list-icon\">\n\t\t\t\t\t\t\t<svg aria-hidden=\"true\" class=\"e-font-icon-svg e-fas-home\" viewbox=\"0 0 576 512\" xmlns=\"http:\/\/www.w3.org\/2000\/svg\"><path d=\"M280.37 148.26L96 300.11V464a16 16 0 0 0 16 16l112.06-.29a16 16 0 0 0 15.92-16V368a16 16 0 0 1 16-16h64a16 16 0 0 1 16 16v95.64a16 16 0 0 0 16 16.05L464 480a16 16 0 0 0 16-16V300L295.67 148.26a12.19 12.19 0 0 0-15.3 0zM571.6 251.47L488 182.56V44.05a12 12 0 0 0-12-12h-56a12 12 0 0 0-12 12v72.61L318.47 43a48 48 0 0 0-61 0L4.34 251.47a12 12 0 0 0-1.6 16.9l25.5 31A12 12 0 0 0 45.15 301l235.22-193.74a12.19 12.19 0 0 1 15.3 0L530.9 301a12 12 0 0 0 16.9-1.6l25.5-31a12 12 0 0 0-1.7-16.93z\"><\/path><\/svg>\t\t\t\t\t\t<\/span>\n\t\t\t\t\t\t\t\t\t\t<span class=\"elementor-icon-list-text\">Inicio<\/span>\n\t\t\t\t\t\t\t\t\t\t\t<\/a>\n\t\t\t\t\t\t\t\t\t<\/li>\n\t\t\t\t\t\t\t\t<li class=\"elementor-icon-list-item elementor-inline-item\">\n\t\t\t\t\t\t\t\t\t\t\t<span class=\"elementor-icon-list-icon\">\n\t\t\t\t\t\t\t<svg aria-hidden=\"true\" class=\"e-font-icon-svg e-fas-angle-right\" viewbox=\"0 0 256 512\" xmlns=\"http:\/\/www.w3.org\/2000\/svg\"><path d=\"M224.3 273l-136 136c-9.4 9.4-24.6 9.4-33.9 0l-22.6-22.6c-9.4-9.4-9.4-24.6 0-33.9l96.4-96.4-96.4-96.4c-9.4-9.4-9.4-24.6 0-33.9L54.3 103c9.4-9.4 24.6-9.4 33.9 0l136 136c9.5 9.4 9.5 24.6.1 34z\"><\/path><\/svg>\t\t\t\t\t\t<\/span>\n\t\t\t\t\t\t\t\t\t\t<span class=\"elementor-icon-list-text\"><\/span>\n\t\t\t\t\t\t\t\t\t<\/li>\n\t\t\t\t\t\t<\/ul>\n\t\t\t\t\t\t<\/div>\n\t\t\t\t<\/div>\n\t\t\t\t<\/div>\n\t\t\t\t\t<\/div>\n\t\t\t\t<\/div>\n\t\t<div class=\"elementor-element elementor-element-c641758 e-flex e-con-boxed e-con e-parent\" data-id=\"c641758\" data-element_type=\"container\" data-e-type=\"container\">\n\t\t\t\t\t<div class=\"e-con-inner\">\n\t\t\t\t<div class=\"elementor-element elementor-element-daf26f9 elementor-widget elementor-widget-text-editor\" data-id=\"daf26f9\" data-element_type=\"widget\" data-e-type=\"widget\" data-widget_type=\"text-editor.default\">\n\t\t\t\t\t\t\t\t\t<p>\u00daltima actualizaci\u00f3n: 24 de noviembre de 2025<\/p><p>Esta Pol\u00edtica de Privacidad describe Nuestras pol\u00edticas y procedimientos sobre la recopilaci\u00f3n, uso y divulgaci\u00f3n de Su informaci\u00f3n cuando Usted utiliza el Servicio y le informa sobre Sus derechos de privacidad y c\u00f3mo le protege la ley.<\/p><p>Utilizamos sus datos personales para prestar y mejorar el Servicio. Al utilizar el Servicio, Usted acepta la recopilaci\u00f3n y el uso de la informaci\u00f3n de acuerdo con esta Pol\u00edtica de Privacidad.<\/p><h2>Interpretaci\u00f3n y definiciones<\/h2><h3>Interpretaci\u00f3n<\/h3><p>Las palabras cuyas letras iniciales aparecen en may\u00fascula tienen significados definidos en las condiciones siguientes. Las siguientes definiciones tendr\u00e1n el mismo significado independientemente de que aparezcan en singular o en plural.<\/p><h3>Definiciones<\/h3><p>A efectos de la presente Pol\u00edtica de Privacidad:<\/p><ul><li><strong>Cuenta<\/strong> se refiere a una cuenta \u00fanica creada para que Usted acceda a nuestro Servicio o a partes de nuestro Servicio.<\/li><li><strong>Afiliado<\/strong> significa una entidad que controla, es controlada por, o est\u00e1 bajo control com\u00fan con una parte, donde \u201ccontrol\u201d significa la propiedad de 50% o m\u00e1s de las acciones, participaciones u otros valores con derecho a voto para la elecci\u00f3n de directores u otra autoridad de gesti\u00f3n.<\/li><li><strong>Empresa<\/strong> (StarFarm, No. 33, Xiaohang Road, Yuhuatai District, Nanjing City, Jiangsu Province- China.<\/li><li><strong>Cookies<\/strong> son peque\u00f1os archivos que un sitio web coloca en su ordenador, dispositivo m\u00f3vil o cualquier otro dispositivo y que contienen, entre otras cosas, los detalles de su historial de navegaci\u00f3n en ese sitio web.<\/li><li><strong>Pa\u00eds<\/strong> se refiere a: China<\/li><li><strong>Dispositivo<\/strong> cualquier dispositivo que pueda acceder al Servicio, como un ordenador, un tel\u00e9fono m\u00f3vil o una tableta digital.<\/li><li><strong>Datos personales<\/strong> es cualquier informaci\u00f3n relativa a una persona identificada o identificable.<\/li><li><strong>Servicio<\/strong> se refiere al Sitio web.<\/li><li><strong>Proveedor de servicios<\/strong> se refiere a cualquier persona f\u00edsica o jur\u00eddica que procese los datos en nombre de la Empresa. Se refiere a terceras empresas o personas f\u00edsicas contratadas por la Empresa para facilitar el Servicio, prestar el Servicio en nombre de la Empresa, realizar servicios relacionados con el Servicio o ayudar a la Empresa a analizar c\u00f3mo se utiliza el Servicio.<\/li><li><strong>Datos de uso<\/strong> se refiere a los datos recogidos autom\u00e1ticamente, ya sean generados por el uso del Servicio o procedentes de la propia infraestructura del Servicio (por ejemplo, la duraci\u00f3n de la visita a una p\u00e1gina).<\/li><li><strong>P\u00e1gina web<\/strong> se refiere a StarFarm, accesible desde <a href=\"https:\/\/starfarmtech.com\/es\/\" target=\"_blank\" rel=\"external nofollow noopener\">https:\/\/starfarmtech.com<\/a><\/li><li><strong>Usted<\/strong> la persona f\u00edsica que accede o utiliza el Servicio, o la empresa u otra entidad jur\u00eddica en nombre de la cual dicha persona f\u00edsica accede o utiliza el Servicio, seg\u00fan proceda.<\/li><\/ul><h2>Recogida y uso de sus datos personales<\/h2><h3>Tipos de datos recogidos<\/h3><h4>Datos personales<\/h4><p>Al utilizar nuestro Servicio, es posible que le pidamos que nos proporcione cierta informaci\u00f3n de identificaci\u00f3n personal que pueda utilizarse para ponernos en contacto con usted o identificarle. La informaci\u00f3n de identificaci\u00f3n personal puede incluir, pero no se limita a:<\/p><ul><li>Direcci\u00f3n de correo electr\u00f3nico<\/li><li>Nombre y apellidos<\/li><li>N\u00famero de tel\u00e9fono<\/li><li>Direcci\u00f3n, Estado, Provincia, C\u00f3digo postal, Ciudad<\/li><li>Datos de uso<\/li><\/ul><h4>Datos de uso<\/h4><p>Los Datos de Uso se recogen autom\u00e1ticamente al utilizar el Servicio.<\/p><p>Los Datos de uso pueden incluir informaci\u00f3n como la direcci\u00f3n de protocolo de Internet (p. ej., la direcci\u00f3n IP) de su dispositivo, el tipo de navegador, la versi\u00f3n del navegador, las p\u00e1ginas de nuestro Servicio que visita, la hora y la fecha de su visita, el tiempo que pasa en esas p\u00e1ginas, identificadores \u00fanicos de dispositivos y otros datos de diagn\u00f3stico.<\/p><p>Cuando accede al Servicio por o a trav\u00e9s de un dispositivo m\u00f3vil, podemos recopilar cierta informaci\u00f3n autom\u00e1ticamente, incluyendo, entre otros, el tipo de dispositivo m\u00f3vil que utiliza, el identificador \u00fanico de su dispositivo m\u00f3vil, la direcci\u00f3n IP de su dispositivo m\u00f3vil, su sistema operativo m\u00f3vil, el tipo de navegador de Internet m\u00f3vil que utiliza, identificadores \u00fanicos de dispositivo y otros datos de diagn\u00f3stico.<\/p><p>Tambi\u00e9n podemos recopilar informaci\u00f3n que su navegador env\u00eda cada vez que visita nuestro Servicio o cuando accede al Servicio por o a trav\u00e9s de un dispositivo m\u00f3vil.<\/p><h4>Tecnolog\u00edas de seguimiento y cookies<\/h4><p>Utilizamos Cookies y tecnolog\u00edas de seguimiento similares para rastrear la actividad en Nuestro Servicio y almacenar cierta informaci\u00f3n. Las tecnolog\u00edas de rastreo que utilizamos incluyen balizas, etiquetas y scripts para recopilar y rastrear informaci\u00f3n y para mejorar y analizar Nuestro Servicio. Las tecnolog\u00edas que utilizamos pueden incluir:<\/p><ul><li><strong>Cookies o Cookies del Navegador.<\/strong> Una cookie es un peque\u00f1o archivo que se coloca en su dispositivo. Usted puede indicar a su navegador que rechace todas las Cookies o que le indique cu\u00e1ndo se est\u00e1 enviando una Cookie. Sin embargo, si no acepta las Cookies, es posible que no pueda utilizar algunas partes de nuestro Servicio. A menos que haya ajustado la configuraci\u00f3n de su navegador para que rechace las Cookies, nuestro Servicio puede utilizar Cookies.<\/li><li><strong>Balizas web.<\/strong> Ciertas secciones de nuestro Servicio y nuestros correos electr\u00f3nicos pueden contener peque\u00f1os archivos electr\u00f3nicos conocidos como web beacons (tambi\u00e9n denominados clear gifs, pixel tags y single-pixel gifs) que permiten a la Empresa, por ejemplo, contar los usuarios que han visitado esas p\u00e1ginas o abierto un correo electr\u00f3nico y para otras estad\u00edsticas relacionadas con el sitio web (por ejemplo, registrar la popularidad de una determinada secci\u00f3n y verificar la integridad del sistema y del servidor).<\/li><\/ul><p>Las cookies pueden ser \u201cpersistentes\u201d o \u201cde sesi\u00f3n\u201d. Las Cookies persistentes permanecen en su ordenador personal o dispositivo m\u00f3vil cuando se desconecta, mientras que las Cookies de sesi\u00f3n se eliminan en cuanto cierra su navegador web.<\/p><p>Utilizamos tanto cookies de sesi\u00f3n como cookies persistentes para los fines que se indican a continuaci\u00f3n:<\/p><ul><li><strong>Cookies necesarias \/ esenciales<\/strong><p>Tipo: Cookies de sesi\u00f3n<\/p><p>Administrado por: Us<\/p><p>Finalidad: Estas Cookies son esenciales para proporcionarle los servicios disponibles a trav\u00e9s del Sitio Web y permitirle utilizar algunas de sus funciones. Ayudan a autenticar a los usuarios y a evitar el uso fraudulento de las cuentas de usuario. Sin estas Cookies, los servicios que Usted ha solicitado no pueden ser proporcionados, y s\u00f3lo utilizamos estas Cookies para proporcionarle dichos servicios.<\/p><\/li><li><strong>Pol\u00edtica de Cookies \/ Aviso Aceptaci\u00f3n Cookies<\/strong><p>Tipo: Cookies persistentes<\/p><p>Administrado por: Us<\/p><p>Finalidad: Estas Cookies identifican si los usuarios han aceptado el uso de cookies en el Sitio Web.<\/p><\/li><li><strong>Cookies de funcionalidad<\/strong><p>Tipo: Cookies persistentes<\/p><p>Administrado por: Us<\/p><p>Finalidad: Estas Cookies nos permiten recordar las elecciones que Usted realiza cuando utiliza el Sitio Web, como recordar sus datos de inicio de sesi\u00f3n o su preferencia de idioma. El objetivo de estas Cookies es proporcionarle una experiencia m\u00e1s personal y evitar que tenga que volver a introducir sus preferencias cada vez que utilice el Sitio Web.<\/p><\/li><\/ul><p>Para obtener m\u00e1s informaci\u00f3n sobre las cookies que utilizamos y sus opciones en relaci\u00f3n con las cookies, visite nuestra Pol\u00edtica de cookies o la secci\u00f3n Cookies de nuestra Pol\u00edtica de privacidad.<\/p><h3>Uso de sus datos personales<\/h3><p>La Empresa podr\u00e1 utilizar los Datos Personales para los siguientes fines:<\/p><ul><li><strong>Para prestar y mantener nuestro Servicio<\/strong>, entre otras cosas, para supervisar el uso de nuestro Servicio.<\/li><li><strong>Para gestionar su cuenta:<\/strong> gestionar su registro como usuario del Servicio. Los Datos Personales que facilite pueden darle acceso a diferentes funcionalidades del Servicio que est\u00e1n a su disposici\u00f3n como usuario registrado.<\/li><li><strong>Para la ejecuci\u00f3n de un contrato:<\/strong> el desarrollo, cumplimiento y realizaci\u00f3n del contrato de compra de los productos, art\u00edculos o servicios que Usted haya adquirido o de cualquier otro contrato con Nosotros a trav\u00e9s del Servicio.<\/li><li><strong>Para contactar con usted:<\/strong> Contactar con Usted por correo electr\u00f3nico, llamadas telef\u00f3nicas, SMS u otras formas equivalentes de comunicaci\u00f3n electr\u00f3nica, como las notificaciones push de una aplicaci\u00f3n m\u00f3vil sobre actualizaciones o comunicaciones informativas relacionadas con las funcionalidades, productos o servicios contratados, incluidas las actualizaciones de seguridad, cuando sea necesario o razonable para su implementaci\u00f3n.<\/li><li><strong>Para proporcionarle<\/strong> con noticias, ofertas especiales e informaci\u00f3n general sobre otros productos, servicios y eventos que ofrezcamos y que sean similares a los que usted ya ha comprado o por los que ha preguntado, a menos que haya optado por no recibir dicha informaci\u00f3n.<\/li><li><strong>Gestionar sus solicitudes:<\/strong> Atender y gestionar sus solicitudes.<\/li><li><strong>Para traslados de empresas:<\/strong> Podemos utilizar su informaci\u00f3n para evaluar o llevar a cabo una fusi\u00f3n, desinversi\u00f3n, reestructuraci\u00f3n, reorganizaci\u00f3n, disoluci\u00f3n u otro tipo de venta o transferencia de algunos o todos nuestros activos, ya sea como empresa en funcionamiento o como parte de un procedimiento de quiebra, liquidaci\u00f3n o similar, en el que los datos personales que conservamos sobre los usuarios de nuestro Servicio se encuentren entre los activos transferidos.<\/li><li><strong>Para otros fines<\/strong>: Podemos utilizar su informaci\u00f3n para otros fines, como el an\u00e1lisis de datos, la identificaci\u00f3n de tendencias de uso, la determinaci\u00f3n de la eficacia de nuestras campa\u00f1as promocionales y para evaluar y mejorar nuestro Servicio, productos, servicios, marketing y su experiencia.<\/li><\/ul><p>Podemos compartir su informaci\u00f3n personal en las siguientes situaciones:<\/p><ul><li><strong>Con los proveedores de servicios:<\/strong> Podemos compartir su informaci\u00f3n personal con proveedores de servicios para supervisar y analizar el uso de nuestro Servicio, para ponernos en contacto con usted.<\/li><li><strong>Para traslados de empresas:<\/strong> Podemos compartir o transferir su informaci\u00f3n personal en relaci\u00f3n con, o durante las negociaciones de, cualquier fusi\u00f3n, venta de activos de la empresa, financiaci\u00f3n o adquisici\u00f3n de la totalidad o parte de nuestro negocio a otra empresa.<\/li><li><strong>Con afiliados:<\/strong> Podemos compartir su informaci\u00f3n con nuestras filiales, en cuyo caso exigiremos a dichas filiales que respeten esta Pol\u00edtica de Privacidad. Las filiales incluyen nuestra empresa matriz y cualquier otra filial, empresa conjunta u otras empresas que controlemos o que est\u00e9n bajo control com\u00fan con nosotros.<\/li><li><strong>Con socios comerciales:<\/strong> Podemos compartir su informaci\u00f3n con nuestros socios comerciales para ofrecerle determinados productos, servicios o promociones.<\/li><li><strong>Con otros usuarios:<\/strong> cuando Usted comparte informaci\u00f3n personal o interact\u00faa de cualquier otro modo en las \u00e1reas p\u00fablicas con otros usuarios, dicha informaci\u00f3n puede ser vista por todos los usuarios y puede ser distribuida p\u00fablicamente al exterior.<\/li><li><strong>Con su consentimiento<\/strong>: Podemos revelar su informaci\u00f3n personal para cualquier otro prop\u00f3sito con su consentimiento.<\/li><\/ul><h3>Conservaci\u00f3n de sus datos personales<\/h3><p>La Empresa conservar\u00e1 sus Datos Personales \u00fanicamente durante el tiempo que sea necesario para los fines establecidos en la presente Pol\u00edtica de Privacidad. Conservaremos y utilizaremos sus Datos Personales en la medida necesaria para cumplir con nuestras obligaciones legales (por ejemplo, si estamos obligados a conservar sus datos para cumplir con la legislaci\u00f3n aplicable), resolver conflictos y hacer cumplir nuestros acuerdos legales y pol\u00edticas.<\/p><p>La Empresa tambi\u00e9n conservar\u00e1 los Datos de Uso con fines de an\u00e1lisis interno. Por lo general, los Datos de Uso se conservan durante un per\u00edodo de tiempo m\u00e1s corto, excepto cuando estos datos se utilizan para reforzar la seguridad o mejorar la funcionalidad de Nuestro Servicio, o cuando estamos legalmente obligados a conservar estos datos durante per\u00edodos m\u00e1s largos.<\/p><h3>Transferencia de sus datos personales<\/h3><p>Su informaci\u00f3n, incluidos los Datos Personales, se procesa en las oficinas operativas de la Empresa y en cualquier otro lugar donde se encuentren las partes implicadas en el procesamiento. Esto significa que esta informaci\u00f3n puede ser transferida y mantenida en ordenadores situados fuera de su estado, provincia, pa\u00eds u otra jurisdicci\u00f3n gubernamental donde las leyes de protecci\u00f3n de datos puedan diferir de las de su jurisdicci\u00f3n.<\/p><p>Su consentimiento a esta Pol\u00edtica de Privacidad seguido de su env\u00edo de dicha informaci\u00f3n representa su acuerdo a dicha transferencia.<\/p><p>La Empresa tomar\u00e1 todas las medidas razonablemente necesarias para garantizar que sus datos sean tratados de forma segura y de acuerdo con esta Pol\u00edtica de Privacidad y no se realizar\u00e1 ninguna transferencia de sus Datos Personales a una organizaci\u00f3n o pa\u00eds a menos que existan controles adecuados que incluyan la seguridad de sus datos y otra informaci\u00f3n personal.<\/p><h3>Borrar sus datos personales<\/h3><p>Tiene derecho a eliminar o solicitar que le ayudemos a eliminar los Datos Personales que hayamos recopilado sobre Usted.<\/p><p>Nuestro Servicio puede ofrecerle la posibilidad de eliminar cierta informaci\u00f3n sobre usted dentro del Servicio.<\/p><p>You may update, amend, or delete Your information at any time by signing in to Your Account, if you have one, and visiting the account settings section that allows you to manage Your personal information. You may also contact Us to request access to, correct, or delete any personal information that You have provided to Us.<\/p><p>Please note, however, that We may need to retain certain information when we have a legal obligation or lawful basis to do so.<\/p><h3>Disclosure of Your Personal Data<\/h3><h4>Business Transactions<\/h4><p>If the Company is involved in a merger, acquisition or asset sale, Your Personal Data may be transferred. We will provide notice before Your Personal Data is transferred and becomes subject to a different Privacy Policy.<\/p><h4>Law enforcement<\/h4><p>Under certain circumstances, the Company may be required to disclose Your Personal Data if required to do so by law or in response to valid requests by public authorities (e.g. a court or a government agency).<\/p><h4>Other legal requirements<\/h4><p>The Company may disclose Your Personal Data in the good faith belief that such action is necessary to:<\/p><ul><li>Comply with a legal obligation<\/li><li>Protect and defend the rights or property of the Company<\/li><li>Prevent or investigate possible wrongdoing in connection with the Service<\/li><li>Protect the personal safety of Users of the Service or the public<\/li><li>Protect against legal liability<\/li><\/ul><h3>Security of Your Personal Data<\/h3><p>The security of Your Personal Data is important to Us, but remember that no method of transmission over the Internet, or method of electronic storage is 100% secure. While We strive to use commercially reasonable means to protect Your Personal Data, We cannot guarantee its absolute security.<\/p><h2>Children&#8217;s Privacy<\/h2><p>Our Service does not address anyone under the age of 13. We do not knowingly collect personally identifiable information from anyone under the age of 13. If You are a parent or guardian and You are aware that Your child has provided Us with Personal Data, please contact Us. If We become aware that We have collected Personal Data from anyone under the age of 13 without verification of parental consent, We take steps to remove that information from Our servers.<\/p><p>If We need to rely on consent as a legal basis for processing Your information and Your country requires consent from a parent, We may require Your parent&#8217;s consent before We collect and use that information.<\/p><h2>Links to Other Websites<\/h2><p>Our Service may contain links to other websites that are not operated by Us. If You click on a third party link, You will be directed to that third party&#8217;s site. We strongly advise You to review the Privacy Policy of every site You visit.<\/p><p>We have no control over and assume no responsibility for the content, privacy policies or practices of any third party sites or services.<\/p><h2>Changes to this Privacy Policy<\/h2><p>We may update Our Privacy Policy from time to time. We will notify You of any changes by posting the new Privacy Policy on this page.<\/p><p>We will let You know via email and\/or a prominent notice on Our Service, prior to the change becoming effective and update the &#8220;Last updated&#8221; date at the top of this Privacy Policy.<\/p><p>You are advised to review this Privacy Policy periodically for any changes. Changes to this Privacy Policy are effective when they are posted on this page.<\/p><h2>P\u00f3ngase en contacto con nosotros<\/h2><p>If you have any questions about this Privacy Policy, You can contact us:<\/p><ul><li>By email: vincentzhao@starfarmtech.com<\/li><li>By visiting this page on our website: <a href=\"https:\/\/starfarmtech.com\/es\/contact-us\/\" target=\"_blank\" rel=\"external nofollow noopener\">https:\/\/starfarmtech.com\/contact-us\/<\/a><\/li><li>By phone: +8618013910817<\/li><\/ul>\t\t\t\t\t\t\t\t<\/div>\n\t\t\t\t\t<\/div>\n\t\t\t\t<\/div>\n\t\t\t\t<\/div>","protected":false},"excerpt":{"rendered":"<p>Home Last updated: November 24, 2025 This Privacy Policy describes Our policies and procedures on the collection, use and disclosure of Your information when You use the Service and tells You about Your privacy rights and how the law protects You. We use Your Personal data to provide and improve the Service. By using the [&hellip;]<\/p>\n","protected":false},"author":1,"featured_media":0,"parent":0,"menu_order":0,"comment_status":"closed","ping_status":"open","template":"","meta":{"footnotes":""},"class_list":["post-3","page","type-page","status-publish","hentry"],"_links":{"self":[{"href":"https:\/\/starfarmtech.com\/es\/wp-json\/wp\/v2\/pages\/3","targetHints":{"allow":["GET"]}}],"collection":[{"href":"https:\/\/starfarmtech.com\/es\/wp-json\/wp\/v2\/pages"}],"about":[{"href":"https:\/\/starfarmtech.com\/es\/wp-json\/wp\/v2\/types\/page"}],"author":[{"embeddable":true,"href":"https:\/\/starfarmtech.com\/es\/wp-json\/wp\/v2\/users\/1"}],"replies":[{"embeddable":true,"href":"https:\/\/starfarmtech.com\/es\/wp-json\/wp\/v2\/comments?post=3"}],"version-history":[{"count":0,"href":"https:\/\/starfarmtech.com\/es\/wp-json\/wp\/v2\/pages\/3\/revisions"}],"wp:attachment":[{"href":"https:\/\/starfarmtech.com\/es\/wp-json\/wp\/v2\/media?parent=3"}],"curies":[{"name":"wp","href":"https:\/\/api.w.org\/{rel}","templated":true}]}}