{"id":3973,"date":"2026-04-09T16:30:38","date_gmt":"2026-04-09T08:30:38","guid":{"rendered":"https:\/\/starfarmtech.com\/product\/glass-multi-span-agricultural-greenhouse-with-side-and-top-ventilation\/"},"modified":"2026-04-09T17:03:33","modified_gmt":"2026-04-09T09:03:33","slug":"glass-multi-span-agricultural-greenhouse-with-side-and-top-ventilation","status":"publish","type":"product","link":"https:\/\/starfarmtech.com\/de\/product\/glass-multi-span-agricultural-greenhouse-with-side-and-top-ventilation\/","title":{"rendered":"Landwirtschaftliches Mehrscheiben-Gew\u00e4chshaus aus Glas mit Seiten- und Dachl\u00fcftung"},"content":{"rendered":"<div data-magic-global=\"%7B%22bizId%22%3A2500001073897%2C%22pageId%22%3A21758196221%2C%22siteId%22%3A10102681447%7D\" id=\"detail_decorate_root\">\n<style>#detail_decorate_root .magic-0{width:750px}#detail_decorate_root .magic-1{overflow:hidden;width:750px;height:529px;margin-top:0;margin-bottom:0;margin-left:0;margin-right:0}#detail_decorate_root .magic-2{margin-top:0;margin-left:0;width:750px;height:529px}#detail_decorate_root .magic-3{overflow:hidden;width:750px;height:65px;margin-top:0;margin-bottom:0;margin-left:0;margin-right:0}#detail_decorate_root .magic-4{margin-top:0;margin-left:0;width:750px;height:65px}#detail_decorate_root .magic-5{vertical-align:top}#detail_decorate_root .magic-6{padding:0;margin:0;color:#333;font-size:14px;padding-left:4px;font-weight:bold;white-space:pre-wrap}#detail_decorate_root .magic-7{vertical-align:top;display:block;padding-right:4px;box-sizing:border-box;padding-left:4px}#detail_decorate_root .magic-8{vertical-align:top;padding-bottom:4px;box-sizing:border-box;padding-top:4px}#detail_decorate_root .magic-9{padding:0;margin:0;white-space:pre-wrap;font-size:14px}#detail_decorate_root .magic-10{font-size:12px}#detail_decorate_root .magic-12{font-size:14px}#detail_decorate_root .magic-13{width:750px;border-collapse:collapse}#detail_decorate_root .magic-14{min-height:28px;padding:5px 10px;width:178px;min-height:28px;box-sizing:content-box}#detail_decorate_root .magic-15{min-height:28px;padding:5px 10px;width:524px;min-height:28px;box-sizing:content-box}#detail_decorate_root .magic-16{min-height:28px;padding:5px 10px;width:177px;min-height:28px;box-sizing:content-box}#detail_decorate_root .magic-17{min-height:28px;padding:5px 10px;width:525px;min-height:28px;box-sizing:content-box}#detail_decorate_root .magic-18{vertical-align:top;display:inline-block;padding-right:4px;width:50%;box-sizing:border-box;margin-bottom:-4px;padding-left:4px;margin-top:-4px}#detail_decorate_root .magic-19{padding:0;margin:0}#detail_decorate_root .magic-20{padding:0;margin:0;color:#333;font-size:14px;line-height:20px;font-weight:bold;white-space:pre-wrap}#detail_decorate_root .magic-21{white-space:pre-wrap;font-size:14px}#detail_decorate_root .magic-22{overflow:hidden;width:750px;height:76.875px;margin-top:0;margin-bottom:0;margin-left:0;margin-right:0}#detail_decorate_root .magic-23{margin-top:0;margin-left:0;width:750px;height:76.875px}#detail_decorate_root .magic-24{overflow:hidden;width:750px;height:605.1829268292684px;margin-top:0;margin-bottom:0;margin-left:0;margin-right:0}#detail_decorate_root .magic-25{margin-top:0;margin-left:0;width:750.0000000000001px;height:605.1829268292684px}#detail_decorate_root .magic-26{overflow:hidden;width:750px;height:67px;margin-top:0;margin-bottom:0;margin-left:0;margin-right:0}#detail_decorate_root .magic-27{margin-top:0;margin-left:0;width:750px;height:67px}#detail_decorate_root .magic-28{overflow:hidden;width:750px;height:500.25px;margin-top:0;margin-bottom:0;margin-left:0;margin-right:0}#detail_decorate_root .magic-29{margin-top:-5px;margin-left:-161px;width:910px;height:606px}#detail_decorate_root .magic-30{overflow:hidden;width:750px;height:562.5px;margin-top:0;margin-bottom:0;margin-left:0;margin-right:0}#detail_decorate_root .magic-31{margin-top:0;margin-left:0;width:750px;height:562.5px}#detail_decorate_root .magic-32{overflow:hidden;width:750px;height:499.5px;margin-top:0;margin-bottom:0;margin-left:0;margin-right:0}#detail_decorate_root .magic-33{margin-top:0;margin-left:0;width:750px;height:499.5px}#detail_decorate_root .magic-34{overflow:hidden;width:750px;height:750px;margin-top:0;margin-bottom:0;margin-left:0;margin-right:0}#detail_decorate_root .magic-35{margin-top:0;margin-left:0;width:750px;height:750px}#detail_decorate_root .magic-36{overflow:hidden;width:750px;height:70px;margin-top:0;margin-bottom:0;margin-left:0;margin-right:0}#detail_decorate_root .magic-37{margin-top:0;margin-left:0;width:750px;height:70px}#detail_decorate_root .magic-38{overflow:hidden;width:373px;height:330.22933333333333px;margin-top:0;margin-bottom:0;margin-left:0;margin-right:0}#detail_decorate_root .magic-39{margin-top:0;margin-left:0;width:373px;height:330.22933333333333px}#detail_decorate_root .magic-40{overflow:hidden;width:373px;height:330px;margin-top:0;margin-bottom:0;margin-left:4px;margin-right:0}#detail_decorate_root .magic-41{overflow:hidden;width:373px;height:354.10133333333334px;margin-top:0;margin-bottom:0;margin-left:0;margin-right:0}#detail_decorate_root .magic-42{margin-top:0;margin-left:0;width:373px;height:354.10133333333334px}#detail_decorate_root .magic-43{overflow:hidden;width:373px;height:354px;margin-top:0;margin-bottom:0;margin-left:4px;margin-right:0}#detail_decorate_root .magic-44{margin-bottom:10px;overflow:hidden}#detail_decorate_root .magic-45{margin-bottom:10px;line-height:0}#detail_decorate_root .magic-46{margin-bottom:0}#detail_decorate_root .magic-47{position:relative;width:100%}#detail_decorate_root .magic-48{overflow:hidden;width:750px;height:151px;margin-top:0;margin-bottom:0;margin-left:0;margin-right:0}#detail_decorate_root .magic-49{margin-top:0;margin-left:0;width:750px;height:151px}<\/style>\n<div module-id=\"47985130041\" module-title=\"detailSingleImage\" render=\"true\" class=\"J_module\">\n<div class=\"icbu-pc-images magic-0\">\n<div>\n<div class=\"flex-layout-v\">\n<div class=\"flex-layout-h magic-0\">\n<div class=\"magic-1\"><img decoding=\"async\" src=\"https:\/\/sc04.alicdn.com\/kf\/H5fe00a58af224b539c0429353a09099aK\/285753317\/H5fe00a58af224b539c0429353a09099aK.png\" data-src=\"\/\/sc04.alicdn.com\/kf\/H5fe00a58af224b539c0429353a09099aK\/285753317\/H5fe00a58af224b539c0429353a09099aK.png\" class=\"magic-2\" alt=\"\"><noscript><img decoding=\"async\" src=\"\/\/sc04.alicdn.com\/kf\/H5fe00a58af224b539c0429353a09099aK\/285753317\/H5fe00a58af224b539c0429353a09099aK.png\" class=\"magic-2\" alt=\"\"><\/noscript><\/div>\n<\/div>\n<\/div>\n<\/div>\n<\/div>\n<\/div>\n<div module-id=\"47985130042\" module-title=\"detailSingleImage\" render=\"true\" class=\"J_module\">\n<div class=\"icbu-pc-images magic-0\">\n<div>\n<div class=\"flex-layout-v\">\n<div class=\"flex-layout-h magic-0\">\n<div class=\"magic-3\"><img decoding=\"async\" src=\"https:\/\/sc04.alicdn.com\/kf\/Hd3be96e5dbac4999b3adf7bb9ebf46c25\/285753317\/Hd3be96e5dbac4999b3adf7bb9ebf46c25.jpg\" data-src=\"\/\/sc04.alicdn.com\/kf\/Hd3be96e5dbac4999b3adf7bb9ebf46c25\/285753317\/Hd3be96e5dbac4999b3adf7bb9ebf46c25.jpg\" class=\"magic-4\" alt=\"\"><noscript><img decoding=\"async\" src=\"\/\/sc04.alicdn.com\/kf\/Hd3be96e5dbac4999b3adf7bb9ebf46c25\/285753317\/Hd3be96e5dbac4999b3adf7bb9ebf46c25.jpg\" class=\"magic-4\" alt=\"\"><\/noscript><\/div>\n<\/div>\n<\/div>\n<\/div>\n<\/div>\n<\/div>\n<div module-id=\"47985130043\" module-title=\"detailTextWithTitle\" render=\"true\" class=\"J_module\">\n<div class=\"detail-decorate-json-renderer-container\">\n<div class=\"magic-5\">\n<h3 class=\"magic-6\"><span>Einf\u00fchrung<\/span><\/h3>\n<div class=\"magic-7\">\n<div class=\"magic-8\">\n<div class=\"magic-9\"><span><font class=\"magic-10\">Das Konzept des Gew\u00e4chshauses besteht darin, sich an die Prinzipien von Wissenschaft und Praktikabilit\u00e4t zu halten; die Prinzipien der Verbesserung der Nutzungsrate der Bodenressourcen, der Energieeinsparung, der Wassereinsparung und der hohen Effizienz zu beachten. Das Prinzip der Auswahl fortschrittlicher, zuverl\u00e4ssiger und anwendbarer Materialien und Ausr\u00fcstungen f\u00fcr Gew\u00e4chshauskonstruktionen ist zu beachten. Daher w\u00e4hlen wir entsprechend den Konstruktionsanforderungen die besten importierten oder inl\u00e4ndischen Produkte f\u00fcr die wichtigsten Teile jedes Systems aus.<\/font><\/span><\/p>\n<div><span><font class=\"magic-11\"><span class=\"magic-10\"><br \/>\nNeben dem sch\u00f6nen Aussehen, Glas Gew\u00e4chshaus hat eine hohe Lichtdurchl\u00e4ssigkeit \u00fcber 90%, bietet eine gute Anti-Korrosions-und Feuerbest\u00e4ndigkeit Leistung starke F\u00e4higkeit der Widerstand gegen Wind und Schnee. .<br \/>\n<\/span><b class=\"magic-11\"><font color=\"#c4433c\" class=\"magic-12\">Wir k\u00f6nnen auch nach verschiedenen Bereich Klima entwerfen.<\/font><\/b><\/font><\/span><\/div>\n<\/div>\n<\/div>\n<\/div>\n<\/div>\n<\/div>\n<\/div>\n<div module-id=\"47985130044\" module-title=\"detailTableNoTitle\" render=\"true\" class=\"J_module\">\n<div class=\"ife-detail-decorate-table\">\n<table class=\"has-title is-zebra hight-light-first-column all magic-13\">\n<tbody>\n<tr>\n<td colspan=\"1\" rowspan=\"1\">\n<div class=\"magic-14\"><font class=\"magic-10\"><b>Artikel<\/b><\/font><\/div>\n<\/td>\n<td colspan=\"1\" rowspan=\"1\">\n<div class=\"magic-15\"><font class=\"magic-10\"><b>Einzelheiten<\/b><\/font><\/div>\n<\/td>\n<\/tr>\n<tr>\n<td colspan=\"1\" rowspan=\"1\">\n<div class=\"magic-16\"><font class=\"magic-10\">Struktur Typ<\/font><\/div>\n<\/td>\n<td colspan=\"1\" rowspan=\"1\">\n<div class=\"magic-17\"><font class=\"magic-10\">Venlo Typ Stahlrahmen<\/font><\/div>\n<\/td>\n<\/tr>\n<tr>\n<td colspan=\"1\" rowspan=\"1\">\n<div class=\"magic-14\"><font class=\"magic-10\">Material der Abdeckung<\/font><\/div>\n<\/td>\n<td colspan=\"1\" rowspan=\"1\">\n<div class=\"magic-17\"><font class=\"magic-10\">4-5mm einfaches \/ 6-8mm doppeltes geh\u00e4rtetes Glas<\/font><\/div>\n<\/td>\n<\/tr>\n<tr>\n<td colspan=\"1\" rowspan=\"1\">\n<div class=\"magic-16\"><font class=\"magic-10\">Spannweite Breite<\/font><\/div>\n<\/td>\n<td colspan=\"1\" rowspan=\"1\">\n<div class=\"magic-17\"><font class=\"magic-10\">6m, 8m, 9,6m, 10,8m, 12m<\/font><\/div>\n<\/td>\n<\/tr>\n<tr>\n<td colspan=\"1\" rowspan=\"1\">\n<div class=\"magic-14\"><font class=\"magic-10\">Abstand zwischen den Feldern<\/font><\/div>\n<\/td>\n<td colspan=\"1\" rowspan=\"1\">\n<div class=\"magic-17\"><font class=\"magic-10\">4m - 6m<\/font><\/div>\n<\/td>\n<\/tr>\n<tr>\n<td colspan=\"1\" rowspan=\"1\">\n<div class=\"magic-16\"><font class=\"magic-10\">Firsth\u00f6he<\/font><\/div>\n<\/td>\n<td colspan=\"1\" rowspan=\"1\">\n<div class=\"magic-17\"><font class=\"magic-10\">4.5 - 6.5 m<\/font><\/div>\n<\/td>\n<\/tr>\n<tr>\n<td colspan=\"1\" rowspan=\"1\">\n<div class=\"magic-14\"><font class=\"magic-10\">L\u00e4nge<\/font><\/div>\n<\/td>\n<td colspan=\"1\" rowspan=\"1\">\n<div class=\"magic-17\"><font class=\"magic-10\">30 - 100+ m<\/font><\/div>\n<\/td>\n<\/tr>\n<tr>\n<td colspan=\"1\" rowspan=\"1\">\n<div class=\"magic-16\"><font class=\"magic-10\">Windlast<\/font><\/div>\n<\/td>\n<td colspan=\"1\" rowspan=\"1\">\n<div class=\"magic-17\"><font class=\"magic-10\">0,6KN\/m<\/font><\/div>\n<\/td>\n<\/tr>\n<tr>\n<td colspan=\"1\" rowspan=\"1\">\n<div class=\"magic-14\"><font class=\"magic-10\">Schneelast<\/font><\/div>\n<\/td>\n<td colspan=\"1\" rowspan=\"1\">\n<div class=\"magic-17\"><font class=\"magic-10\">0,5KN\/m<\/font><\/div>\n<\/td>\n<\/tr>\n<tr>\n<td colspan=\"1\" rowspan=\"1\">\n<div class=\"magic-16\"><font class=\"magic-10\">Eigengewicht<\/font><\/div>\n<\/td>\n<td colspan=\"1\" rowspan=\"1\">\n<div class=\"magic-17\"><font class=\"magic-10\">18kg\/m<\/font><\/div>\n<\/td>\n<\/tr>\n<tr>\n<td colspan=\"1\" rowspan=\"1\">\n<div class=\"magic-14\"><font class=\"magic-10\">Kapazit\u00e4t des Regenwasserabflusses<\/font><\/div>\n<\/td>\n<td colspan=\"1\" rowspan=\"1\">\n<div class=\"magic-17\"><font class=\"magic-10\">140mm\/h bei Maximum<\/font><\/div>\n<\/td>\n<\/tr>\n<tr>\n<td colspan=\"1\" rowspan=\"1\">\n<div class=\"magic-14\"><font class=\"magic-10\">Entw\u00e4sserungsanlage<\/font><\/div>\n<\/td>\n<td colspan=\"1\" rowspan=\"1\">\n<div class=\"magic-17\"><font class=\"magic-10\">Integrierte PVC-Dachrinne<\/font><\/div>\n<\/td>\n<\/tr>\n<tr>\n<td colspan=\"1\" rowspan=\"1\">\n<div class=\"magic-14\"><font class=\"magic-10\">Bel\u00fcftungssystem<\/font><\/div>\n<\/td>\n<td colspan=\"1\" rowspan=\"1\">\n<div class=\"magic-17\"><font class=\"magic-10\">Manuelle oder automatisierte Dach- und Seitenentl\u00fcftung<\/font><\/div>\n<\/td>\n<\/tr>\n<\/tbody>\n<\/table>\n<\/div>\n<\/div>\n<div module-id=\"47985130045\" module-title=\"detailDoubleTitleParagraph\" render=\"true\" class=\"J_module\">\n<div class=\"detail-decorate-json-renderer-container\">\n<div class=\"magic-5\">\n<div class=\"magic-18\">\n<div class=\"magic-19\">\n<h3 class=\"magic-20\"><span><font color=\"#c4433c\">Glas<\/font><\/span><\/h3>\n<\/div>\n<div class=\"magic-8\">\n<div class=\"magic-9\"><span><font class=\"magic-10\">Geh\u00e4rtetes Glas \/ <\/font><\/span><span class=\"magic-10\">5+6+5mm Hohlglas <\/span><\/p>\n<div><span><font class=\"magic-10\">Hohe Sto\u00dffestigkeit \/ Anti-Tropf, Anti UV \/ <\/font><\/span><span class=\"magic-10\">Lichtdurchl\u00e4ssigkeit&gt;90% <\/span><\/div>\n<div><span><font class=\"magic-10\">Farbe: wei\u00df <\/font><\/span><\/p>\n<div><font class=\"magic-10\"><span>Nutzungsdauer:<\/span>\u00fcber 25 Jahre <\/font><\/p>\n<div><font class=\"magic-10\">Andere Option: diffuses Glas<\/font><\/div>\n<\/div>\n<\/div>\n<\/div>\n<\/div>\n<\/div>\n<div class=\"magic-18\">\n<div class=\"magic-19\">\n<h3 class=\"magic-20\"><span><font color=\"#c4433c\">Material der Abdeckung<\/font><\/span><\/h3>\n<\/div>\n<div class=\"magic-8\">\n<div class=\"magic-21\"><span><font class=\"magic-10\">5mm geh\u00e4rtetes Glas auf dem Dach, 5+6+5mm Doppelschichtglas an den Seiten. Alle Gl\u00e4ser sind mit Aluminiumlegierung Rahmen installiert, durch EPDM-Gummistreifen abgedichtet. .<\/font><\/span><\/div>\n<\/div>\n<\/div>\n<\/div>\n<\/div>\n<\/div>\n<div module-id=\"47985130046\" module-title=\"detailDoubleTitleParagraph\" render=\"true\" class=\"J_module\">\n<div class=\"detail-decorate-json-renderer-container\">\n<div class=\"magic-5\">\n<div class=\"magic-18\">\n<div class=\"magic-19\">\n<h3 class=\"magic-20\"><span><font color=\"#c4433c\">Struktur<\/font><\/span><\/h3>\n<\/div>\n<div class=\"magic-8\">\n<div class=\"magic-9\"><span><font class=\"magic-10\">Venlo Typ feuerverzinkte Stahlkonstruktion, gute Korrosionsschutzf\u00e4higkeit, Lebensdauer \u00fcber 20 Jahre.<\/font><\/span><\/div>\n<\/div>\n<\/div>\n<div class=\"magic-18\">\n<div class=\"magic-19\">\n<h3 class=\"magic-20\"><span><font color=\"#c4433c\">Andere Ger\u00e4te<\/font><\/span><\/h3>\n<\/div>\n<div class=\"magic-8\">\n<div class=\"magic-21\"><span><font class=\"magic-10\">Au\u00dfen- und Innenbeschattung, Dach- und Seitenfenster, K\u00fchlsystem, vollautomatisch gesteuert in einem Gew\u00e4chshauskontrollsystem<\/font><\/span><\/div>\n<\/div>\n<\/div>\n<\/div>\n<\/div>\n<\/div>\n<div module-id=\"47985130048\" module-title=\"detailSingleImage\" render=\"true\" class=\"J_module\">\n<div class=\"icbu-pc-images magic-0\">\n<div>\n<div class=\"flex-layout-v\">\n<div class=\"flex-layout-h magic-0\">\n<div class=\"magic-24\"><img decoding=\"async\" src=\"https:\/\/sc04.alicdn.com\/kf\/He8ff26facf68474495d8efbc1f8a15a72\/285753317\/He8ff26facf68474495d8efbc1f8a15a72.jpg\" data-src=\"\/\/sc04.alicdn.com\/kf\/He8ff26facf68474495d8efbc1f8a15a72\/285753317\/He8ff26facf68474495d8efbc1f8a15a72.jpg\" class=\"magic-25\" alt=\"\"><noscript><img decoding=\"async\" src=\"\/\/sc04.alicdn.com\/kf\/He8ff26facf68474495d8efbc1f8a15a72\/285753317\/He8ff26facf68474495d8efbc1f8a15a72.jpg\" class=\"magic-25\" alt=\"\"><\/noscript><\/div>\n<\/div>\n<\/div>\n<\/div>\n<\/div>\n<\/div>\n<div module-id=\"47985130049\" module-title=\"detailSingleImage\" render=\"true\" class=\"J_module\">\n<div class=\"icbu-pc-images magic-0\">\n<div>\n<div class=\"flex-layout-v\">\n<div class=\"flex-layout-h magic-0\">\n<div class=\"magic-26\"><img decoding=\"async\" src=\"https:\/\/sc04.alicdn.com\/kf\/Hae381b209bba4550ae36a01c58247622H\/285753317\/Hae381b209bba4550ae36a01c58247622H.jpg\" data-src=\"\/\/sc04.alicdn.com\/kf\/Hae381b209bba4550ae36a01c58247622H\/285753317\/Hae381b209bba4550ae36a01c58247622H.jpg\" class=\"magic-27\" alt=\"\"><noscript><img decoding=\"async\" src=\"\/\/sc04.alicdn.com\/kf\/Hae381b209bba4550ae36a01c58247622H\/285753317\/Hae381b209bba4550ae36a01c58247622H.jpg\" class=\"magic-27\" alt=\"\"><\/noscript><\/div>\n<\/div>\n<\/div>\n<\/div>\n<\/div>\n<\/div>\n<div module-id=\"47985130050\" module-title=\"detailSingleImage\" render=\"true\" class=\"J_module\">\n<div class=\"icbu-pc-images magic-0\">\n<div>\n<div class=\"flex-layout-v\">\n<div class=\"flex-layout-h magic-0\">\n<div class=\"magic-28\"><img decoding=\"async\" src=\"https:\/\/sc04.alicdn.com\/kf\/Hc537556ef84945a2a6385f4a1368ed39i\/285753317\/Hc537556ef84945a2a6385f4a1368ed39i.jpg\" data-src=\"\/\/sc04.alicdn.com\/kf\/Hc537556ef84945a2a6385f4a1368ed39i\/285753317\/Hc537556ef84945a2a6385f4a1368ed39i.jpg\" class=\"magic-29\" alt=\"\"><noscript><img decoding=\"async\" src=\"\/\/sc04.alicdn.com\/kf\/Hc537556ef84945a2a6385f4a1368ed39i\/285753317\/Hc537556ef84945a2a6385f4a1368ed39i.jpg\" class=\"magic-29\" alt=\"\"><\/noscript><\/div>\n<\/div>\n<\/div>\n<\/div>\n<\/div>\n<\/div>\n<div module-id=\"47985130051\" module-title=\"detailSingleImage\" render=\"true\" class=\"J_module\">\n<div class=\"icbu-pc-images magic-0\">\n<div>\n<div class=\"flex-layout-v\">\n<div class=\"flex-layout-h magic-0\">\n<div class=\"magic-30\"><img decoding=\"async\" src=\"https:\/\/sc04.alicdn.com\/kf\/H14d38d36d13f40a2b1e459493ac5db49c\/285753317\/H14d38d36d13f40a2b1e459493ac5db49c.jpg\" data-src=\"\/\/sc04.alicdn.com\/kf\/H14d38d36d13f40a2b1e459493ac5db49c\/285753317\/H14d38d36d13f40a2b1e459493ac5db49c.jpg\" class=\"magic-31\" alt=\"\"><noscript><img decoding=\"async\" src=\"\/\/sc04.alicdn.com\/kf\/H14d38d36d13f40a2b1e459493ac5db49c\/285753317\/H14d38d36d13f40a2b1e459493ac5db49c.jpg\" class=\"magic-31\" alt=\"\"><\/noscript><\/div>\n<\/div>\n<\/div>\n<\/div>\n<\/div>\n<\/div>\n<div module-id=\"47985130052\" module-title=\"detailSingleImage\" render=\"true\" class=\"J_module\">\n<div class=\"icbu-pc-images magic-0\">\n<div>\n<div class=\"flex-layout-v\">\n<div class=\"flex-layout-h magic-0\">\n<div class=\"magic-32\"><img decoding=\"async\" src=\"https:\/\/sc04.alicdn.com\/kf\/Hddcaece545b54ab29e0aa263474b314bg\/285753317\/Hddcaece545b54ab29e0aa263474b314bg.png\" data-src=\"\/\/sc04.alicdn.com\/kf\/Hddcaece545b54ab29e0aa263474b314bg\/285753317\/Hddcaece545b54ab29e0aa263474b314bg.png\" class=\"magic-33\" alt=\"\"><noscript><img decoding=\"async\" src=\"\/\/sc04.alicdn.com\/kf\/Hddcaece545b54ab29e0aa263474b314bg\/285753317\/Hddcaece545b54ab29e0aa263474b314bg.png\" class=\"magic-33\" alt=\"\"><\/noscript><\/div>\n<\/div>\n<\/div>\n<\/div>\n<\/div>\n<\/div>\n<div module-id=\"47985130053\" module-title=\"detailSingleImage\" render=\"true\" class=\"J_module\">\n<div class=\"icbu-pc-images magic-0\">\n<div>\n<div class=\"flex-layout-v\">\n<div class=\"flex-layout-h magic-0\">\n<div class=\"magic-34\"><img decoding=\"async\" src=\"https:\/\/sc04.alicdn.com\/kf\/Hc2c74fc496f642a2b81dea72e22a8426f\/285753317\/Hc2c74fc496f642a2b81dea72e22a8426f.jpg\" data-src=\"\/\/sc04.alicdn.com\/kf\/Hc2c74fc496f642a2b81dea72e22a8426f\/285753317\/Hc2c74fc496f642a2b81dea72e22a8426f.jpg\" class=\"magic-35\" alt=\"\"><noscript><img decoding=\"async\" src=\"\/\/sc04.alicdn.com\/kf\/Hc2c74fc496f642a2b81dea72e22a8426f\/285753317\/Hc2c74fc496f642a2b81dea72e22a8426f.jpg\" class=\"magic-35\" alt=\"\"><\/noscript><\/div>\n<\/div>\n<\/div>\n<\/div>\n<\/div>\n<\/div>\n<div module-id=\"47985130054\" module-title=\"detailSingleImage\" render=\"true\" class=\"J_module\">\n<div class=\"icbu-pc-images magic-0\">\n<div>\n<div class=\"flex-layout-v\">\n<div class=\"flex-layout-h magic-0\">\n<div class=\"magic-34\"><img decoding=\"async\" src=\"https:\/\/sc04.alicdn.com\/kf\/Hb5560880a618415db63760a79e3004e0h\/285753317\/Hb5560880a618415db63760a79e3004e0h.jpg\" data-src=\"\/\/sc04.alicdn.com\/kf\/Hb5560880a618415db63760a79e3004e0h\/285753317\/Hb5560880a618415db63760a79e3004e0h.jpg\" class=\"magic-35\" alt=\"\"><noscript><img decoding=\"async\" src=\"\/\/sc04.alicdn.com\/kf\/Hb5560880a618415db63760a79e3004e0h\/285753317\/Hb5560880a618415db63760a79e3004e0h.jpg\" class=\"magic-35\" alt=\"\"><\/noscript><\/div>\n<\/div>\n<\/div>\n<\/div>\n<\/div>\n<\/div>\n<div module-id=\"47985130055\" module-title=\"detailSingleImage\" render=\"true\" class=\"J_module\">\n<div class=\"icbu-pc-images magic-0\">\n<div>\n<div class=\"flex-layout-v\">\n<div class=\"flex-layout-h magic-0\">\n<div class=\"magic-34\"><img decoding=\"async\" src=\"https:\/\/sc04.alicdn.com\/kf\/Hc15866ae2f4944b89e46211e60870ac3Q\/285753317\/Hc15866ae2f4944b89e46211e60870ac3Q.jpg\" data-src=\"\/\/sc04.alicdn.com\/kf\/Hc15866ae2f4944b89e46211e60870ac3Q\/285753317\/Hc15866ae2f4944b89e46211e60870ac3Q.jpg\" class=\"magic-35\" alt=\"\"><\/div>\n<\/div>\n<\/div>\n<\/div>\n<\/div>\n<\/div><\/div>","protected":false},"excerpt":{"rendered":"<p>Introduction The design concept of the greenhouse is to &#8220;adhere to the principles of science and practicality;&#8221; Adhere to the principles of improving the utilization rate of land resources, energy conservation, water conservation and high efficiency. Adhere to the principle of choosing advanced, reliable and applicable materials and equipment for greenhouse structures. Therefore, in accordance [&hellip;]<\/p>\n","protected":false},"featured_media":3972,"template":"","meta":[],"product_brand":[],"product_cat":[246],"product_tag":[],"class_list":{"0":"post-3973","1":"product","2":"type-product","3":"status-publish","4":"has-post-thumbnail","6":"product_cat-glass-greenhouse","8":"first","9":"instock","10":"shipping-taxable","11":"purchasable","12":"product-type-simple"},"gallery_images":[3974,3975,3976,3977,3978],"_links":{"self":[{"href":"https:\/\/starfarmtech.com\/de\/wp-json\/wp\/v2\/product\/3973","targetHints":{"allow":["GET"]}}],"collection":[{"href":"https:\/\/starfarmtech.com\/de\/wp-json\/wp\/v2\/product"}],"about":[{"href":"https:\/\/starfarmtech.com\/de\/wp-json\/wp\/v2\/types\/product"}],"wp:featuredmedia":[{"embeddable":true,"href":"https:\/\/starfarmtech.com\/de\/wp-json\/wp\/v2\/media\/3972"}],"wp:attachment":[{"href":"https:\/\/starfarmtech.com\/de\/wp-json\/wp\/v2\/media?parent=3973"}],"wp:term":[{"taxonomy":"product_brand","embeddable":true,"href":"https:\/\/starfarmtech.com\/de\/wp-json\/wp\/v2\/product_brand?post=3973"},{"taxonomy":"product_cat","embeddable":true,"href":"https:\/\/starfarmtech.com\/de\/wp-json\/wp\/v2\/product_cat?post=3973"},{"taxonomy":"product_tag","embeddable":true,"href":"https:\/\/starfarmtech.com\/de\/wp-json\/wp\/v2\/product_tag?post=3973"}],"curies":[{"name":"wp","href":"https:\/\/api.w.org\/{rel}","templated":true}]}}