{"id":3,"date":"2025-11-04T09:15:27","date_gmt":"2025-11-04T09:15:27","guid":{"rendered":"https:\/\/starfarmtech.com\/?page_id=3"},"modified":"2026-01-31T00:01:57","modified_gmt":"2026-01-30T16:01:57","slug":"privacy-policy","status":"publish","type":"page","link":"https:\/\/starfarmtech.com\/de\/privacy-policy\/","title":{"rendered":"Datenschutzbestimmungen"},"content":{"rendered":"<div data-elementor-type=\"wp-page\" data-elementor-id=\"3\" class=\"elementor elementor-3\" data-elementor-post-type=\"page\">\n\t\t\t\t<div class=\"elementor-element elementor-element-0fa43b3 e-flex e-con-boxed e-con e-parent\" data-id=\"0fa43b3\" data-element_type=\"container\" data-e-type=\"container\" data-settings=\"{&quot;background_background&quot;:&quot;classic&quot;}\">\n\t\t\t\t\t<div class=\"e-con-inner\">\n\t\t<div class=\"elementor-element elementor-element-48fae01 e-con-full e-flex e-con e-child\" data-id=\"48fae01\" data-element_type=\"container\" data-e-type=\"container\">\n\t\t\t\t<div class=\"elementor-element elementor-element-bd55e7f elementor-invisible elementor-widget elementor-widget-heading\" data-id=\"bd55e7f\" data-element_type=\"widget\" data-e-type=\"widget\" data-settings=\"{&quot;_animation&quot;:&quot;fadeInUp&quot;,&quot;_animation_delay&quot;:200}\" data-widget_type=\"heading.default\">\n\t\t\t\t\t<h1 class=\"elementor-heading-title elementor-size-default\">Datenschutzbestimmungen<\/h1>\t\t\t\t<\/div>\n\t\t\t\t<div class=\"elementor-element elementor-element-d322d44 elementor-widget-divider--view-line elementor-invisible elementor-widget elementor-widget-divider\" data-id=\"d322d44\" data-element_type=\"widget\" data-e-type=\"widget\" data-settings=\"{&quot;_animation&quot;:&quot;fadeIn&quot;,&quot;_animation_delay&quot;:200}\" data-widget_type=\"divider.default\">\n\t\t\t\t\t\t\t<div class=\"elementor-divider\">\n\t\t\t<span class=\"elementor-divider-separator\">\n\t\t\t\t\t\t<\/span>\n\t\t<\/div>\n\t\t\t\t\t\t<\/div>\n\t\t<div class=\"elementor-element elementor-element-a6fa459 e-con-full e-flex e-con e-child\" data-id=\"a6fa459\" data-element_type=\"container\" data-e-type=\"container\">\n\t\t\t\t<div class=\"elementor-element elementor-element-a7e68da elementor-icon-list--layout-inline elementor-list-item-link-full_width elementor-invisible elementor-widget elementor-widget-icon-list\" data-id=\"a7e68da\" data-element_type=\"widget\" data-e-type=\"widget\" data-settings=\"{&quot;_animation&quot;:&quot;fadeInUp&quot;,&quot;_animation_delay&quot;:400}\" data-widget_type=\"icon-list.default\">\n\t\t\t\t\t\t\t<ul class=\"elementor-icon-list-items elementor-inline-items\">\n\t\t\t\t\t\t\t<li class=\"elementor-icon-list-item elementor-inline-item\">\n\t\t\t\t\t\t\t\t\t\t\t<a href=\"\/de\/\">\n\n\t\t\t\t\t\t\t\t\t\t\t\t<span class=\"elementor-icon-list-icon\">\n\t\t\t\t\t\t\t<svg aria-hidden=\"true\" class=\"e-font-icon-svg e-fas-home\" viewbox=\"0 0 576 512\" xmlns=\"http:\/\/www.w3.org\/2000\/svg\"><path d=\"M280.37 148.26L96 300.11V464a16 16 0 0 0 16 16l112.06-.29a16 16 0 0 0 15.92-16V368a16 16 0 0 1 16-16h64a16 16 0 0 1 16 16v95.64a16 16 0 0 0 16 16.05L464 480a16 16 0 0 0 16-16V300L295.67 148.26a12.19 12.19 0 0 0-15.3 0zM571.6 251.47L488 182.56V44.05a12 12 0 0 0-12-12h-56a12 12 0 0 0-12 12v72.61L318.47 43a48 48 0 0 0-61 0L4.34 251.47a12 12 0 0 0-1.6 16.9l25.5 31A12 12 0 0 0 45.15 301l235.22-193.74a12.19 12.19 0 0 1 15.3 0L530.9 301a12 12 0 0 0 16.9-1.6l25.5-31a12 12 0 0 0-1.7-16.93z\"><\/path><\/svg>\t\t\t\t\t\t<\/span>\n\t\t\t\t\t\t\t\t\t\t<span class=\"elementor-icon-list-text\">Startseite<\/span>\n\t\t\t\t\t\t\t\t\t\t\t<\/a>\n\t\t\t\t\t\t\t\t\t<\/li>\n\t\t\t\t\t\t\t\t<li class=\"elementor-icon-list-item elementor-inline-item\">\n\t\t\t\t\t\t\t\t\t\t\t<span class=\"elementor-icon-list-icon\">\n\t\t\t\t\t\t\t<svg aria-hidden=\"true\" class=\"e-font-icon-svg e-fas-angle-right\" viewbox=\"0 0 256 512\" xmlns=\"http:\/\/www.w3.org\/2000\/svg\"><path d=\"M224.3 273l-136 136c-9.4 9.4-24.6 9.4-33.9 0l-22.6-22.6c-9.4-9.4-9.4-24.6 0-33.9l96.4-96.4-96.4-96.4c-9.4-9.4-9.4-24.6 0-33.9L54.3 103c9.4-9.4 24.6-9.4 33.9 0l136 136c9.5 9.4 9.5 24.6.1 34z\"><\/path><\/svg>\t\t\t\t\t\t<\/span>\n\t\t\t\t\t\t\t\t\t\t<span class=\"elementor-icon-list-text\"><\/span>\n\t\t\t\t\t\t\t\t\t<\/li>\n\t\t\t\t\t\t<\/ul>\n\t\t\t\t\t\t<\/div>\n\t\t\t\t<\/div>\n\t\t\t\t<\/div>\n\t\t\t\t\t<\/div>\n\t\t\t\t<\/div>\n\t\t<div class=\"elementor-element elementor-element-c641758 e-flex e-con-boxed e-con e-parent\" data-id=\"c641758\" data-element_type=\"container\" data-e-type=\"container\">\n\t\t\t\t\t<div class=\"e-con-inner\">\n\t\t\t\t<div class=\"elementor-element elementor-element-daf26f9 elementor-widget elementor-widget-text-editor\" data-id=\"daf26f9\" data-element_type=\"widget\" data-e-type=\"widget\" data-widget_type=\"text-editor.default\">\n\t\t\t\t\t\t\t\t\t<p>Zuletzt aktualisiert: November 24, 2025<\/p><p>Diese Datenschutzrichtlinie beschreibt unsere Richtlinien und Verfahren f\u00fcr die Erfassung, Verwendung und Offenlegung Ihrer Daten, wenn Sie den Dienst nutzen, und informiert Sie \u00fcber Ihre Datenschutzrechte und dar\u00fcber, wie das Gesetz Sie sch\u00fctzt.<\/p><p>Wir verwenden Ihre pers\u00f6nlichen Daten zur Bereitstellung und Verbesserung des Dienstes. Durch die Nutzung des Dienstes erkl\u00e4ren Sie sich mit der Erfassung und Nutzung von Informationen in \u00dcbereinstimmung mit dieser Datenschutzrichtlinie einverstanden.<\/p><h2>Auslegung und Definitionen<\/h2><h3>Auslegung<\/h3><p>Die W\u00f6rter, deren Anfangsbuchstaben gro\u00df geschrieben sind, haben die unter den nachstehenden Bedingungen definierte Bedeutung. Die folgenden Definitionen haben dieselbe Bedeutung, unabh\u00e4ngig davon, ob sie im Singular oder im Plural stehen.<\/p><h3>Definitionen<\/h3><p>F\u00fcr die Zwecke dieser Datenschutzrichtlinie:<\/p><ul><li><strong>Konto<\/strong> bedeutet ein einzigartiges Konto, das f\u00fcr Sie erstellt wurde, um auf unseren Service oder Teile davon zuzugreifen.<\/li><li><strong>Tochtergesellschaft<\/strong> bedeutet ein Unternehmen, das eine Partei beherrscht, von ihr beherrscht wird oder mit ihr unter gemeinsamer Beherrschung steht, wobei \u201cBeherrschung\u201d den Besitz von 50% oder mehr der Aktien, Kapitalanteile oder anderen Wertpapiere bedeutet, die zur Wahl von Direktoren oder anderen leitenden Angestellten berechtigt sind.<\/li><li><strong>Unternehmen<\/strong> (in diesem Vertrag entweder als \u201cdas Unternehmen\u201d, \u201cwir\u201d, \u201cuns\u201d oder \u201cunser\u201d bezeichnet) bezieht sich auf StarFarm, Nr. 33, Xiaohang Road, Yuhuatai District, Nanjing City, Provinz Jiangsu, China.<\/li><li><strong>Cookies<\/strong> sind kleine Dateien, die von einer Website auf Ihrem Computer, Ihrem Mobilger\u00e4t oder einem anderen Ger\u00e4t gespeichert werden und unter anderem Angaben zu Ihrem Browserverlauf auf dieser Website enthalten.<\/li><li><strong>Land<\/strong> bezieht sich auf: China<\/li><li><strong>Ger\u00e4t<\/strong> ist jedes Ger\u00e4t, das auf den Dienst zugreifen kann, wie z. B. ein Computer, ein Mobiltelefon oder ein digitales Tablet.<\/li><li><strong>Pers\u00f6nliche Daten<\/strong> ist jede Information, die sich auf eine identifizierte oder identifizierbare Person bezieht.<\/li><li><strong>Dienst<\/strong> bezieht sich auf die Website.<\/li><li><strong>Dienstanbieter<\/strong> bezeichnet jede nat\u00fcrliche oder juristische Person, die die Daten im Auftrag des Unternehmens verarbeitet. Der Begriff bezieht sich auf Drittunternehmen oder Einzelpersonen, die vom Unternehmen angestellt sind, um den Dienst zu erleichtern, den Dienst im Namen des Unternehmens bereitzustellen, Dienstleistungen im Zusammenhang mit dem Dienst zu erbringen oder das Unternehmen bei der Analyse der Nutzung des Dienstes zu unterst\u00fctzen.<\/li><li><strong>Verwendungsdaten<\/strong> bezieht sich auf automatisch erfasste Daten, die entweder durch die Nutzung des Dienstes oder durch die Infrastruktur des Dienstes selbst erzeugt werden (z. B. die Dauer eines Seitenbesuchs).<\/li><li><strong>Website<\/strong> bezieht sich auf StarFarm, erreichbar \u00fcber <a href=\"https:\/\/starfarmtech.com\/de\/\" target=\"_blank\" rel=\"external nofollow noopener\">https:\/\/starfarmtech.com<\/a><\/li><li><strong>Sie<\/strong> bezeichnet die Person, die auf den Dienst zugreift oder ihn nutzt, bzw. das Unternehmen oder eine andere juristische Person, in deren Namen eine solche Person auf den Dienst zugreift oder ihn nutzt, je nach Fall.<\/li><\/ul><h2>Erfassung und Verwendung Ihrer pers\u00f6nlichen Daten<\/h2><h3>Arten von gesammelten Daten<\/h3><h4>Pers\u00f6nliche Daten<\/h4><p>W\u00e4hrend der Nutzung unseres Dienstes k\u00f6nnen wir Sie bitten, uns bestimmte personenbezogene Daten mitzuteilen, die dazu verwendet werden k\u00f6nnen, Sie zu kontaktieren oder zu identifizieren. Pers\u00f6nlich identifizierbare Informationen k\u00f6nnen unter anderem sein:<\/p><ul><li>E-Mail Adresse<\/li><li>Vorname und Nachname<\/li><li>Rufnummer<\/li><li>Adresse, Bundesland, Provinz, Postleitzahl, Ort<\/li><li>Verwendungsdaten<\/li><\/ul><h4>Verwendungsdaten<\/h4><p>Nutzungsdaten werden bei der Nutzung des Dienstes automatisch erfasst.<\/p><p>Zu den Nutzungsdaten k\u00f6nnen Informationen wie die Internetprotokolladresse Ihres Ger\u00e4ts (z. B. IP-Adresse), der Browsertyp, die Browserversion, die von Ihnen besuchten Seiten unseres Dienstes, die Uhrzeit und das Datum Ihres Besuchs, die auf diesen Seiten verbrachte Zeit, eindeutige Ger\u00e4tekennungen und andere Diagnosedaten geh\u00f6ren.<\/p><p>Wenn Sie mit oder \u00fcber ein mobiles Ger\u00e4t auf den Dienst zugreifen, k\u00f6nnen wir bestimmte Informationen automatisch erfassen, einschlie\u00dflich, aber nicht beschr\u00e4nkt auf die Art des von Ihnen verwendeten mobilen Ger\u00e4ts, die eindeutige ID Ihres mobilen Ger\u00e4ts, die IP-Adresse Ihres mobilen Ger\u00e4ts, Ihr mobiles Betriebssystem, die Art des von Ihnen verwendeten mobilen Internetbrowsers, eindeutige Ger\u00e4tekennungen und andere Diagnosedaten.<\/p><p>Wir k\u00f6nnen auch Informationen erfassen, die Ihr Browser sendet, wenn Sie unseren Dienst besuchen oder wenn Sie \u00fcber ein mobiles Ger\u00e4t auf den Dienst zugreifen.<\/p><h4>Tracking-Technologien und Cookies<\/h4><p>Wir verwenden Cookies und \u00e4hnliche Tracking-Technologien, um die Aktivit\u00e4ten auf Unserem Dienst zu verfolgen und bestimmte Informationen zu speichern. Zu den von uns verwendeten Tracking-Technologien geh\u00f6ren Beacons, Tags und Skripte, um Informationen zu sammeln und zu verfolgen und um unseren Dienst zu verbessern und zu analysieren. Zu den von uns verwendeten Technologien k\u00f6nnen geh\u00f6ren:<\/p><ul><li><strong>Cookies oder Browser-Cookies.<\/strong> Ein Cookie ist eine kleine Datei, die auf Ihrem Ger\u00e4t abgelegt wird. Sie k\u00f6nnen Ihren Browser anweisen, alle Cookies abzulehnen oder anzuzeigen, wenn ein Cookie gesendet wird. Wenn Sie jedoch keine Cookies akzeptieren, k\u00f6nnen Sie m\u00f6glicherweise einige Teile unseres Dienstes nicht nutzen. Sofern Sie Ihren Browser nicht so eingestellt haben, dass er Cookies ablehnt, kann unser Dienst Cookies verwenden.<\/li><li><strong>Web Beacons.<\/strong> Bestimmte Bereiche unseres Dienstes und unserer E-Mails k\u00f6nnen kleine elektronische Dateien enthalten, die als Web-Beacons (auch als Clear Gifs, Pixel-Tags und Single-Pixel-Gifs bezeichnet) bekannt sind und die es dem Unternehmen beispielsweise erm\u00f6glichen, die Nutzer zu z\u00e4hlen, die diese Seiten besucht oder eine E-Mail ge\u00f6ffnet haben, sowie andere damit verbundene Website-Statistiken zu erstellen (z. B. die Aufzeichnung der Beliebtheit eines bestimmten Bereichs und die \u00dcberpr\u00fcfung der System- und Serverintegrit\u00e4t).<\/li><\/ul><p>Cookies k\u00f6nnen \u201cdauerhafte\u201d oder \u201cSitzungs\u201d-Cookies sein. Dauerhafte Cookies verbleiben auf Ihrem Computer oder Mobilger\u00e4t, wenn Sie offline gehen, w\u00e4hrend Sitzungscookies gel\u00f6scht werden, sobald Sie Ihren Webbrowser schlie\u00dfen.<\/p><p>Wir verwenden sowohl Sitzungscookies als auch dauerhafte Cookies f\u00fcr die unten genannten Zwecke:<\/p><ul><li><strong>Notwendige \/ essentielle Cookies<\/strong><p>Typ: Session-Cookies<\/p><p>Verwaltet von: Us<\/p><p>Zweck: Diese Cookies sind unerl\u00e4sslich, um Ihnen die \u00fcber die Website verf\u00fcgbaren Dienste zur Verf\u00fcgung zu stellen und Ihnen die Nutzung einiger ihrer Funktionen zu erm\u00f6glichen. Sie helfen bei der Authentifizierung von Benutzern und verhindern die betr\u00fcgerische Nutzung von Benutzerkonten. Ohne diese Cookies k\u00f6nnen die von Ihnen angeforderten Dienste nicht bereitgestellt werden, und wir verwenden diese Cookies nur, um Ihnen diese Dienste zur Verf\u00fcgung zu stellen.<\/p><\/li><li><strong>Cookies Politik \/ Hinweis Akzeptanz Cookies<\/strong><p>Typ: Dauerhafte Cookies<\/p><p>Verwaltet von: Us<\/p><p>Zweck: Diese Cookies zeigen an, ob die Nutzer die Verwendung von Cookies auf der Website akzeptiert haben.<\/p><\/li><li><strong>Funktionalit\u00e4t Cookies<\/strong><p>Typ: Dauerhafte Cookies<\/p><p>Verwaltet von: Us<\/p><p>Zweck: Diese Cookies erm\u00f6glichen es uns, die von Ihnen bei der Nutzung der Website getroffenen Entscheidungen zu speichern, z. B. Ihre Anmeldedaten oder Ihre Spracheinstellung. Der Zweck dieser Cookies ist es, Ihnen eine pers\u00f6nlichere Erfahrung zu bieten und zu vermeiden, dass Sie Ihre Einstellungen jedes Mal neu eingeben m\u00fcssen, wenn Sie die Website nutzen.<\/p><\/li><\/ul><p>Weitere Informationen \u00fcber die von uns verwendeten Cookies und Ihre Wahlm\u00f6glichkeiten in Bezug auf Cookies finden Sie in unserer Cookie-Richtlinie oder im Abschnitt Cookies unserer Datenschutzrichtlinie.<\/p><h3>Verwendung Ihrer pers\u00f6nlichen Daten<\/h3><p>Das Unternehmen kann personenbezogene Daten f\u00fcr die folgenden Zwecke verwenden:<\/p><ul><li><strong>Zur Bereitstellung und Aufrechterhaltung unseres Dienstes<\/strong>, einschlie\u00dflich der \u00dcberwachung der Nutzung unseres Dienstes.<\/li><li><strong>Um Ihr Konto zu verwalten:<\/strong> um Ihre Registrierung als Nutzer des Dienstes zu verwalten. Die von Ihnen bereitgestellten personenbezogenen Daten k\u00f6nnen Ihnen Zugang zu verschiedenen Funktionen des Dienstes geben, die Ihnen als registriertem Nutzer zur Verf\u00fcgung stehen.<\/li><li><strong>F\u00fcr die Erf\u00fcllung eines Vertrages:<\/strong> die Entwicklung, Einhaltung und Durchf\u00fchrung des Kaufvertrags f\u00fcr die Produkte, Artikel oder Dienstleistungen, die Sie gekauft haben, oder eines anderen Vertrags mit uns \u00fcber den Dienst.<\/li><li><strong>Sie zu kontaktieren:<\/strong> Sie per E-Mail, Telefonanrufe, SMS oder andere gleichwertige Formen der elektronischen Kommunikation zu kontaktieren, wie z. B. Push-Benachrichtigungen einer mobilen Anwendung in Bezug auf Aktualisierungen oder informative Mitteilungen im Zusammenhang mit den Funktionen, Produkten oder vertraglich vereinbarten Diensten, einschlie\u00dflich der Sicherheitsaktualisierungen, wenn dies f\u00fcr ihre Durchf\u00fchrung notwendig oder angemessen ist.<\/li><li><strong>F\u00fcr Sie<\/strong> mit Neuigkeiten, Sonderangeboten und allgemeinen Informationen \u00fcber andere von uns angebotene Waren, Dienstleistungen und Veranstaltungen, die denen \u00e4hnlich sind, die Sie bereits gekauft oder angefragt haben, es sei denn, Sie haben sich gegen den Erhalt solcher Informationen entschieden.<\/li><li><strong>Um Ihre Anfragen zu verwalten:<\/strong> Um Ihre Anfragen an uns zu bearbeiten und zu verwalten.<\/li><li><strong>F\u00fcr Unternehmens\u00fcbertragungen:<\/strong> Wir k\u00f6nnen Ihre Informationen verwenden, um eine Fusion, Ver\u00e4u\u00dferung, Umstrukturierung, Reorganisation, Aufl\u00f6sung oder einen anderen Verkauf oder eine \u00dcbertragung einiger oder aller unserer Verm\u00f6genswerte zu bewerten oder durchzuf\u00fchren, sei es als laufendes Unternehmen oder als Teil eines Konkurses, einer Liquidation oder eines \u00e4hnlichen Verfahrens, bei dem pers\u00f6nliche Daten, die wir \u00fcber unsere Dienstnutzer besitzen, zu den \u00fcbertragenen Verm\u00f6genswerten geh\u00f6ren.<\/li><li><strong>F\u00fcr andere Zwecke<\/strong>: Wir k\u00f6nnen Ihre Daten f\u00fcr andere Zwecke verwenden, wie z.B. zur Datenanalyse, zur Ermittlung von Nutzungstrends, zur Bestimmung der Wirksamkeit unserer Werbekampagnen und zur Bewertung und Verbesserung unseres Dienstes, unserer Produkte, Dienstleistungen, unseres Marketings und Ihrer Erfahrungen.<\/li><\/ul><p>Wir k\u00f6nnen Ihre personenbezogenen Daten in den folgenden Situationen weitergeben:<\/p><ul><li><strong>Mit Dienstleistern:<\/strong> Wir k\u00f6nnen Ihre pers\u00f6nlichen Daten an Dienstanbieter weitergeben, um die Nutzung unseres Dienstes zu \u00fcberwachen und zu analysieren und um Sie zu kontaktieren.<\/li><li><strong>F\u00fcr Unternehmens\u00fcbertragungen:<\/strong> Wir k\u00f6nnen Ihre pers\u00f6nlichen Daten in Verbindung mit oder w\u00e4hrend der Verhandlungen \u00fcber eine Fusion, den Verkauf von Unternehmensverm\u00f6gen, eine Finanzierung oder die \u00dcbernahme unseres gesamten oder eines Teils unseres Unternehmens durch ein anderes Unternehmen weitergeben oder \u00fcbertragen.<\/li><li><strong>Mit verbundenen Unternehmen:<\/strong> Wir k\u00f6nnen Ihre Daten an unsere verbundenen Unternehmen weitergeben; in diesem Fall verpflichten wir diese verbundenen Unternehmen, diese Datenschutzrichtlinie einzuhalten. Zu den verbundenen Unternehmen geh\u00f6ren unsere Muttergesellschaft und alle anderen Tochtergesellschaften, Joint-Venture-Partner oder andere Unternehmen, die wir kontrollieren oder die unter gemeinsamer Kontrolle mit uns stehen.<\/li><li><strong>Mit Gesch\u00e4ftspartnern:<\/strong> Wir k\u00f6nnen Ihre Informationen an unsere Gesch\u00e4ftspartner weitergeben, um Ihnen bestimmte Produkte, Dienstleistungen oder Werbeaktionen anzubieten.<\/li><li><strong>Mit anderen Benutzern:<\/strong> Wenn Sie pers\u00f6nliche Informationen weitergeben oder auf andere Weise in den \u00f6ffentlichen Bereichen mit anderen Nutzern interagieren, k\u00f6nnen diese Informationen von allen Nutzern eingesehen und \u00f6ffentlich nach au\u00dfen verbreitet werden.<\/li><li><strong>Mit Ihrer Zustimmung<\/strong>: Wir k\u00f6nnen Ihre pers\u00f6nlichen Daten mit Ihrer Zustimmung f\u00fcr jeden anderen Zweck weitergeben.<\/li><\/ul><h3>Aufbewahrung Ihrer pers\u00f6nlichen Daten<\/h3><p>Das Unternehmen wird Ihre pers\u00f6nlichen Daten nur so lange aufbewahren, wie es f\u00fcr die in dieser Datenschutzrichtlinie genannten Zwecke erforderlich ist. Wir werden Ihre personenbezogenen Daten in dem Umfang aufbewahren und verwenden, der erforderlich ist, um unseren rechtlichen Verpflichtungen nachzukommen (z. B. wenn wir Ihre Daten aufbewahren m\u00fcssen, um geltende Gesetze einzuhalten), Streitigkeiten beizulegen und unsere rechtlichen Vereinbarungen und Richtlinien durchzusetzen.<\/p><p>Das Unternehmen speichert die Nutzungsdaten auch f\u00fcr interne Analysezwecke. Nutzungsdaten werden in der Regel f\u00fcr einen k\u00fcrzeren Zeitraum aufbewahrt, es sei denn, diese Daten werden verwendet, um die Sicherheit oder die Funktionalit\u00e4t unseres Dienstes zu verbessern, oder wir sind gesetzlich verpflichtet, diese Daten f\u00fcr l\u00e4ngere Zeitr\u00e4ume aufzubewahren.<\/p><h3>\u00dcbermittlung Ihrer pers\u00f6nlichen Daten<\/h3><p>Ihre Informationen, einschlie\u00dflich personenbezogener Daten, werden in den Betriebsb\u00fcros des Unternehmens und an anderen Orten verarbeitet, an denen sich die an der Verarbeitung beteiligten Parteien befinden. Das bedeutet, dass diese Informationen an Computer au\u00dferhalb Ihres Staates, Ihrer Provinz, Ihres Landes oder einer anderen staatlichen Gerichtsbarkeit, in der die Datenschutzgesetze von denen Ihrer Gerichtsbarkeit abweichen k\u00f6nnen, \u00fcbertragen und dort gespeichert werden k\u00f6nnen.<\/p><p>Mit Ihrer Zustimmung zu dieser Datenschutzrichtlinie und der anschlie\u00dfenden \u00dcbermittlung solcher Informationen erkl\u00e4ren Sie sich mit dieser \u00dcbertragung einverstanden.<\/p><p>Das Unternehmen wird alle angemessenen Schritte unternehmen, um sicherzustellen, dass Ihre Daten sicher und in \u00dcbereinstimmung mit dieser Datenschutzrichtlinie behandelt werden, und es wird keine \u00dcbermittlung Ihrer pers\u00f6nlichen Daten an eine Organisation oder ein Land stattfinden, wenn nicht angemessene Kontrollen vorhanden sind, die die Sicherheit Ihrer Daten und anderer pers\u00f6nlicher Informationen einschlie\u00dfen.<\/p><h3>L\u00f6schen Sie Ihre pers\u00f6nlichen Daten<\/h3><p>Sie haben das Recht, die pers\u00f6nlichen Daten, die wir \u00fcber Sie gesammelt haben, zu l\u00f6schen oder von uns Unterst\u00fctzung bei der L\u00f6schung zu verlangen.<\/p><p>Unser Service kann Ihnen die M\u00f6glichkeit geben, bestimmte Informationen \u00fcber Sie innerhalb des Service zu l\u00f6schen.<\/p><p>You may update, amend, or delete Your information at any time by signing in to Your Account, if you have one, and visiting the account settings section that allows you to manage Your personal information. You may also contact Us to request access to, correct, or delete any personal information that You have provided to Us.<\/p><p>Please note, however, that We may need to retain certain information when we have a legal obligation or lawful basis to do so.<\/p><h3>Disclosure of Your Personal Data<\/h3><h4>Business Transactions<\/h4><p>If the Company is involved in a merger, acquisition or asset sale, Your Personal Data may be transferred. We will provide notice before Your Personal Data is transferred and becomes subject to a different Privacy Policy.<\/p><h4>Law enforcement<\/h4><p>Under certain circumstances, the Company may be required to disclose Your Personal Data if required to do so by law or in response to valid requests by public authorities (e.g. a court or a government agency).<\/p><h4>Other legal requirements<\/h4><p>The Company may disclose Your Personal Data in the good faith belief that such action is necessary to:<\/p><ul><li>Comply with a legal obligation<\/li><li>Protect and defend the rights or property of the Company<\/li><li>Prevent or investigate possible wrongdoing in connection with the Service<\/li><li>Protect the personal safety of Users of the Service or the public<\/li><li>Protect against legal liability<\/li><\/ul><h3>Security of Your Personal Data<\/h3><p>The security of Your Personal Data is important to Us, but remember that no method of transmission over the Internet, or method of electronic storage is 100% secure. While We strive to use commercially reasonable means to protect Your Personal Data, We cannot guarantee its absolute security.<\/p><h2>Children&#8217;s Privacy<\/h2><p>Our Service does not address anyone under the age of 13. We do not knowingly collect personally identifiable information from anyone under the age of 13. If You are a parent or guardian and You are aware that Your child has provided Us with Personal Data, please contact Us. If We become aware that We have collected Personal Data from anyone under the age of 13 without verification of parental consent, We take steps to remove that information from Our servers.<\/p><p>If We need to rely on consent as a legal basis for processing Your information and Your country requires consent from a parent, We may require Your parent&#8217;s consent before We collect and use that information.<\/p><h2>Links to Other Websites<\/h2><p>Our Service may contain links to other websites that are not operated by Us. If You click on a third party link, You will be directed to that third party&#8217;s site. We strongly advise You to review the Privacy Policy of every site You visit.<\/p><p>We have no control over and assume no responsibility for the content, privacy policies or practices of any third party sites or services.<\/p><h2>Changes to this Privacy Policy<\/h2><p>We may update Our Privacy Policy from time to time. We will notify You of any changes by posting the new Privacy Policy on this page.<\/p><p>We will let You know via email and\/or a prominent notice on Our Service, prior to the change becoming effective and update the &#8220;Last updated&#8221; date at the top of this Privacy Policy.<\/p><p>You are advised to review this Privacy Policy periodically for any changes. Changes to this Privacy Policy are effective when they are posted on this page.<\/p><h2>Kontakt<\/h2><p>If you have any questions about this Privacy Policy, You can contact us:<\/p><ul><li>By email: vincentzhao@starfarmtech.com<\/li><li>By visiting this page on our website: <a href=\"https:\/\/starfarmtech.com\/de\/contact-us\/\" target=\"_blank\" rel=\"external nofollow noopener\">https:\/\/starfarmtech.com\/contact-us\/<\/a><\/li><li>By phone: +8618013910817<\/li><\/ul>\t\t\t\t\t\t\t\t<\/div>\n\t\t\t\t\t<\/div>\n\t\t\t\t<\/div>\n\t\t\t\t<\/div>","protected":false},"excerpt":{"rendered":"<p>Home Last updated: November 24, 2025 This Privacy Policy describes Our policies and procedures on the collection, use and disclosure of Your information when You use the Service and tells You about Your privacy rights and how the law protects You. We use Your Personal data to provide and improve the Service. By using the [&hellip;]<\/p>\n","protected":false},"author":1,"featured_media":0,"parent":0,"menu_order":0,"comment_status":"closed","ping_status":"open","template":"","meta":{"footnotes":""},"class_list":["post-3","page","type-page","status-publish","hentry"],"_links":{"self":[{"href":"https:\/\/starfarmtech.com\/de\/wp-json\/wp\/v2\/pages\/3","targetHints":{"allow":["GET"]}}],"collection":[{"href":"https:\/\/starfarmtech.com\/de\/wp-json\/wp\/v2\/pages"}],"about":[{"href":"https:\/\/starfarmtech.com\/de\/wp-json\/wp\/v2\/types\/page"}],"author":[{"embeddable":true,"href":"https:\/\/starfarmtech.com\/de\/wp-json\/wp\/v2\/users\/1"}],"replies":[{"embeddable":true,"href":"https:\/\/starfarmtech.com\/de\/wp-json\/wp\/v2\/comments?post=3"}],"version-history":[{"count":0,"href":"https:\/\/starfarmtech.com\/de\/wp-json\/wp\/v2\/pages\/3\/revisions"}],"wp:attachment":[{"href":"https:\/\/starfarmtech.com\/de\/wp-json\/wp\/v2\/media?parent=3"}],"curies":[{"name":"wp","href":"https:\/\/api.w.org\/{rel}","templated":true}]}}